{"id":28426,"date":"2026-03-30T00:09:05","date_gmt":"2026-03-29T23:09:05","guid":{"rendered":"https:\/\/bigbuy.tupique.com\/produto\/stick-vacuum-cleaner-shark-3\/"},"modified":"2026-05-11T20:01:40","modified_gmt":"2026-05-11T18:01:40","slug":"stick-vacuum-cleaner-shark-3","status":"publish","type":"product","link":"https:\/\/bigbuy.tupique.com\/en\/produto\/stick-vacuum-cleaner-shark-3\/","title":{"rendered":"Aspirateur balai Shark"},"content":{"rendered":"<p>Si vous \u00eates \u00e0 la recherche de nouvelles tendances sur le march\u00e9, nous vous pr\u00e9sentons <b>Aspirateur balai Shark<\/b> !<\/p>\n<p>Le <b>SHARK Stratos IZ400EU<\/b> est un <b>aspirateur balai sans fil<\/b> con\u00e7u pour offrir un nettoyage efficace et confortable \u00e0 la maison. \u00c9quip\u00e9 de la technologie <b>DuoClean + PowerFins Plus<\/b>, ce mod\u00e8le combine deux brosses sp\u00e9cialement con\u00e7ues pour capturer les particules fines et ramasser la salet\u00e9 incrust\u00e9e sur diff\u00e9rents types de surfaces, des sols durs aux tapis, garantissant un nettoyage en profondeur. Sa <b>buse \u00e9troite<\/b> facilite l\u2019acc\u00e8s aux coins et espaces r\u00e9duits o\u00f9 la poussi\u00e8re s\u2019accumule souvent, am\u00e9liorant ainsi la polyvalence de l\u2019appareil. Il fonctionne avec une <b>batterie rechargeable<\/b>, offrant une libert\u00e9 totale de mouvement sans c\u00e2ble g\u00eanant, et est livr\u00e9 avec un <b>chargeur<\/b> pour garder l\u2019aspirateur toujours pr\u00eat \u00e0 l\u2019emploi. C\u00f4t\u00e9 design, il est disponible en plusieurs teintes, dont le <b>rouge<\/b>, le <b>rose<\/b> et un \u00e9l\u00e9gant <b>rose gold<\/b>, apportant une touche moderne et sophistiqu\u00e9e \u00e0 cet appareil. De plus, il int\u00e8gre un <b>\u00e9clairage LED<\/b> sur la t\u00eate d\u2019aspiration, une fonction pratique qui permet de mieux voir la poussi\u00e8re et la salet\u00e9 dans les zones peu \u00e9clair\u00e9es, facilitant un nettoyage plus pr\u00e9cis. L\u2019ensemble de ces fonctionnalit\u00e9s et finitions positionne le SHARK Stratos IZ400EU comme une option \u00e9quilibr\u00e9e pour ceux qui recherchent un appareil puissant, confortable et esth\u00e9tiquement soign\u00e9 pour l\u2019entretien quotidien de leurs espaces.<\/p>\n<ul>\n<li>Produit \u00e0 brancher: Oui<\/li>\n<li>Type:\n<ul>\n<li>Aspirateur balai<\/li>\n<li>Sec<\/li>\n<\/ul>\n<\/li>\n<li>Type de prise: Prise EU<\/li>\n<li>Bloc d\u2019Alimentation:\n<ul>\n<li>r\u00e9seau \u00e9lectrique<\/li>\n<li>Batterie<\/li>\n<\/ul>\n<\/li>\n<li>Couleur:\n<ul>\n<li>Rouge<\/li>\n<li>Rose<\/li>\n<li>noir<\/li>\n<li>Rose Gold<\/li>\n<\/ul>\n<\/li>\n<li>Tension: 25,2 V<\/li>\n<li>Caract\u00e9ristiques: Buse \u00e9troite<\/li>\n<li>Forme: Rectangulaire<\/li>\n<li>Piles incluses: Oui<\/li>\n<li>Autonomie approx.: 1 heure<\/li>\n<li>Fonctionne \u00e0 piles: 1 Litio Ion, incluidas<\/li>\n<li>Facteur de forme: Vertical<\/li>\n<li>Inclut: Chargeur<\/li>\n<\/ul>","protected":false},"excerpt":{"rendered":"<p>Si vous \u00eates \u00e0 la recherche de nouvelles tendances sur le march\u00e9, nous vous pr\u00e9sentons Aspirateur balai Shark ! Le SHARK Stratos IZ400EU est un aspirateur balai sans fil con\u00e7u pour offrir un nettoyage efficace et confortable \u00e0 la maison. \u00c9quip\u00e9 de la technologie DuoClean + PowerFins Plus, ce mod\u00e8le combine deux brosses sp\u00e9cialement con\u00e7ues [&hellip;]<\/p>\n","protected":false},"featured_media":28420,"comment_status":"open","ping_status":"closed","template":"","meta":[],"product_brand":[1078],"product_cat":[762,239,240],"product_tag":[59,56,210],"class_list":{"0":"post-28426","1":"product","2":"type-product","3":"status-publish","4":"has-post-thumbnail","6":"product_brand-brandp_5354","7":"product_cat-aspirateurs-et-robots","8":"product_cat-maison-jardin","9":"product_cat-nettoyage-aspirateur-et-repassage","10":"product_tag-tag_1304","11":"product_tag-tag_930","12":"product_tag-tag_25","14":"first","15":"instock","16":"taxable","17":"shipping-taxable","18":"purchasable","19":"product-type-simple"},"_links":{"self":[{"href":"https:\/\/bigbuy.tupique.com\/en\/wp-json\/wp\/v2\/product\/28426","targetHints":{"allow":["GET"]}}],"collection":[{"href":"https:\/\/bigbuy.tupique.com\/en\/wp-json\/wp\/v2\/product"}],"about":[{"href":"https:\/\/bigbuy.tupique.com\/en\/wp-json\/wp\/v2\/types\/product"}],"replies":[{"embeddable":true,"href":"https:\/\/bigbuy.tupique.com\/en\/wp-json\/wp\/v2\/comments?post=28426"}],"wp:featuredmedia":[{"embeddable":true,"href":"https:\/\/bigbuy.tupique.com\/en\/wp-json\/wp\/v2\/media\/28420"}],"wp:attachment":[{"href":"https:\/\/bigbuy.tupique.com\/en\/wp-json\/wp\/v2\/media?parent=28426"}],"wp:term":[{"taxonomy":"product_brand","embeddable":true,"href":"https:\/\/bigbuy.tupique.com\/en\/wp-json\/wp\/v2\/product_brand?post=28426"},{"taxonomy":"product_cat","embeddable":true,"href":"https:\/\/bigbuy.tupique.com\/en\/wp-json\/wp\/v2\/product_cat?post=28426"},{"taxonomy":"product_tag","embeddable":true,"href":"https:\/\/bigbuy.tupique.com\/en\/wp-json\/wp\/v2\/product_tag?post=28426"}],"curies":[{"name":"wp","href":"https:\/\/api.w.org\/{rel}","templated":true}]}}