{"id":28358,"date":"2026-03-30T00:07:18","date_gmt":"2026-03-29T23:07:18","guid":{"rendered":"https:\/\/bigbuy.tupique.com\/produto\/headphones-sena\/"},"modified":"2026-04-16T20:56:37","modified_gmt":"2026-04-16T19:56:37","slug":"headphones-sena","status":"publish","type":"product","link":"https:\/\/bigbuy.tupique.com\/en\/produto\/headphones-sena\/","title":{"rendered":"Casque Sena"},"content":{"rendered":"<p>Si vous \u00eates \u00e0 la recherche de nouvelles tendances sur le march\u00e9, nous vous pr\u00e9sentons <b>Casque Sena<\/b> !<\/p>\n<p>Les <b>\u00e9couteurs<\/b> st\u00e9r\u00e9o SENA Nautitalk Bosun Duo repr\u00e9sentent une solution avanc\u00e9e pour les communications sans fil gr\u00e2ce \u00e0 leur technologie <b>Bluetooth<\/b>, qui assure une connexion stable et sans c\u00e2ble. Leur design en couleur <b>noir<\/b> offre polyvalence et style sobre, tandis que leur taille compacte de <b>7,5 cm x 7,5 cm<\/b> garantit confort et facilit\u00e9 d\u2019utilisation prolong\u00e9e. Ils int\u00e8grent un microphone pour une communication claire, id\u00e9al pour les activit\u00e9s mains libres ou les interactions fluides, comme en moto ou en milieu professionnel. Ces \u00e9couteurs se distinguent par une <b>autonomie impressionnante allant jusqu\u2019\u00e0 10 heures<\/b>, assurant une performance durable lors de longues journ\u00e9es sans recharge fr\u00e9quente. Ils disposent d\u2019une connectivit\u00e9 moderne via <b>USB-C<\/b> pour une charge rapide et efficace. De plus, leur port\u00e9e varie entre <b>800 et 1600 m\u00e8tres<\/b>, offrant une couverture large et fiable facilitant la communication \u00e0 distance en espaces ouverts ou en mouvement. Le design, la technologie et les fonctionnalit\u00e9s font des SENA Nautitalk Bosun Duo un appareil robuste et fonctionnel pour ceux qui recherchent des \u00e9couteurs Bluetooth avec microphone, alliant autonomie, connectivit\u00e9 avanc\u00e9e et grande port\u00e9e. Ce mod\u00e8le r\u00e9pond aux besoins de communication avanc\u00e9e, en \u00e9quilibrant confort, qualit\u00e9 audio et r\u00e9sistance des mat\u00e9riaux et composants.<\/p>\n<ul>\n<li>Type: Casque<\/li>\n<\/ul>","protected":false},"excerpt":{"rendered":"<p>Si vous \u00eates \u00e0 la recherche de nouvelles tendances sur le march\u00e9, nous vous pr\u00e9sentons Casque Sena ! Les \u00e9couteurs st\u00e9r\u00e9o SENA Nautitalk Bosun Duo repr\u00e9sentent une solution avanc\u00e9e pour les communications sans fil gr\u00e2ce \u00e0 leur technologie Bluetooth, qui assure une connexion stable et sans c\u00e2ble. Leur design en couleur noir offre polyvalence et [&hellip;]<\/p>\n","protected":false},"featured_media":28352,"comment_status":"open","ping_status":"closed","template":"","meta":[],"product_brand":[1242],"product_cat":[65,581,594],"product_tag":[213,59,566,106],"class_list":{"0":"post-28358","1":"product","2":"type-product","3":"status-publish","4":"has-post-thumbnail","6":"product_brand-brandp_6661","7":"product_cat-informatique-electronique","8":"product_cat-informatique-peripheriques-et-consommables","9":"product_cat-micros-et-ecouteurs","10":"product_tag-tag_933","11":"product_tag-tag_1304","12":"product_tag-tag_547","13":"product_tag-tag_1295","15":"first","16":"instock","17":"taxable","18":"shipping-taxable","19":"purchasable","20":"product-type-simple"},"_links":{"self":[{"href":"https:\/\/bigbuy.tupique.com\/en\/wp-json\/wp\/v2\/product\/28358","targetHints":{"allow":["GET"]}}],"collection":[{"href":"https:\/\/bigbuy.tupique.com\/en\/wp-json\/wp\/v2\/product"}],"about":[{"href":"https:\/\/bigbuy.tupique.com\/en\/wp-json\/wp\/v2\/types\/product"}],"replies":[{"embeddable":true,"href":"https:\/\/bigbuy.tupique.com\/en\/wp-json\/wp\/v2\/comments?post=28358"}],"wp:featuredmedia":[{"embeddable":true,"href":"https:\/\/bigbuy.tupique.com\/en\/wp-json\/wp\/v2\/media\/28352"}],"wp:attachment":[{"href":"https:\/\/bigbuy.tupique.com\/en\/wp-json\/wp\/v2\/media?parent=28358"}],"wp:term":[{"taxonomy":"product_brand","embeddable":true,"href":"https:\/\/bigbuy.tupique.com\/en\/wp-json\/wp\/v2\/product_brand?post=28358"},{"taxonomy":"product_cat","embeddable":true,"href":"https:\/\/bigbuy.tupique.com\/en\/wp-json\/wp\/v2\/product_cat?post=28358"},{"taxonomy":"product_tag","embeddable":true,"href":"https:\/\/bigbuy.tupique.com\/en\/wp-json\/wp\/v2\/product_tag?post=28358"}],"curies":[{"name":"wp","href":"https:\/\/api.w.org\/{rel}","templated":true}]}}