{"id":28295,"date":"2026-03-30T00:05:38","date_gmt":"2026-03-29T23:05:38","guid":{"rendered":"https:\/\/bigbuy.tupique.com\/produto\/electric-barbecue-braun-2200-w\/"},"modified":"2026-05-11T20:01:25","modified_gmt":"2026-05-11T18:01:25","slug":"electric-barbecue-braun-2200-w","status":"publish","type":"product","link":"https:\/\/bigbuy.tupique.com\/en\/produto\/electric-barbecue-braun-2200-w\/","title":{"rendered":"Barbecue \u00c9lectrique Braun 2200 W"},"content":{"rendered":"<p>Si vous \u00eates \u00e0 la recherche de nouvelles tendances sur le march\u00e9, nous vous pr\u00e9sentons <b>Barbecue \u00c9lectrique Braun 2200 W<\/b> !<\/p>\n<p>La <b>parrilla \u00e9lectrique Braun Multi Grill 9 Pro<\/b> est un appareil polyvalent con\u00e7u pour offrir une cuisson efficace et professionnelle \u00e0 domicile. \u00c9quip\u00e9e d\u2019une <b>puissance de 2200 W<\/b>, cette grill garantit un chauffage rapide et uniforme, permettant de pr\u00e9parer une grande vari\u00e9t\u00e9 d\u2019aliments avec des r\u00e9sultats constants. Fabriqu\u00e9e en <b>acier inoxydable<\/b>, elle allie durabilit\u00e9 et facilit\u00e9 de nettoyage, tout en apportant une finition \u00e9l\u00e9gante et moderne en noir et acier. Elle dispose de <b>3 positions de chauffe<\/b>, facilitant l\u2019ajustement de la temp\u00e9rature selon le type d\u2019aliment et le degr\u00e9 de cuisson souhait\u00e9, du grill doux \u00e0 une cuisson plus intense, s\u2019adaptant ainsi \u00e0 diff\u00e9rentes recettes et pr\u00e9f\u00e9rences. Son design \u00e9lectrique, compatible avec une <b>tension de 220-240 V<\/b>, assure une performance stable et s\u00fbre pour un usage domestique fr\u00e9quent. La Multi Grill 9 Pro est une grill multifonction qui permet de cuire viandes, l\u00e9gumes, poissons et autres ingr\u00e9dients avec un contr\u00f4le pr\u00e9cis, r\u00e9duisant le temps de pr\u00e9paration et am\u00e9liorant la ma\u00eetrise du processus de cuisson. Ce mod\u00e8le illustre l\u2019engagement de Braun pour l\u2019innovation dans les ustensiles de cuisine \u00e9lectriques, offrant une solution pratique et performante pour ceux qui recherchent qualit\u00e9 et polyvalence dans leurs m\u00e9thodes de cuisson.<\/p>\n<ul>\n<li>Produit \u00e0 brancher: Oui<\/li>\n<li>Type:\n<ul>\n<li>Barbecue \u00c9lectrique<\/li>\n<li>D\u00e9tachables<\/li>\n<\/ul>\n<\/li>\n<li>Type de prise: Prise EU<\/li>\n<li>Bloc d\u2019Alimentation: r\u00e9seau \u00e9lectrique<\/li>\n<li>Dimensions approx.: 51 x 42 x 26 cm<\/li>\n<li>Mati\u00e8re:\n<ul>\n<li>Acier inoxydable<\/li>\n<li>Aluminium<\/li>\n<\/ul>\n<\/li>\n<li>Caract\u00e9ristiques:\n<ul>\n<li>Avec couvercle<\/li>\n<li>Minuterie<\/li>\n<li>Thermostat programmable<\/li>\n<li>Anti-adh\u00e9rente<\/li>\n<li>Base antid\u00e9rapante<\/li>\n<li>\u00c9cran integr\u00e9<\/li>\n<li>Facile \u00e0 nettoyer<\/li>\n<li>Syst\u00e8me de chauffage ultra rapide<\/li>\n<li>Verrou de s\u00e9curit\u00e9<\/li>\n<li>Etuit \u00e0 paroi froide<\/li>\n<\/ul>\n<\/li>\n<li>Tension:\n<ul>\n<li>240 V<\/li>\n<li>220-240 V<\/li>\n<\/ul>\n<\/li>\n<li>Fr\u00e9quence: 50 &#8211; 60 Hz<\/li>\n<li>\u00c9lev\u00e9: 18 cm<\/li>\n<li>puissance: 2200 W<\/li>\n<li>Contr\u00f4le: Boutons, rotatif<\/li>\n<li>Facteur de forme: Rectangulaire<\/li>\n<\/ul>","protected":false},"excerpt":{"rendered":"<p>Si vous \u00eates \u00e0 la recherche de nouvelles tendances sur le march\u00e9, nous vous pr\u00e9sentons Barbecue \u00c9lectrique Braun 2200 W ! La parrilla \u00e9lectrique Braun Multi Grill 9 Pro est un appareil polyvalent con\u00e7u pour offrir une cuisson efficace et professionnelle \u00e0 domicile. \u00c9quip\u00e9e d\u2019une puissance de 2200 W, cette grill garantit un chauffage rapide [&hellip;]<\/p>\n","protected":false},"featured_media":28290,"comment_status":"open","ping_status":"closed","template":"","meta":[],"product_brand":[854],"product_cat":[60,77,1222],"product_tag":[390,55,59,56],"class_list":{"0":"post-28295","1":"product","2":"type-product","3":"status-publish","4":"has-post-thumbnail","6":"product_brand-brandp_906","7":"product_cat-cuisine-gourmet","8":"product_cat-petit-electromenager","9":"product_cat-planches-et-grils","10":"product_tag-tag_8","11":"product_tag-tag_926","12":"product_tag-tag_1304","13":"product_tag-tag_930","15":"first","16":"instock","17":"taxable","18":"shipping-taxable","19":"purchasable","20":"product-type-simple"},"_links":{"self":[{"href":"https:\/\/bigbuy.tupique.com\/en\/wp-json\/wp\/v2\/product\/28295","targetHints":{"allow":["GET"]}}],"collection":[{"href":"https:\/\/bigbuy.tupique.com\/en\/wp-json\/wp\/v2\/product"}],"about":[{"href":"https:\/\/bigbuy.tupique.com\/en\/wp-json\/wp\/v2\/types\/product"}],"replies":[{"embeddable":true,"href":"https:\/\/bigbuy.tupique.com\/en\/wp-json\/wp\/v2\/comments?post=28295"}],"wp:featuredmedia":[{"embeddable":true,"href":"https:\/\/bigbuy.tupique.com\/en\/wp-json\/wp\/v2\/media\/28290"}],"wp:attachment":[{"href":"https:\/\/bigbuy.tupique.com\/en\/wp-json\/wp\/v2\/media?parent=28295"}],"wp:term":[{"taxonomy":"product_brand","embeddable":true,"href":"https:\/\/bigbuy.tupique.com\/en\/wp-json\/wp\/v2\/product_brand?post=28295"},{"taxonomy":"product_cat","embeddable":true,"href":"https:\/\/bigbuy.tupique.com\/en\/wp-json\/wp\/v2\/product_cat?post=28295"},{"taxonomy":"product_tag","embeddable":true,"href":"https:\/\/bigbuy.tupique.com\/en\/wp-json\/wp\/v2\/product_tag?post=28295"}],"curies":[{"name":"wp","href":"https:\/\/api.w.org\/{rel}","templated":true}]}}