{"id":28122,"date":"2026-03-29T23:51:00","date_gmt":"2026-03-29T22:51:00","guid":{"rendered":"https:\/\/bigbuy.tupique.com\/produto\/car-chair-cybex-ocean-blue-0-de-0-a-13-kilos-childrens-ece-r129\/"},"modified":"2026-05-11T20:01:29","modified_gmt":"2026-05-11T18:01:29","slug":"car-chair-cybex-ocean-blue-0-de-0-a-13-kilos-childrens-ece-r129","status":"publish","type":"product","link":"https:\/\/bigbuy.tupique.com\/en\/produto\/car-chair-cybex-ocean-blue-0-de-0-a-13-kilos-childrens-ece-r129\/","title":{"rendered":"Si\u00e8ge de Voiture Cybex Ocean Blue 0+ (de 0 a 13 kilos) Enfant ECE R129"},"content":{"rendered":"<p>Si vous \u00eates \u00e0 la recherche de nouvelles tendances sur le march\u00e9, nous vous pr\u00e9sentons <b>Si\u00e8ge de Voiture Cybex Ocean Blue 0+ (de 0 a 13 kilos) Enfant ECE R129<\/b> !<\/p>","protected":false},"excerpt":{"rendered":"<p>Si vous \u00eates \u00e0 la recherche de nouvelles tendances sur le march\u00e9, nous vous pr\u00e9sentons Si\u00e8ge de Voiture Cybex Ocean Blue 0+ (de 0 a 13 kilos) Enfant ECE R129 !<\/p>","protected":false},"featured_media":28121,"comment_status":"open","ping_status":"closed","template":"","meta":[],"product_brand":[856],"product_cat":[750,251,157],"product_tag":[59,164],"class_list":{"0":"post-28122","1":"product","2":"type-product","3":"status-publish","4":"has-post-thumbnail","6":"product_brand-brandp_2860","7":"product_cat-balades-et-voyages","8":"product_cat-bebes-et-enfants","9":"product_cat-jouets-deguisements","10":"product_tag-tag_1304","11":"product_tag-tag_152","13":"first","14":"instock","15":"taxable","16":"shipping-taxable","17":"purchasable","18":"product-type-simple"},"_links":{"self":[{"href":"https:\/\/bigbuy.tupique.com\/en\/wp-json\/wp\/v2\/product\/28122","targetHints":{"allow":["GET"]}}],"collection":[{"href":"https:\/\/bigbuy.tupique.com\/en\/wp-json\/wp\/v2\/product"}],"about":[{"href":"https:\/\/bigbuy.tupique.com\/en\/wp-json\/wp\/v2\/types\/product"}],"replies":[{"embeddable":true,"href":"https:\/\/bigbuy.tupique.com\/en\/wp-json\/wp\/v2\/comments?post=28122"}],"wp:featuredmedia":[{"embeddable":true,"href":"https:\/\/bigbuy.tupique.com\/en\/wp-json\/wp\/v2\/media\/28121"}],"wp:attachment":[{"href":"https:\/\/bigbuy.tupique.com\/en\/wp-json\/wp\/v2\/media?parent=28122"}],"wp:term":[{"taxonomy":"product_brand","embeddable":true,"href":"https:\/\/bigbuy.tupique.com\/en\/wp-json\/wp\/v2\/product_brand?post=28122"},{"taxonomy":"product_cat","embeddable":true,"href":"https:\/\/bigbuy.tupique.com\/en\/wp-json\/wp\/v2\/product_cat?post=28122"},{"taxonomy":"product_tag","embeddable":true,"href":"https:\/\/bigbuy.tupique.com\/en\/wp-json\/wp\/v2\/product_tag?post=28122"}],"curies":[{"name":"wp","href":"https:\/\/api.w.org\/{rel}","templated":true}]}}