{"id":28115,"date":"2026-03-29T23:50:51","date_gmt":"2026-03-29T22:50:51","guid":{"rendered":"https:\/\/bigbuy.tupique.com\/produto\/electric-hair-remover-braun-2\/"},"modified":"2026-04-16T16:32:21","modified_gmt":"2026-04-16T15:32:21","slug":"electric-hair-remover-braun-2","status":"publish","type":"product","link":"https:\/\/bigbuy.tupique.com\/en\/produto\/electric-hair-remover-braun-2\/","title":{"rendered":"\u00c9pilateur \u00e9lectrique Braun"},"content":{"rendered":"<p>\u00c9pilateur \u00e9lectrique Braun est un produit exclusif de qualit\u00e9 pour le soin du corps. Si vous recherchez les meilleurs produits d\u2019hygi\u00e8ne personnelle, les produits Braun 100 % originaux sont exactement ce dont vous avez besoin.<\/p>\n<p>La <b>\u00e9pilateur \u00e9lectrique<\/b> \u00e0 lumi\u00e8re puls\u00e9e Braun PL3020 est un appareil con\u00e7u pour offrir une solution durable d\u2019\u00e9limination des poils du visage et du corps gr\u00e2ce \u00e0 la technologie IPL (Lumi\u00e8re Puls\u00e9e Intense). Ce mod\u00e8le se distingue par ses <b>300 000 impulsions<\/b> lumineuses, garantissant une longue dur\u00e9e et de nombreuses s\u00e9ances efficaces. \u00c9quip\u00e9 de <b>3 niveaux d\u2019intensit\u00e9<\/b>, il permet d\u2019adapter le traitement selon la sensibilit\u00e9 et le type de peau de l\u2019utilisateur, augmentant la s\u00e9curit\u00e9 et le confort d\u2019utilisation. L\u2019appareil fonctionne avec une large plage de tension de <b>100 &#8211; 240 V<\/b>, le rendant compatible avec diff\u00e9rents syst\u00e8mes \u00e9lectriques, et est fourni avec un <b>adaptateur de prise EU<\/b> pour une connexion imm\u00e9diate facile. Il pr\u00e9sente un design ergonomique de couleur <b>blanche<\/b>, accompagn\u00e9 d\u2019une <b>housse<\/b> pratique pour prot\u00e9ger l\u2019appareil et faciliter son transport ou rangement. Braun, reconnue pour sa fiabilit\u00e9 et sa qualit\u00e9, int\u00e8gre dans ce produit une technologie visant \u00e0 r\u00e9duire progressivement la repousse des poils, offrant une alternative confortable et professionnelle pour l\u2019\u00e9pilation \u00e0 domicile. La Braun PL3020 allie fonctionnalit\u00e9 technique et praticit\u00e9 dans un appareil pens\u00e9 pour ceux qui recherchent une m\u00e9thode efficace et adaptable d\u2019\u00e9pilation \u00e0 lumi\u00e8re puls\u00e9e.<\/p>\n<ul>\n<li>Type de prise: Prise EU<\/li>\n<li>Produit \u00e0 brancher: Oui<\/li>\n<li>Bloc d\u2019Alimentation:\n<ul>\n<li>r\u00e9seau \u00e9lectrique<\/li>\n<li>Batterie<\/li>\n<\/ul>\n<\/li>\n<li>Couleur: Blanc<\/li>\n<li>Inclut:\n<ul>\n<li>Adaptateur<\/li>\n<li>\u00c9tui<\/li>\n<\/ul>\n<\/li>\n<li>Tension: 100 &#8211; 240 V<\/li>\n<li>Technologie: IPL<\/li>\n<li>Caract\u00e9ristiques: Non lavable<\/li>\n<\/ul>","protected":false},"excerpt":{"rendered":"<p>\u00c9pilateur \u00e9lectrique Braun est un produit exclusif de qualit\u00e9 pour le soin du corps. Si vous recherchez les meilleurs produits d\u2019hygi\u00e8ne personnelle, les produits Braun 100 % originaux sont exactement ce dont vous avez besoin. La \u00e9pilateur \u00e9lectrique \u00e0 lumi\u00e8re puls\u00e9e Braun PL3020 est un appareil con\u00e7u pour offrir une solution durable d\u2019\u00e9limination des poils [&hellip;]<\/p>\n","protected":false},"featured_media":28105,"comment_status":"open","ping_status":"closed","template":"","meta":[],"product_brand":[854],"product_cat":[1060,1059,752],"product_tag":[722,59],"class_list":{"0":"post-28115","1":"product","2":"type-product","3":"status-publish","4":"has-post-thumbnail","6":"product_brand-brandp_906","7":"product_cat-epilation-et-rasage","8":"product_cat-esthetique-et-traitements-corporels","9":"product_cat-sante-beaute","10":"product_tag-tag_923","11":"product_tag-tag_1304","13":"first","14":"instock","15":"taxable","16":"shipping-taxable","17":"purchasable","18":"product-type-simple"},"_links":{"self":[{"href":"https:\/\/bigbuy.tupique.com\/en\/wp-json\/wp\/v2\/product\/28115","targetHints":{"allow":["GET"]}}],"collection":[{"href":"https:\/\/bigbuy.tupique.com\/en\/wp-json\/wp\/v2\/product"}],"about":[{"href":"https:\/\/bigbuy.tupique.com\/en\/wp-json\/wp\/v2\/types\/product"}],"replies":[{"embeddable":true,"href":"https:\/\/bigbuy.tupique.com\/en\/wp-json\/wp\/v2\/comments?post=28115"}],"wp:featuredmedia":[{"embeddable":true,"href":"https:\/\/bigbuy.tupique.com\/en\/wp-json\/wp\/v2\/media\/28105"}],"wp:attachment":[{"href":"https:\/\/bigbuy.tupique.com\/en\/wp-json\/wp\/v2\/media?parent=28115"}],"wp:term":[{"taxonomy":"product_brand","embeddable":true,"href":"https:\/\/bigbuy.tupique.com\/en\/wp-json\/wp\/v2\/product_brand?post=28115"},{"taxonomy":"product_cat","embeddable":true,"href":"https:\/\/bigbuy.tupique.com\/en\/wp-json\/wp\/v2\/product_cat?post=28115"},{"taxonomy":"product_tag","embeddable":true,"href":"https:\/\/bigbuy.tupique.com\/en\/wp-json\/wp\/v2\/product_tag?post=28115"}],"curies":[{"name":"wp","href":"https:\/\/api.w.org\/{rel}","templated":true}]}}