{"id":27985,"date":"2026-03-29T23:47:10","date_gmt":"2026-03-29T22:47:10","guid":{"rendered":"https:\/\/bigbuy.tupique.com\/produto\/robot-vacuum-cleaner-ezviz\/"},"modified":"2026-04-16T18:17:17","modified_gmt":"2026-04-16T17:17:17","slug":"robot-vacuum-cleaner-ezviz","status":"publish","type":"product","link":"https:\/\/bigbuy.tupique.com\/en\/produto\/robot-vacuum-cleaner-ezviz\/","title":{"rendered":"Aspirateur robot Ezviz"},"content":{"rendered":"<p>Si vous aimez prendre soin de chaque d\u00e9tail de votre maison et d&#8217;\u00eatre \u00e0 la derni\u00e8re mode en mati\u00e8re de produits qui vous rendront la vie plus facile, achetez <b>Aspirateur robot Ezviz<\/b> au meilleur prix.<\/p>\n<p>Le <b>robot aspirateur CS-RE5-TWT2<\/b> d\u2019Ezviz est un appareil con\u00e7u pour optimiser le nettoyage domestique avec efficacit\u00e9 et technologie avanc\u00e9e. Il int\u00e8gre un syst\u00e8me de <b>navigation LIDAR<\/b> qui cartographie pr\u00e9cis\u00e9ment l\u2019environnement, assurant une couverture compl\u00e8te et une planification intelligente des trajets de nettoyage, tandis que son syst\u00e8me de <b>d\u00e9tection d\u2019obstacles<\/b> \u00e9vite collisions et chutes, prot\u00e9geant l\u2019appareil et les meubles. Ce mod\u00e8le se distingue par sa <b>puissance d\u2019aspiration de 4000 Pa<\/b>, capable d\u2019\u00e9liminer salet\u00e9s profondes et particules sur diff\u00e9rents types de sols, avec d\u00e9tection automatique et adaptation au nettoyage des tapis. Son design <b>rond et blanc<\/b> favorise une maniabilit\u00e9 optimale dans les espaces restreints et les angles. De plus, il est \u00e9quip\u00e9 d\u2019un moteur <b>sans balais<\/b> qui r\u00e9duit le bruit en fonctionnement, offrant un environnement plus silencieux \u00e0 la maison. La capacit\u00e9 de son r\u00e9servoir \u00e0 poussi\u00e8re, entre <b>300 ml et 350 ml<\/b>, garantit une bonne autonomie sans vidages fr\u00e9quents, facilitant l\u2019entretien. Gr\u00e2ce \u00e0 la <b>connectivit\u00e9 Wi-Fi<\/b>, il peut \u00eatre contr\u00f4l\u00e9 et programm\u00e9 facilement via une application mobile, permettant de g\u00e9rer horaires et modes de nettoyage \u00e0 distance et de fa\u00e7on personnalis\u00e9e. La batterie rechargeable du Ezviz RE5 assure une autonomie suffisante pour couvrir de grandes surfaces sans interruption. En r\u00e9sum\u00e9, ce robot aspirateur offre un \u00e9quilibre performant et une navigation avanc\u00e9e, en faisant une solution pratique et efficace pour le nettoyage quotidien des foyers modernes.<\/p>\n<ul>\n<li>Type de prise: Prise EU<\/li>\n<li>Produit \u00e0 brancher: Oui<\/li>\n<li>Type:\n<ul>\n<li>Aspirateur robot<\/li>\n<li>Sans brosse<\/li>\n<\/ul>\n<\/li>\n<li>Connectivit\u00e9: Wi-Fi<\/li>\n<li>Capacit\u00e9:\n<ul>\n<li>300 ml<\/li>\n<li>350 ml<\/li>\n<li>0,3 L<\/li>\n<li>0,35 L<\/li>\n<\/ul>\n<\/li>\n<li>Dimensions approx.:\n<ul>\n<li>36,5 x 29,5 x 6,5 cm<\/li>\n<li>14 cm<\/li>\n<li>9,5 cm<\/li>\n<li>140 mm<\/li>\n<li>34,5 cm<\/li>\n<\/ul>\n<\/li>\n<li>roues: 3 roues<\/li>\n<li>Aspiration: 4000 Pa<\/li>\n<li>diam\u00e8tre approx.: 34,5 cm<\/li>\n<li>Largeur: 36,5 cm<\/li>\n<li>Long: 36,5 cm<\/li>\n<li>Capacit\u00e9 de la batterie: 4930 mAh<\/li>\n<li>Fonctions: Frott\u00e9<\/li>\n<li>\u00c9lev\u00e9: 9,5 cm<\/li>\n<li>Type de batterie:\n<ul>\n<li>Rechargeable<\/li>\n<li>Li-Ion<\/li>\n<li>Litio Ion<\/li>\n<\/ul>\n<\/li>\n<li>Tension d&#8217;entr\u00e9e AC: 100-240 V<\/li>\n<li>Bloc d\u2019Alimentation: r\u00e9seau \u00e9lectrique<\/li>\n<li>Couleur: Blanc<\/li>\n<li>D\u00e9p\u00f4t de solides: 300 ml<\/li>\n<li>Filtre: EPA 10<\/li>\n<li>Compatible:\n<ul>\n<li>Google Assistant<\/li>\n<li>Amazon Alexa<\/li>\n<li>Google Home<\/li>\n<\/ul>\n<\/li>\n<li>Contr\u00f4le: App<\/li>\n<li>Indice de r\u00e9parabilit\u00e9: 7.3<\/li>\n<li>puissance: 45 W<\/li>\n<li>Caract\u00e9ristiques:\n<ul>\n<li>R\u00e9duction du bruit<\/li>\n<li>Filtre HEPA<\/li>\n<li>Base de charge<\/li>\n<\/ul>\n<\/li>\n<li>Forme: Rond<\/li>\n<li>Fonctionne \u00e0 piles: Oui<\/li>\n<li>Autonomie approx.: 4 heures<\/li>\n<li>Temps de charge approx.: 5 heures<\/li>\n<li>Tension: 100 &#8211; 240 V<\/li>\n<li>Fr\u00e9quence d&#8217;entr\u00e9e AC: 50-60 Hz<\/li>\n<li>Non Inclus: Adaptateur AC<\/li>\n<li>\u00c9cran integr\u00e9: Non<\/li>\n<li>Inclut: Manuel de l&#8217;utilisateur<\/li>\n<\/ul>","protected":false},"excerpt":{"rendered":"<p>Si vous aimez prendre soin de chaque d\u00e9tail de votre maison et d&#8217;\u00eatre \u00e0 la derni\u00e8re mode en mati\u00e8re de produits qui vous rendront la vie plus facile, achetez Aspirateur robot Ezviz au meilleur prix. Le robot aspirateur CS-RE5-TWT2 d\u2019Ezviz est un appareil con\u00e7u pour optimiser le nettoyage domestique avec efficacit\u00e9 et technologie avanc\u00e9e. Il [&hellip;]<\/p>\n","protected":false},"featured_media":27961,"comment_status":"open","ping_status":"closed","template":"","meta":[],"product_brand":[1101],"product_cat":[762,239,240],"product_tag":[59,56],"class_list":{"0":"post-27985","1":"product","2":"type-product","3":"status-publish","4":"has-post-thumbnail","6":"product_brand-brandp_2287","7":"product_cat-aspirateurs-et-robots","8":"product_cat-maison-jardin","9":"product_cat-nettoyage-aspirateur-et-repassage","10":"product_tag-tag_1304","11":"product_tag-tag_930","13":"first","14":"instock","15":"taxable","16":"shipping-taxable","17":"purchasable","18":"product-type-simple"},"_links":{"self":[{"href":"https:\/\/bigbuy.tupique.com\/en\/wp-json\/wp\/v2\/product\/27985","targetHints":{"allow":["GET"]}}],"collection":[{"href":"https:\/\/bigbuy.tupique.com\/en\/wp-json\/wp\/v2\/product"}],"about":[{"href":"https:\/\/bigbuy.tupique.com\/en\/wp-json\/wp\/v2\/types\/product"}],"replies":[{"embeddable":true,"href":"https:\/\/bigbuy.tupique.com\/en\/wp-json\/wp\/v2\/comments?post=27985"}],"wp:featuredmedia":[{"embeddable":true,"href":"https:\/\/bigbuy.tupique.com\/en\/wp-json\/wp\/v2\/media\/27961"}],"wp:attachment":[{"href":"https:\/\/bigbuy.tupique.com\/en\/wp-json\/wp\/v2\/media?parent=27985"}],"wp:term":[{"taxonomy":"product_brand","embeddable":true,"href":"https:\/\/bigbuy.tupique.com\/en\/wp-json\/wp\/v2\/product_brand?post=27985"},{"taxonomy":"product_cat","embeddable":true,"href":"https:\/\/bigbuy.tupique.com\/en\/wp-json\/wp\/v2\/product_cat?post=27985"},{"taxonomy":"product_tag","embeddable":true,"href":"https:\/\/bigbuy.tupique.com\/en\/wp-json\/wp\/v2\/product_tag?post=27985"}],"curies":[{"name":"wp","href":"https:\/\/api.w.org\/{rel}","templated":true}]}}