{"id":27960,"date":"2026-03-29T23:46:29","date_gmt":"2026-03-29T22:46:29","guid":{"rendered":"https:\/\/bigbuy.tupique.com\/produto\/highchair-cybex-white\/"},"modified":"2026-05-11T20:01:29","modified_gmt":"2026-05-11T18:01:29","slug":"highchair-cybex-white","status":"publish","type":"product","link":"https:\/\/bigbuy.tupique.com\/en\/produto\/highchair-cybex-white\/","title":{"rendered":"Chaise haute Cybex Blanc"},"content":{"rendered":"<p>Si vous \u00eates \u00e0 la recherche de nouvelles tendances sur le march\u00e9, nous vous pr\u00e9sentons <b>Chaise haute Cybex Blanc<\/b> !<\/p>\n<p>La <b>chaise haute<\/b> CYBEX IRIS 3 en 1 est une solution polyvalente et fonctionnelle con\u00e7ue pour accompagner la croissance des enfants d\u00e8s 6 ans, offrant un design compact et \u00e9l\u00e9gant fabriqu\u00e9 en <b>bois blanc<\/b> de haute qualit\u00e9 qui garantit durabilit\u00e9 et style intemporel. Ce mod\u00e8le multifonction permet d\u2019utiliser la chaise de diff\u00e9rentes mani\u00e8res gr\u00e2ce \u00e0 sa structure <b>r\u00e9glable<\/b>, pouvant servir de chaise haute traditionnelle, de chaise enfant ou m\u00eame de tabouret, facilitant son usage \u00e0 plusieurs \u00e9tapes de l\u2019enfance. Il inclut un pratique <b>kit b\u00e9b\u00e9<\/b> pour assurer s\u00e9curit\u00e9 et confort lors des premi\u00e8res utilisations, ainsi qu\u2019un <b>plateau amovible<\/b> qui aide \u00e0 garder l\u2019espace repas propre et organis\u00e9, tout en offrant plus d\u2019autonomie \u00e0 l\u2019enfant. La finition enti\u00e8rement blanche contribue \u00e0 une esth\u00e9tique moderne, facile \u00e0 int\u00e9grer dans divers styles de d\u00e9coration, tandis que l\u2019emploi de <b>mat\u00e9riaux en bois<\/b> assure stabilit\u00e9 et robustesse au quotidien. Cette chaise haute CYBEX se distingue par sa combinaison de qualit\u00e9, fonctionnalit\u00e9 et design soign\u00e9, \u00e9tant une option adapt\u00e9e aux familles recherchant une solution pratique qui \u00e9volue avec l\u2019enfant et propose plusieurs configurations sans sacrifier \u00e9l\u00e9gance ni confort. En r\u00e9sum\u00e9, le mod\u00e8le IRIS 3 en 1 de CYBEX repr\u00e9sente un investissement durable qui accompagne l\u2019\u00e9volution des plus petits en toute s\u00e9curit\u00e9 et avec style.<\/p>\n<ul>\n<li>Type: Chaise<\/li>\n<li>Couleur: Blanc<\/li>\n<li>Mati\u00e8re: Bois<\/li>\n<li>Caract\u00e9ristiques:\n<ul>\n<li>R\u00e9glable<\/li>\n<li>Plateau<\/li>\n<li>Repose-pied<\/li>\n<\/ul>\n<\/li>\n<li>\u00c2ge recommand\u00e9: + 6 Ans<\/li>\n<li>Genre: Unisexe<\/li>\n<li>Poids Max. support\u00e9: 120 kg<\/li>\n<li>\u00c9lev\u00e9: 84 cm<\/li>\n<\/ul>","protected":false},"excerpt":{"rendered":"<p>Si vous \u00eates \u00e0 la recherche de nouvelles tendances sur le march\u00e9, nous vous pr\u00e9sentons Chaise haute Cybex Blanc ! La chaise haute CYBEX IRIS 3 en 1 est une solution polyvalente et fonctionnelle con\u00e7ue pour accompagner la croissance des enfants d\u00e8s 6 ans, offrant un design compact et \u00e9l\u00e9gant fabriqu\u00e9 en bois blanc de [&hellip;]<\/p>\n","protected":false},"featured_media":27959,"comment_status":"open","ping_status":"closed","template":"","meta":[],"product_brand":[856],"product_cat":[1051,251,157],"product_tag":[59],"class_list":{"0":"post-27960","1":"product","2":"type-product","3":"status-publish","4":"has-post-thumbnail","6":"product_brand-brandp_2860","7":"product_cat-accessoires-pour-enfants","8":"product_cat-bebes-et-enfants","9":"product_cat-jouets-deguisements","10":"product_tag-tag_1304","12":"first","13":"instock","14":"taxable","15":"shipping-taxable","16":"purchasable","17":"product-type-simple"},"_links":{"self":[{"href":"https:\/\/bigbuy.tupique.com\/en\/wp-json\/wp\/v2\/product\/27960","targetHints":{"allow":["GET"]}}],"collection":[{"href":"https:\/\/bigbuy.tupique.com\/en\/wp-json\/wp\/v2\/product"}],"about":[{"href":"https:\/\/bigbuy.tupique.com\/en\/wp-json\/wp\/v2\/types\/product"}],"replies":[{"embeddable":true,"href":"https:\/\/bigbuy.tupique.com\/en\/wp-json\/wp\/v2\/comments?post=27960"}],"wp:featuredmedia":[{"embeddable":true,"href":"https:\/\/bigbuy.tupique.com\/en\/wp-json\/wp\/v2\/media\/27959"}],"wp:attachment":[{"href":"https:\/\/bigbuy.tupique.com\/en\/wp-json\/wp\/v2\/media?parent=27960"}],"wp:term":[{"taxonomy":"product_brand","embeddable":true,"href":"https:\/\/bigbuy.tupique.com\/en\/wp-json\/wp\/v2\/product_brand?post=27960"},{"taxonomy":"product_cat","embeddable":true,"href":"https:\/\/bigbuy.tupique.com\/en\/wp-json\/wp\/v2\/product_cat?post=27960"},{"taxonomy":"product_tag","embeddable":true,"href":"https:\/\/bigbuy.tupique.com\/en\/wp-json\/wp\/v2\/product_tag?post=27960"}],"curies":[{"name":"wp","href":"https:\/\/api.w.org\/{rel}","templated":true}]}}