{"id":27934,"date":"2026-03-29T23:45:48","date_gmt":"2026-03-29T22:45:48","guid":{"rendered":"https:\/\/bigbuy.tupique.com\/produto\/robot-vacuum-cleaner-irobot-6\/"},"modified":"2026-04-16T18:45:44","modified_gmt":"2026-04-16T17:45:44","slug":"robot-vacuum-cleaner-irobot-6","status":"publish","type":"product","link":"https:\/\/bigbuy.tupique.com\/en\/produto\/robot-vacuum-cleaner-irobot-6\/","title":{"rendered":"Aspirateur robot iRobot"},"content":{"rendered":"<p>Si vous aimez prendre soin de chaque d\u00e9tail de votre maison et d&#8217;\u00eatre \u00e0 la derni\u00e8re mode en mati\u00e8re de produits qui vous rendront la vie plus facile, achetez <b>Aspirateur robot iRobot<\/b> au meilleur prix.<\/p>\n<p>Le <b>robot aspirateur iRobot 105 COMBO WHITE<\/b> est un appareil con\u00e7u pour faciliter le nettoyage quotidien avec une autonomie et une efficacit\u00e9 totales. Ce <b>robot aspirateur<\/b> se distingue par sa <b>couleur blanche<\/b> et son design compact <b>rond<\/b>, lui permettant de s\u2019adapter \u00e0 diff\u00e9rents espaces et d\u2019acc\u00e9der facilement aux zones difficiles. Il offre une <b>autonomie d\u2019environ 2 heures<\/b>, suffisante pour un nettoyage complet de pi\u00e8ces de taille moyenne sans interruption. Il int\u00e8gre une technologie de <b>connectivit\u00e9 Wi-Fi<\/b>, permettant de le contr\u00f4ler et de le programmer ais\u00e9ment depuis un smartphone, offrant une utilisation intelligente m\u00eame \u00e0 distance. Ce robot est facile \u00e0 entretenir gr\u00e2ce \u00e0 sa structure <b>simple \u00e0 nettoyer<\/b>, garantissant un bon \u00e9tat de fonctionnement avec peu d\u2019effort. Il p\u00e8se seulement <b>3 kilogrammes<\/b>, ce qui facilite sa manipulation et son transport. De plus, il est livr\u00e9 avec un <b>c\u00e2ble d\u2019alimentation<\/b> pour recharger sa batterie rechargeable et assurer un fonctionnement continu. Son design et ses fonctions en font une solution pratique pour les utilisateurs recherchant un robot aspirateur accessible, fonctionnel et efficace, id\u00e9al pour garder la maison propre avec un minimum d\u2019intervention.<\/p>\n<ul>\n<li>Type de prise: Prise EU<\/li>\n<li>Produit \u00e0 brancher: Oui<\/li>\n<li>Bloc d\u2019Alimentation:\n<ul>\n<li>r\u00e9seau \u00e9lectrique<\/li>\n<li>Batterie<\/li>\n<\/ul>\n<\/li>\n<li>Couleur: Blanc<\/li>\n<li>Aspiration: 7000 pa<\/li>\n<li>Compatible:\n<ul>\n<li>iOS, Android<\/li>\n<li>iRobot<\/li>\n<\/ul>\n<\/li>\n<li>Autonomie approx.:\n<ul>\n<li>120 MIN<\/li>\n<li>2 heures<\/li>\n<\/ul>\n<\/li>\n<li>Indice de r\u00e9parabilit\u00e9: 8.4<\/li>\n<li>Capacit\u00e9 de la batterie: 3000 mAh<\/li>\n<li>Connectivit\u00e9: Wi-Fi<\/li>\n<li>Poids: 3 Kg<\/li>\n<li>Capacit\u00e9:\n<ul>\n<li>200 ml<\/li>\n<li>0,2 L<\/li>\n<li>0,4 l<\/li>\n<\/ul>\n<\/li>\n<li>Dimensions approx.:\n<ul>\n<li>16,5 cm<\/li>\n<li>44 cm<\/li>\n<li>10,4 cm<\/li>\n<li>33,5 cm<\/li>\n<li>34 x 11 x 34 cm<\/li>\n<li>37,5 cm<\/li>\n<\/ul>\n<\/li>\n<li>Caract\u00e9ristiques:\n<ul>\n<li>Facile \u00e0 nettoyer<\/li>\n<li>Programmable<\/li>\n<\/ul>\n<\/li>\n<li>Type de batterie: Rechargeable<\/li>\n<li>Forme: Rond<\/li>\n<li>Inclut: C\u00e2ble Alimentation<\/li>\n<\/ul>","protected":false},"excerpt":{"rendered":"<p>Si vous aimez prendre soin de chaque d\u00e9tail de votre maison et d&#8217;\u00eatre \u00e0 la derni\u00e8re mode en mati\u00e8re de produits qui vous rendront la vie plus facile, achetez Aspirateur robot iRobot au meilleur prix. Le robot aspirateur iRobot 105 COMBO WHITE est un appareil con\u00e7u pour faciliter le nettoyage quotidien avec une autonomie et [&hellip;]<\/p>\n","protected":false},"featured_media":27912,"comment_status":"open","ping_status":"closed","template":"","meta":[],"product_brand":[1239],"product_cat":[762,239,240],"product_tag":[59,56],"class_list":{"0":"post-27934","1":"product","2":"type-product","3":"status-publish","4":"has-post-thumbnail","6":"product_brand-brandp_6030","7":"product_cat-aspirateurs-et-robots","8":"product_cat-maison-jardin","9":"product_cat-nettoyage-aspirateur-et-repassage","10":"product_tag-tag_1304","11":"product_tag-tag_930","13":"first","14":"instock","15":"taxable","16":"shipping-taxable","17":"purchasable","18":"product-type-simple"},"_links":{"self":[{"href":"https:\/\/bigbuy.tupique.com\/en\/wp-json\/wp\/v2\/product\/27934","targetHints":{"allow":["GET"]}}],"collection":[{"href":"https:\/\/bigbuy.tupique.com\/en\/wp-json\/wp\/v2\/product"}],"about":[{"href":"https:\/\/bigbuy.tupique.com\/en\/wp-json\/wp\/v2\/types\/product"}],"replies":[{"embeddable":true,"href":"https:\/\/bigbuy.tupique.com\/en\/wp-json\/wp\/v2\/comments?post=27934"}],"wp:featuredmedia":[{"embeddable":true,"href":"https:\/\/bigbuy.tupique.com\/en\/wp-json\/wp\/v2\/media\/27912"}],"wp:attachment":[{"href":"https:\/\/bigbuy.tupique.com\/en\/wp-json\/wp\/v2\/media?parent=27934"}],"wp:term":[{"taxonomy":"product_brand","embeddable":true,"href":"https:\/\/bigbuy.tupique.com\/en\/wp-json\/wp\/v2\/product_brand?post=27934"},{"taxonomy":"product_cat","embeddable":true,"href":"https:\/\/bigbuy.tupique.com\/en\/wp-json\/wp\/v2\/product_cat?post=27934"},{"taxonomy":"product_tag","embeddable":true,"href":"https:\/\/bigbuy.tupique.com\/en\/wp-json\/wp\/v2\/product_tag?post=27934"}],"curies":[{"name":"wp","href":"https:\/\/api.w.org\/{rel}","templated":true}]}}