{"id":27881,"date":"2026-03-29T23:35:48","date_gmt":"2026-03-29T22:35:48","guid":{"rendered":"https:\/\/bigbuy.tupique.com\/produto\/robot-vacuum-cleaner-irobot-3\/"},"modified":"2026-05-11T20:01:31","modified_gmt":"2026-05-11T18:01:31","slug":"robot-vacuum-cleaner-irobot-3","status":"publish","type":"product","link":"https:\/\/bigbuy.tupique.com\/en\/produto\/robot-vacuum-cleaner-irobot-3\/","title":{"rendered":"Aspirateur robot iRobot"},"content":{"rendered":"<p>Si vous aimez prendre soin de chaque d\u00e9tail de votre maison et d&#8217;\u00eatre \u00e0 la derni\u00e8re mode en mati\u00e8re de produits qui vous rendront la vie plus facile, achetez <b>Aspirateur robot iRobot<\/b> au meilleur prix.<\/p>\n<p>Le <b>iRobot 205 COMBO<\/b> est un <b>robot aspirateur<\/b> avanc\u00e9 con\u00e7u pour offrir un nettoyage efficace et pratique \u00e0 la maison. Sa <b>forme ronde<\/b> facilite ses d\u00e9placements dans les espaces restreints et les angles, tandis que sa couleur blanche s\u2019int\u00e8gre discr\u00e8tement \u00e0 tout environnement. \u00c9quip\u00e9 d\u2019une batterie rechargeable de <b>3000 mAh<\/b>, il assure une autonomie suffisante pour couvrir la plupart des surfaces lors de sessions prolong\u00e9es sans interruptions fr\u00e9quentes pour la recharge. Son design <b>facile \u00e0 nettoyer<\/b> simplifie les op\u00e9rations de vidage et d\u2019entretien, garantissant une utilisation pratique et durable. De plus, il int\u00e8gre une technologie compatible avec <b>Amazon Alexa<\/b>, permettant de contr\u00f4ler et programmer l\u2019appareil par commandes vocales pour adapter le nettoyage aux besoins quotidiens en toute simplicit\u00e9. Ce mod\u00e8le comprend un syst\u00e8me avanc\u00e9 de compactage automatique des d\u00e9chets, r\u00e9duisant la fr\u00e9quence de vidage du bac et optimisant la gestion de la salet\u00e9 ainsi que l\u2019hygi\u00e8ne g\u00e9n\u00e9rale du foyer. Sa technologie LiDAR Clearview offre une navigation pr\u00e9cise et efficace, cartographiant l\u2019environnement pour \u00e9viter les obstacles et garantir un nettoyage complet et m\u00e9thodique. En r\u00e9sum\u00e9, le <b>iRobot 205 COMBO<\/b> est une solution pratique et technologiquement avanc\u00e9e pour ceux qui souhaitent maintenir leurs espaces propres avec un appareil intelligent, autonome et facile \u00e0 utiliser.<\/p>\n<ul>\n<li>Type de prise: Prise EU<\/li>\n<li>Produit \u00e0 brancher: Oui<\/li>\n<li>Bloc d\u2019Alimentation:\n<ul>\n<li>r\u00e9seau \u00e9lectrique<\/li>\n<li>Batterie<\/li>\n<\/ul>\n<\/li>\n<li>Couleur: Blanc<\/li>\n<li>Poids: 5,9 Kg<\/li>\n<li>Connectivit\u00e9: Wi-Fi<\/li>\n<li>Capacit\u00e9 de la batterie: 3000 mAh<\/li>\n<li>Compatible:\n<ul>\n<li>iRobot<\/li>\n<li>Amazon Alexa<\/li>\n<li>Google Home<\/li>\n<\/ul>\n<\/li>\n<li>Aspiration: 7000 pa<\/li>\n<li>Indice de r\u00e9parabilit\u00e9: 8.3<\/li>\n<li>Capacit\u00e9: 1,8 L<\/li>\n<li>Dimensions approx.:\n<ul>\n<li>16,5 cm<\/li>\n<li>40 cm<\/li>\n<li>10,1 cm<\/li>\n<\/ul>\n<\/li>\n<li>Caract\u00e9ristiques: Facile \u00e0 nettoyer<\/li>\n<li>Type de batterie:\n<ul>\n<li>Rechargeable<\/li>\n<li>Litio Ion<\/li>\n<\/ul>\n<\/li>\n<li>Forme: Rond<\/li>\n<\/ul>","protected":false},"excerpt":{"rendered":"<p>Si vous aimez prendre soin de chaque d\u00e9tail de votre maison et d&#8217;\u00eatre \u00e0 la derni\u00e8re mode en mati\u00e8re de produits qui vous rendront la vie plus facile, achetez Aspirateur robot iRobot au meilleur prix. Le iRobot 205 COMBO est un robot aspirateur avanc\u00e9 con\u00e7u pour offrir un nettoyage efficace et pratique \u00e0 la maison. [&hellip;]<\/p>\n","protected":false},"featured_media":27863,"comment_status":"open","ping_status":"closed","template":"","meta":[],"product_brand":[1239],"product_cat":[762,239,240],"product_tag":[59,56],"class_list":{"0":"post-27881","1":"product","2":"type-product","3":"status-publish","4":"has-post-thumbnail","6":"product_brand-brandp_6030","7":"product_cat-aspirateurs-et-robots","8":"product_cat-maison-jardin","9":"product_cat-nettoyage-aspirateur-et-repassage","10":"product_tag-tag_1304","11":"product_tag-tag_930","13":"first","14":"instock","15":"taxable","16":"shipping-taxable","17":"purchasable","18":"product-type-simple"},"_links":{"self":[{"href":"https:\/\/bigbuy.tupique.com\/en\/wp-json\/wp\/v2\/product\/27881","targetHints":{"allow":["GET"]}}],"collection":[{"href":"https:\/\/bigbuy.tupique.com\/en\/wp-json\/wp\/v2\/product"}],"about":[{"href":"https:\/\/bigbuy.tupique.com\/en\/wp-json\/wp\/v2\/types\/product"}],"replies":[{"embeddable":true,"href":"https:\/\/bigbuy.tupique.com\/en\/wp-json\/wp\/v2\/comments?post=27881"}],"wp:featuredmedia":[{"embeddable":true,"href":"https:\/\/bigbuy.tupique.com\/en\/wp-json\/wp\/v2\/media\/27863"}],"wp:attachment":[{"href":"https:\/\/bigbuy.tupique.com\/en\/wp-json\/wp\/v2\/media?parent=27881"}],"wp:term":[{"taxonomy":"product_brand","embeddable":true,"href":"https:\/\/bigbuy.tupique.com\/en\/wp-json\/wp\/v2\/product_brand?post=27881"},{"taxonomy":"product_cat","embeddable":true,"href":"https:\/\/bigbuy.tupique.com\/en\/wp-json\/wp\/v2\/product_cat?post=27881"},{"taxonomy":"product_tag","embeddable":true,"href":"https:\/\/bigbuy.tupique.com\/en\/wp-json\/wp\/v2\/product_tag?post=27881"}],"curies":[{"name":"wp","href":"https:\/\/api.w.org\/{rel}","templated":true}]}}