{"id":27807,"date":"2026-03-29T23:33:34","date_gmt":"2026-03-29T22:33:34","guid":{"rendered":"https:\/\/bigbuy.tupique.com\/produto\/mens-watch-casio-silver-o-40-mm\/"},"modified":"2026-05-11T20:01:28","modified_gmt":"2026-05-11T18:01:28","slug":"mens-watch-casio-silver-o-40-mm","status":"publish","type":"product","link":"https:\/\/bigbuy.tupique.com\/en\/produto\/mens-watch-casio-silver-o-40-mm\/","title":{"rendered":"Montre Homme Casio Argent\u00e9 (\u00d8 40 mm)"},"content":{"rendered":"<p>Si vous \u00eates \u00e0 la recherche de nouvelles tendances sur le march\u00e9, nous vous pr\u00e9sentons <b>Montre Homme Casio Argent\u00e9 (\u00d8 40 mm)<\/b> !<\/p>\n<p>Le <b>LINEAGE Multi Band 6 Tough Solar<\/b> de <b>Casio<\/b> est une <b>montre pour homme<\/b> con\u00e7ue pour offrir durabilit\u00e9 et haute fonctionnalit\u00e9 en combinant technologie avanc\u00e9e et mat\u00e9riaux de qualit\u00e9. Ce mod\u00e8le dispose d\u2019un bo\u00eetier et d\u2019un bracelet en <b>titane<\/b> et <b>acier inoxydable<\/b>, assurant une grande r\u00e9sistance \u00e0 l\u2019usure et au temps, tout en restant l\u00e9ger et confortable pour un port prolong\u00e9. La finition <b>argent\u00e9e<\/b> apporte un style sobre et \u00e9l\u00e9gant, id\u00e9al pour un usage quotidien ou des occasions sp\u00e9ciales. Son syst\u00e8me <b>Multi Band 6<\/b> garantit la r\u00e9ception automatique des signaux de calibration horaire, ajustant l\u2019heure avec pr\u00e9cision selon les zones g\u00e9ographiques, tandis que la technologie <b>Tough Solar<\/b> permet \u00e0 la montre de se recharger \u00e0 l\u2019\u00e9nergie solaire, \u00e9liminant le besoin de changer fr\u00e9quemment la batterie et assurant un fonctionnement continu. Avec un diam\u00e8tre d\u2019environ <b>46,4 mm<\/b>, elle pr\u00e9sente un cadran clair et net facilitant la lecture de multiples fonctions, dont chronom\u00e8tre, alarme, calendrier automatique et autres fonctions multifonctions essentielles pour les utilisateurs recherchant polyvalence et pr\u00e9cision. Sa robustesse et son design technique font de cette montre une pi\u00e8ce fiable pour les hommes qui appr\u00e9cient l\u2019alliance de l\u2019innovation technologique, de mat\u00e9riaux haut de gamme et d\u2019une esth\u00e9tique moderne et masculine. Cette proposition de Casio se positionne comme une option avanc\u00e9e dans la gamme des montres multifonctions, adapt\u00e9e \u00e0 ceux qui cherchent un accessoire r\u00e9sistant, pr\u00e9cis et dot\u00e9 des derni\u00e8res technologies.<\/p>\n<ul>\n<li>Liens suppl\u00e9mentaires: Non<\/li>\n<li>Type de montre: Montre-bracelet<\/li>\n<li>Imperm\u00e9abilit\u00e9: 5 atm<\/li>\n<li>Verre: Min\u00e9ral<\/li>\n<li>Inclut: Inclut un \u00e9tui ou une housse de la marque<\/li>\n<li>Fonctions: Multifonction<\/li>\n<li>Type de mouvement:\n<ul>\n<li>Solaire<\/li>\n<li>Quartz<\/li>\n<\/ul>\n<\/li>\n<li>Mat\u00e9riau du bracelet:\n<ul>\n<li>Titane<\/li>\n<li>Acier inoxydable<\/li>\n<\/ul>\n<\/li>\n<li>Genre: Homme<\/li>\n<li>Materiau du bo\u00eetier: Titane<\/li>\n<li>Couleur: Argent\u00e9<\/li>\n<li>Couleur du cadran: Bleu<\/li>\n<li>Poids: 80 g<\/li>\n<li>Diam\u00e8tre du bo\u00eetier de la montre: \u00d8 40 mm<\/li>\n<\/ul>","protected":false},"excerpt":{"rendered":"<p>Si vous \u00eates \u00e0 la recherche de nouvelles tendances sur le march\u00e9, nous vous pr\u00e9sentons Montre Homme Casio Argent\u00e9 (\u00d8 40 mm) ! Le LINEAGE Multi Band 6 Tough Solar de Casio est une montre pour homme con\u00e7ue pour offrir durabilit\u00e9 et haute fonctionnalit\u00e9 en combinant technologie avanc\u00e9e et mat\u00e9riaux de qualit\u00e9. Ce mod\u00e8le dispose [&hellip;]<\/p>\n","protected":false},"featured_media":27797,"comment_status":"open","ping_status":"closed","template":"","meta":[],"product_brand":[806],"product_cat":[544,574,545],"product_tag":[103,59,543],"class_list":{"0":"post-27807","1":"product","2":"type-product","3":"status-publish","4":"has-post-thumbnail","6":"product_brand-brandp_816","7":"product_cat-mode-accessoires","8":"product_cat-montres-homme","9":"product_cat-montres-bracelets","10":"product_tag-tag_1261","11":"product_tag-tag_1304","12":"product_tag-tag_61","14":"first","15":"instock","16":"taxable","17":"shipping-taxable","18":"purchasable","19":"product-type-simple"},"_links":{"self":[{"href":"https:\/\/bigbuy.tupique.com\/en\/wp-json\/wp\/v2\/product\/27807","targetHints":{"allow":["GET"]}}],"collection":[{"href":"https:\/\/bigbuy.tupique.com\/en\/wp-json\/wp\/v2\/product"}],"about":[{"href":"https:\/\/bigbuy.tupique.com\/en\/wp-json\/wp\/v2\/types\/product"}],"replies":[{"embeddable":true,"href":"https:\/\/bigbuy.tupique.com\/en\/wp-json\/wp\/v2\/comments?post=27807"}],"wp:featuredmedia":[{"embeddable":true,"href":"https:\/\/bigbuy.tupique.com\/en\/wp-json\/wp\/v2\/media\/27797"}],"wp:attachment":[{"href":"https:\/\/bigbuy.tupique.com\/en\/wp-json\/wp\/v2\/media?parent=27807"}],"wp:term":[{"taxonomy":"product_brand","embeddable":true,"href":"https:\/\/bigbuy.tupique.com\/en\/wp-json\/wp\/v2\/product_brand?post=27807"},{"taxonomy":"product_cat","embeddable":true,"href":"https:\/\/bigbuy.tupique.com\/en\/wp-json\/wp\/v2\/product_cat?post=27807"},{"taxonomy":"product_tag","embeddable":true,"href":"https:\/\/bigbuy.tupique.com\/en\/wp-json\/wp\/v2\/product_tag?post=27807"}],"curies":[{"name":"wp","href":"https:\/\/api.w.org\/{rel}","templated":true}]}}