{"id":27624,"date":"2026-03-29T23:21:21","date_gmt":"2026-03-29T22:21:21","guid":{"rendered":"https:\/\/bigbuy.tupique.com\/produto\/craft-set-cricut\/"},"modified":"2026-04-16T17:06:09","modified_gmt":"2026-04-16T16:06:09","slug":"craft-set-cricut","status":"publish","type":"product","link":"https:\/\/bigbuy.tupique.com\/en\/produto\/craft-set-cricut\/","title":{"rendered":"Ensemble pour activit\u00e9s manuelles Cricut"},"content":{"rendered":"<p>Retournez au bureau sans rien oublier ! Achetez <b>Ensemble pour activit\u00e9s manuelles Cricut<\/b> et faites envie \u00e0 vos coll\u00e8gues!<\/p>\n<ul>\n<li>Type:\n<ul>\n<li>Coupe-papier<\/li>\n<li>Ensemble pour activit\u00e9s manuelles<\/li>\n<\/ul>\n<\/li>\n<li>Couleur:\n<ul>\n<li>Blanc<\/li>\n<li>Noir<\/li>\n<\/ul>\n<\/li>\n<li>Mati\u00e8re: Autocollants<\/li>\n<\/ul>","protected":false},"excerpt":{"rendered":"<p>Retournez au bureau sans rien oublier ! Achetez Ensemble pour activit\u00e9s manuelles Cricut et faites envie \u00e0 vos coll\u00e8gues! Type: Coupe-papier Ensemble pour activit\u00e9s manuelles Couleur: Blanc Noir Mati\u00e8re: Autocollants<\/p>","protected":false},"featured_media":27610,"comment_status":"open","ping_status":"closed","template":"","meta":[],"product_brand":[1238],"product_cat":[157,962,1220],"product_tag":[105,59],"class_list":{"0":"post-27624","1":"product","2":"type-product","3":"status-publish","4":"has-post-thumbnail","6":"product_brand-brandp_7546","7":"product_cat-jouets-deguisements","8":"product_cat-materiel-scolaire","9":"product_cat-sets-de-papeterie","10":"product_tag-tag_21","11":"product_tag-tag_1304","13":"first","14":"instock","15":"taxable","16":"shipping-taxable","17":"purchasable","18":"product-type-simple"},"_links":{"self":[{"href":"https:\/\/bigbuy.tupique.com\/en\/wp-json\/wp\/v2\/product\/27624","targetHints":{"allow":["GET"]}}],"collection":[{"href":"https:\/\/bigbuy.tupique.com\/en\/wp-json\/wp\/v2\/product"}],"about":[{"href":"https:\/\/bigbuy.tupique.com\/en\/wp-json\/wp\/v2\/types\/product"}],"replies":[{"embeddable":true,"href":"https:\/\/bigbuy.tupique.com\/en\/wp-json\/wp\/v2\/comments?post=27624"}],"wp:featuredmedia":[{"embeddable":true,"href":"https:\/\/bigbuy.tupique.com\/en\/wp-json\/wp\/v2\/media\/27610"}],"wp:attachment":[{"href":"https:\/\/bigbuy.tupique.com\/en\/wp-json\/wp\/v2\/media?parent=27624"}],"wp:term":[{"taxonomy":"product_brand","embeddable":true,"href":"https:\/\/bigbuy.tupique.com\/en\/wp-json\/wp\/v2\/product_brand?post=27624"},{"taxonomy":"product_cat","embeddable":true,"href":"https:\/\/bigbuy.tupique.com\/en\/wp-json\/wp\/v2\/product_cat?post=27624"},{"taxonomy":"product_tag","embeddable":true,"href":"https:\/\/bigbuy.tupique.com\/en\/wp-json\/wp\/v2\/product_tag?post=27624"}],"curies":[{"name":"wp","href":"https:\/\/api.w.org\/{rel}","templated":true}]}}