{"id":27438,"date":"2026-03-29T23:16:11","date_gmt":"2026-03-29T22:16:11","guid":{"rendered":"https:\/\/bigbuy.tupique.com\/produto\/xbox-series-s-microsoft-512-gb\/"},"modified":"2026-04-16T22:01:16","modified_gmt":"2026-04-16T21:01:16","slug":"xbox-series-s-microsoft-512-gb","status":"publish","type":"product","link":"https:\/\/bigbuy.tupique.com\/en\/produto\/xbox-series-s-microsoft-512-gb\/","title":{"rendered":"Xbox Series S Microsoft 512 GB"},"content":{"rendered":"<p>Si vous \u00eates passionn\u00e9 d&#8217;<b>informatique et d&#8217;\u00e9lectronique<\/b>, si vous \u00eates \u00e0 la pointe de la technologie et qu&#8217;aucun d\u00e9tail ne vous \u00e9chappe, achetez <b>Xbox Series S Microsoft 512 GB<\/b> au meilleur prix.<\/p>\n<ul>\n<li>Type: SSD<\/li>\n<li>Disque dur: 512 GB<\/li>\n<li>Couleur: Blanc<\/li>\n<li>Connexions:\n<ul>\n<li>HDMI<\/li>\n<li>Ethernet LAN<\/li>\n<li>HDMI 2.1 x 1<\/li>\n<li>USB-A 3.2<\/li>\n<\/ul>\n<\/li>\n<li>Connectivit\u00e9: Wi-Fi<\/li>\n<li>Plate-forme: Microsoft Xbox<\/li>\n<li>vitesse: 10\/100\/1000 Mbps<\/li>\n<li>Type de m\u00e9moire: GDDR6<\/li>\n<li>M\u00e9moire interne: 512 GB<\/li>\n<li>Bloc d\u2019Alimentation: CC<\/li>\n<li>Type de stockage: SSD<\/li>\n<li>Noyaux: 8 Noyaux<\/li>\n<li>Processeur: AMD Ryzen Zen 2<\/li>\n<\/ul>","protected":false},"excerpt":{"rendered":"<p>Si vous \u00eates passionn\u00e9 d&#8217;informatique et d&#8217;\u00e9lectronique, si vous \u00eates \u00e0 la pointe de la technologie et qu&#8217;aucun d\u00e9tail ne vous \u00e9chappe, achetez Xbox Series S Microsoft 512 GB au meilleur prix. Type: SSD Disque dur: 512 GB Couleur: Blanc Connexions: HDMI Ethernet LAN HDMI 2.1 x 1 USB-A 3.2 Connectivit\u00e9: Wi-Fi Plate-forme: Microsoft Xbox [&hellip;]<\/p>\n","protected":false},"featured_media":27433,"comment_status":"open","ping_status":"closed","template":"","meta":[],"product_brand":[852],"product_cat":[746,609,65],"product_tag":[59,572],"class_list":{"0":"post-27438","1":"product","2":"type-product","3":"status-publish","4":"has-post-thumbnail","6":"product_brand-brandp_564","7":"product_cat-consoles","8":"product_cat-electronique-jouets-electroniques","9":"product_cat-informatique-electronique","10":"product_tag-tag_1304","11":"product_tag-tag_29","13":"first","14":"instock","15":"taxable","16":"shipping-taxable","17":"purchasable","18":"product-type-simple"},"_links":{"self":[{"href":"https:\/\/bigbuy.tupique.com\/en\/wp-json\/wp\/v2\/product\/27438","targetHints":{"allow":["GET"]}}],"collection":[{"href":"https:\/\/bigbuy.tupique.com\/en\/wp-json\/wp\/v2\/product"}],"about":[{"href":"https:\/\/bigbuy.tupique.com\/en\/wp-json\/wp\/v2\/types\/product"}],"replies":[{"embeddable":true,"href":"https:\/\/bigbuy.tupique.com\/en\/wp-json\/wp\/v2\/comments?post=27438"}],"wp:featuredmedia":[{"embeddable":true,"href":"https:\/\/bigbuy.tupique.com\/en\/wp-json\/wp\/v2\/media\/27433"}],"wp:attachment":[{"href":"https:\/\/bigbuy.tupique.com\/en\/wp-json\/wp\/v2\/media?parent=27438"}],"wp:term":[{"taxonomy":"product_brand","embeddable":true,"href":"https:\/\/bigbuy.tupique.com\/en\/wp-json\/wp\/v2\/product_brand?post=27438"},{"taxonomy":"product_cat","embeddable":true,"href":"https:\/\/bigbuy.tupique.com\/en\/wp-json\/wp\/v2\/product_cat?post=27438"},{"taxonomy":"product_tag","embeddable":true,"href":"https:\/\/bigbuy.tupique.com\/en\/wp-json\/wp\/v2\/product_tag?post=27438"}],"curies":[{"name":"wp","href":"https:\/\/api.w.org\/{rel}","templated":true}]}}