{"id":27312,"date":"2026-03-29T23:02:37","date_gmt":"2026-03-29T22:02:37","guid":{"rendered":"https:\/\/bigbuy.tupique.com\/produto\/hard-drive-kingston-sfyr2s-4t0-4-tb-ssd\/"},"modified":"2026-05-11T20:00:26","modified_gmt":"2026-05-11T18:00:26","slug":"hard-drive-kingston-sfyr2s-4t0-4-tb-ssd","status":"publish","type":"product","link":"https:\/\/bigbuy.tupique.com\/en\/produto\/hard-drive-kingston-sfyr2s-4t0-4-tb-ssd\/","title":{"rendered":"Disque dur Kingston SFYR2S\/4T0 4 TB SSD"},"content":{"rendered":"<p>Si vous \u00eates passionn\u00e9 d&#8217;<b>informatique et d&#8217;\u00e9lectronique<\/b>, si vous \u00eates \u00e0 la pointe de la technologie et qu&#8217;aucun d\u00e9tail ne vous \u00e9chappe, achetez <b>Disque dur Kingston SFYR2S\/4T0 4 TB SSD<\/b> au meilleur prix.<\/p>\n<p>Le <b>Kingston FURY Renegade G5 SFYR2S\/4T0<\/b> est un <b>disque dur SSD<\/b> haute performance con\u00e7u pour r\u00e9pondre aux exigences des joueurs, passionn\u00e9s et professionnels recherchant vitesse et fiabilit\u00e9. Ce mod\u00e8le M.2 2280 utilise l\u2019interface avanc\u00e9e <b>PCI Express 5.0<\/b>, permettant des vitesses de lecture jusqu\u2019\u00e0 <b>14 800 Mo\/s<\/b> et d\u2019\u00e9criture jusqu\u2019\u00e0 <b>14 000 Mo\/s<\/b>, optimisant les temps de chargement et le transfert de fichiers volumineux. Avec une capacit\u00e9 de stockage de <b>4 To<\/b>, il offre un large espace pour jeux, applications et contenus multim\u00e9dias lourds. Sa configuration technique int\u00e8gre un contr\u00f4leur Silicon Motion SM2508 en technologie 6 nm ainsi qu\u2019une m\u00e9moire cache DRAM DDR4 basse consommation, garantissant efficacit\u00e9 \u00e9nerg\u00e9tique et performance stable sous charge intense. Le design thermique est am\u00e9lior\u00e9 par un PCB 12 couches assurant une int\u00e9grit\u00e9 optimale du signal et une dissipation efficace de la chaleur, maintenant le syst\u00e8me frais m\u00eame en usage prolong\u00e9. Ce SSD est aussi compatible avec les g\u00e9n\u00e9rations PCIe Gen3 et Gen4, facilitant son int\u00e9gration sur la plupart des cartes m\u00e8res. De plus, son facteur de forme compact <b>M.2 2280<\/b> et sa couleur <b>noire<\/b> simplifient son installation dans ordinateurs portables et fixes. Con\u00e7u pour les professionnels de la cr\u00e9ation de contenu, montage vid\u00e9o et jeux intensifs, le Kingston FURY Renegade G5 r\u00e9pond aux besoins actuels de vitesse, capacit\u00e9 et durabilit\u00e9 gr\u00e2ce \u00e0 la technologie NAND TLC 3D et un rendement IOPS pouvant atteindre 2 200 000 en lecture et \u00e9criture, assurant une gestion fluide de gros volumes de donn\u00e9es. En r\u00e9sum\u00e9, ce SSD repr\u00e9sente une solution de stockage avanc\u00e9e combinant <b>capacit\u00e9 maximale<\/b>, <b>vitesses extr\u00eames<\/b> et <b>design thermique efficace<\/b>, se positionnant comme un choix id\u00e9al pour les utilisateurs exigeant le meilleur de la technologie SSD pour booster leur exp\u00e9rience professionnelle et de loisir.<\/p>\n<ul>\n<li>Connexions:\n<ul>\n<li>M.2<\/li>\n<li>PCI Express 5.0<\/li>\n<\/ul>\n<\/li>\n<li>Type de m\u00e9moire: 3D TLC<\/li>\n<li>Disque dur: 4 TB SSD<\/li>\n<li>Utilisation recommand\u00e9e: Ordinateur Portable<\/li>\n<li>Compatible:\n<ul>\n<li>SSD NVMe<\/li>\n<li>PC\/Notebook<\/li>\n<\/ul>\n<\/li>\n<li>Plage de temp\u00e9ratures de travail: 0\u00ba \/ 70\u00ba<\/li>\n<\/ul>","protected":false},"excerpt":{"rendered":"<p>Si vous \u00eates passionn\u00e9 d&#8217;informatique et d&#8217;\u00e9lectronique, si vous \u00eates \u00e0 la pointe de la technologie et qu&#8217;aucun d\u00e9tail ne vous \u00e9chappe, achetez Disque dur Kingston SFYR2S\/4T0 4 TB SSD au meilleur prix. Le Kingston FURY Renegade G5 SFYR2S\/4T0 est un disque dur SSD haute performance con\u00e7u pour r\u00e9pondre aux exigences des joueurs, passionn\u00e9s et [&hellip;]<\/p>\n","protected":false},"featured_media":27309,"comment_status":"open","ping_status":"closed","template":"","meta":[],"product_brand":[638],"product_cat":[588,65,584],"product_tag":[106],"class_list":{"0":"post-27312","1":"product","2":"type-product","3":"status-publish","4":"has-post-thumbnail","6":"product_brand-brandp_557","7":"product_cat-disques-durs","8":"product_cat-informatique-electronique","9":"product_cat-informatique-reseaux-et-composants","10":"product_tag-tag_1295","12":"first","13":"instock","14":"taxable","15":"shipping-taxable","16":"purchasable","17":"product-type-simple"},"_links":{"self":[{"href":"https:\/\/bigbuy.tupique.com\/en\/wp-json\/wp\/v2\/product\/27312","targetHints":{"allow":["GET"]}}],"collection":[{"href":"https:\/\/bigbuy.tupique.com\/en\/wp-json\/wp\/v2\/product"}],"about":[{"href":"https:\/\/bigbuy.tupique.com\/en\/wp-json\/wp\/v2\/types\/product"}],"replies":[{"embeddable":true,"href":"https:\/\/bigbuy.tupique.com\/en\/wp-json\/wp\/v2\/comments?post=27312"}],"wp:featuredmedia":[{"embeddable":true,"href":"https:\/\/bigbuy.tupique.com\/en\/wp-json\/wp\/v2\/media\/27309"}],"wp:attachment":[{"href":"https:\/\/bigbuy.tupique.com\/en\/wp-json\/wp\/v2\/media?parent=27312"}],"wp:term":[{"taxonomy":"product_brand","embeddable":true,"href":"https:\/\/bigbuy.tupique.com\/en\/wp-json\/wp\/v2\/product_brand?post=27312"},{"taxonomy":"product_cat","embeddable":true,"href":"https:\/\/bigbuy.tupique.com\/en\/wp-json\/wp\/v2\/product_cat?post=27312"},{"taxonomy":"product_tag","embeddable":true,"href":"https:\/\/bigbuy.tupique.com\/en\/wp-json\/wp\/v2\/product_tag?post=27312"}],"curies":[{"name":"wp","href":"https:\/\/api.w.org\/{rel}","templated":true}]}}