{"id":27306,"date":"2026-03-29T23:02:29","date_gmt":"2026-03-29T22:02:29","guid":{"rendered":"https:\/\/bigbuy.tupique.com\/produto\/uninterruptible-power-supply-system-interactive-ups-eaton-3p1700ud\/"},"modified":"2026-04-15T04:09:27","modified_gmt":"2026-04-15T03:09:27","slug":"uninterruptible-power-supply-system-interactive-ups-eaton-3p1700ud","status":"publish","type":"product","link":"https:\/\/bigbuy.tupique.com\/en\/produto\/uninterruptible-power-supply-system-interactive-ups-eaton-3p1700ud\/","title":{"rendered":"Syst\u00e8me d&#8217;Alimentation Sans Interruption Interactif Eaton 3P1700UD"},"content":{"rendered":"<p>Si vous \u00eates \u00e0 la recherche de nouvelles tendances sur le march\u00e9, nous vous pr\u00e9sentons <b>Syst\u00e8me d&#8217;Alimentation Sans Interruption Interactif Eaton 3P1700UD<\/b> !<\/p>\n<p>Le <b>SAI Interactif Eaton 3P1700UD<\/b> est une solution avanc\u00e9e de protection \u00e9lectrique con\u00e7ue sp\u00e9cialement pour les environnements professionnels, tels que les <b>PC \u00e0 usage intensif ou terminaux de point de vente<\/b>, o\u00f9 la continuit\u00e9 et la s\u00e9curit\u00e9 \u00e9nerg\u00e9tique sont essentielles. Ce SAI, au <b>format tour<\/b> et finition <b>noire<\/b>, int\u00e8gre une technologie LED pour un contr\u00f4le visuel clair de l\u2019\u00e9tat de fonctionnement, facilitant la surveillance en temps r\u00e9el et permettant d\u2019identifier rapidement des \u00e9v\u00e9nements critiques comme une <b>surcharge<\/b>. Avec une <b>puissance de sortie de 1700 VA (1040 W)<\/b>, il offre un soutien suffisant aux \u00e9quipements informatiques et p\u00e9riph\u00e9riques lors de coupures ou de fluctuations du r\u00e9seau, \u00e9vitant ainsi la perte de donn\u00e9es ou les dommages dus \u00e0 des interruptions soudaines. Fabriqu\u00e9 en <b>ABS<\/b> robuste, l\u2019appareil assure une durabilit\u00e9 dans les environnements de travail exigeants et dispose d\u2019une <b>fonction d\u2019arr\u00eat automatique<\/b> pour plus d\u2019efficacit\u00e9 et de s\u00e9curit\u00e9, ainsi que d\u2019un <b>indicateur de surcharge<\/b> prot\u00e9geant contre les risques \u00e9lectriques. La pr\u00e9sence d\u2019un <b>port USB<\/b> facilite la gestion et la surveillance du SAI depuis l\u2019ordinateur, permettant de configurer des alertes et de r\u00e9aliser des arr\u00eats contr\u00f4l\u00e9s. Il inclut un <b>guide d\u2019installation<\/b> qui simplifie sa mise en service, garantissant une installation ais\u00e9e m\u00eame pour les utilisateurs moins exp\u00e9riment\u00e9s. Ce SAI interactif allie fiabilit\u00e9 et polyvalence, se positionnant comme un outil essentiel pour maintenir l\u2019op\u00e9rabilit\u00e9 des syst\u00e8mes \u00e9lectroniques sensibles face aux variations \u00e9lectriques en milieu professionnel.<\/p>\n<ul>\n<li>Type:\n<ul>\n<li>Syst\u00e8me d&#8217;Alimentation Sans Interruption Interactif<\/li>\n<li>C13<\/li>\n<li>Tour<\/li>\n<\/ul>\n<\/li>\n<li>Produit \u00e0 brancher: Oui<\/li>\n<li>Type de prise: Prise EU<\/li>\n<li>Bloc d\u2019Alimentation: r\u00e9seau \u00e9lectrique<\/li>\n<li>Couleur: Noir<\/li>\n<li>Connexions:\n<ul>\n<li>USB 2.0<\/li>\n<li>AC x 8<\/li>\n<li>USB<\/li>\n<li>RJ45<\/li>\n<\/ul>\n<\/li>\n<li>Capacit\u00e9 de la batterie: 9 Ah<\/li>\n<li>Niveau sonore: 25 dB<\/li>\n<li>Mati\u00e8re: ABS<\/li>\n<li>Caract\u00e9ristiques:\n<ul>\n<li>Arr\u00eat Automatique<\/li>\n<li>Guide d&#8217;installation inclus<\/li>\n<li>Indicateur de surcharge<\/li>\n<\/ul>\n<\/li>\n<li>Tension:\n<ul>\n<li>12 V<\/li>\n<li>230 V<\/li>\n<\/ul>\n<\/li>\n<li>Technologie: LED<\/li>\n<li>Nombre de batteries: 2<\/li>\n<li>Type de commande: Boutons<\/li>\n<li>Tension d&#8217;entr\u00e9e AC: 220-240 V<\/li>\n<li>Poids: 8,8 kg<\/li>\n<li>Facteur de forme: Tower<\/li>\n<li>Fr\u00e9quence: 50\/60 Hz<\/li>\n<li>Type de batterie: Litio Ion<\/li>\n<li>Longueur: 30,5 cm<\/li>\n<\/ul>","protected":false},"excerpt":{"rendered":"<p>Si vous \u00eates \u00e0 la recherche de nouvelles tendances sur le march\u00e9, nous vous pr\u00e9sentons Syst\u00e8me d&#8217;Alimentation Sans Interruption Interactif Eaton 3P1700UD ! Le SAI Interactif Eaton 3P1700UD est une solution avanc\u00e9e de protection \u00e9lectrique con\u00e7ue sp\u00e9cialement pour les environnements professionnels, tels que les PC \u00e0 usage intensif ou terminaux de point de vente, o\u00f9 [&hellip;]<\/p>\n","protected":false},"featured_media":27305,"comment_status":"open","ping_status":"closed","template":"","meta":[],"product_brand":[652],"product_cat":[65,581,603],"product_tag":[106],"class_list":{"0":"post-27306","1":"product","2":"type-product","3":"status-publish","4":"has-post-thumbnail","6":"product_brand-brandp_4815","7":"product_cat-informatique-electronique","8":"product_cat-informatique-peripheriques-et-consommables","9":"product_cat-ups","10":"product_tag-tag_1295","12":"first","13":"instock","14":"taxable","15":"shipping-taxable","16":"purchasable","17":"product-type-simple"},"_links":{"self":[{"href":"https:\/\/bigbuy.tupique.com\/en\/wp-json\/wp\/v2\/product\/27306","targetHints":{"allow":["GET"]}}],"collection":[{"href":"https:\/\/bigbuy.tupique.com\/en\/wp-json\/wp\/v2\/product"}],"about":[{"href":"https:\/\/bigbuy.tupique.com\/en\/wp-json\/wp\/v2\/types\/product"}],"replies":[{"embeddable":true,"href":"https:\/\/bigbuy.tupique.com\/en\/wp-json\/wp\/v2\/comments?post=27306"}],"wp:featuredmedia":[{"embeddable":true,"href":"https:\/\/bigbuy.tupique.com\/en\/wp-json\/wp\/v2\/media\/27305"}],"wp:attachment":[{"href":"https:\/\/bigbuy.tupique.com\/en\/wp-json\/wp\/v2\/media?parent=27306"}],"wp:term":[{"taxonomy":"product_brand","embeddable":true,"href":"https:\/\/bigbuy.tupique.com\/en\/wp-json\/wp\/v2\/product_brand?post=27306"},{"taxonomy":"product_cat","embeddable":true,"href":"https:\/\/bigbuy.tupique.com\/en\/wp-json\/wp\/v2\/product_cat?post=27306"},{"taxonomy":"product_tag","embeddable":true,"href":"https:\/\/bigbuy.tupique.com\/en\/wp-json\/wp\/v2\/product_tag?post=27306"}],"curies":[{"name":"wp","href":"https:\/\/api.w.org\/{rel}","templated":true}]}}