{"id":27292,"date":"2026-03-29T23:02:08","date_gmt":"2026-03-29T22:02:08","guid":{"rendered":"https:\/\/bigbuy.tupique.com\/produto\/switch-trendnet-tpe-7124sbf\/"},"modified":"2026-04-16T10:11:19","modified_gmt":"2026-04-16T09:11:19","slug":"switch-trendnet-tpe-7124sbf","status":"publish","type":"product","link":"https:\/\/bigbuy.tupique.com\/en\/produto\/switch-trendnet-tpe-7124sbf\/","title":{"rendered":"Switch Trendnet TPE-7124SBF"},"content":{"rendered":"<p>Si vous \u00eates passionn\u00e9 d&#8217;<b>informatique et d&#8217;\u00e9lectronique<\/b>, si vous \u00eates \u00e0 la pointe de la technologie et qu&#8217;aucun d\u00e9tail ne vous \u00e9chappe, achetez <b>Switch Trendnet TPE-7124SBF<\/b> au meilleur prix.<\/p>\n<p>Le <b>switch TPE-7124SBF<\/b> de <b>Trendnet<\/b> est un <b>switch manageable<\/b> con\u00e7u pour des environnements professionnels n\u00e9cessitant une haute capacit\u00e9 de connectivit\u00e9 et une gestion r\u00e9seau avanc\u00e9e. Il offre un total de <b>12 ports<\/b> combinant des <b>connexions RJ45<\/b> standards et des ports aliment\u00e9s par <b>PoE (Power over Ethernet)<\/b>, incluant <b>4 ports PoE<\/b>, <b>1 port PoE<\/b> et <b>5 ports PoE<\/b> suppl\u00e9mentaires, permettant d\u2019alimenter directement via le c\u00e2ble r\u00e9seau des appareils compatibles comme des cam\u00e9ras IP ou points d\u2019acc\u00e8s sans fil, simplifiant ainsi l\u2019installation et r\u00e9duisant le c\u00e2blage. La majorit\u00e9 des ports RJ45 supportent des vitesses de <b>10G Ethernet (100\/1000\/10000 Mbps)<\/b>, offrant des performances \u00e9lev\u00e9es pour les transferts de donn\u00e9es intensifs et les connexions \u00e0 faible latence. Ce dispositif dispose d\u2019une <b>capacit\u00e9 de commutation de 240 Gbit\/s<\/b> et d\u2019une <b>table d\u2019adresses MAC de 32 000 entr\u00e9es<\/b>, garantissant une gestion efficace du trafic r\u00e9seau et une grande \u00e9volutivit\u00e9 pour les infrastructures d\u2019entreprise. Il est compatible avec un large \u00e9ventail de <b>normes r\u00e9seau IEEE<\/b>, incluant des protocoles avanc\u00e9s pour la gestion des VLAN (IEEE 802.1Q), la qualit\u00e9 de service (IEEE 802.1p), l\u2019agr\u00e9gation de liens (IEEE 802.1s) et la s\u00e9curit\u00e9 (IEEE 802.1x), assurant flexibilit\u00e9 et s\u00e9curit\u00e9 dans l\u2019environnement r\u00e9seau. L\u2019appareil pr\u00e9sente un design en <b>noir<\/b> et est pr\u00eat pour un <b>montage en rack<\/b>, optimisant son int\u00e9gration dans les centres de donn\u00e9es ou armoires de communication. Gr\u00e2ce \u00e0 son architecture robuste et ses fonctionnalit\u00e9s avanc\u00e9es, le TPE-7124SBF est une solution efficace pour les entreprises n\u00e9cessitant un r\u00e9seau fiable, avec alimentation PoE int\u00e9gr\u00e9e et support du trafic \u00e0 large bande passante, alliant performance, s\u00e9curit\u00e9 et adaptabilit\u00e9 dans les infrastructures modernes. Ce mod\u00e8le constitue une option adapt\u00e9e pour g\u00e9rer des r\u00e9seaux d\u2019entreprise complexes avec des besoins \u00e9lev\u00e9s en connectivit\u00e9 et alimentation via Ethernet.<\/p>\n<ul>\n<li>Produit \u00e0 brancher: Oui<\/li>\n<li>Type de prise: Prise EU<\/li>\n<li>Type: Switch<\/li>\n<li>Bloc d\u2019Alimentation: r\u00e9seau \u00e9lectrique<\/li>\n<li>Couleur: Noir<\/li>\n<li>Connexions:\n<ul>\n<li>RJ45<\/li>\n<li>PoE x 1<\/li>\n<li>PoE x 4<\/li>\n<li>PoE x 5<\/li>\n<li>PoE x 24<\/li>\n<li>PoE x 8<\/li>\n<li>PoE x 48<\/li>\n<li>PoE x 2<\/li>\n<li>PoE x 16<\/li>\n<li>PoE x 32<\/li>\n<li>PoE<\/li>\n<\/ul>\n<\/li>\n<li>Tension: 100-240 V<\/li>\n<li>Ventillateur: 3<\/li>\n<li>Fr\u00e9quence: 50-60 Hz<\/li>\n<li>Ports: 12<\/li>\n<li>Connectivit\u00e9:\n<ul>\n<li>PoE<\/li>\n<li>10 Gigabit Ethernet<\/li>\n<\/ul>\n<\/li>\n<li>Transmission de donn\u00e9es: 10000 Mbit\/s<\/li>\n<\/ul>","protected":false},"excerpt":{"rendered":"<p>Si vous \u00eates passionn\u00e9 d&#8217;informatique et d&#8217;\u00e9lectronique, si vous \u00eates \u00e0 la pointe de la technologie et qu&#8217;aucun d\u00e9tail ne vous \u00e9chappe, achetez Switch Trendnet TPE-7124SBF au meilleur prix. Le switch TPE-7124SBF de Trendnet est un switch manageable con\u00e7u pour des environnements professionnels n\u00e9cessitant une haute capacit\u00e9 de connectivit\u00e9 et une gestion r\u00e9seau avanc\u00e9e. Il [&hellip;]<\/p>\n","protected":false},"featured_media":27289,"comment_status":"open","ping_status":"closed","template":"","meta":[],"product_brand":[635],"product_cat":[65,584,585],"product_tag":[106],"class_list":{"0":"post-27292","1":"product","2":"type-product","3":"status-publish","4":"has-post-thumbnail","6":"product_brand-brandp_4777","7":"product_cat-informatique-electronique","8":"product_cat-informatique-reseaux-et-composants","9":"product_cat-switch","10":"product_tag-tag_1295","12":"first","13":"instock","14":"taxable","15":"shipping-taxable","16":"purchasable","17":"product-type-simple"},"_links":{"self":[{"href":"https:\/\/bigbuy.tupique.com\/en\/wp-json\/wp\/v2\/product\/27292","targetHints":{"allow":["GET"]}}],"collection":[{"href":"https:\/\/bigbuy.tupique.com\/en\/wp-json\/wp\/v2\/product"}],"about":[{"href":"https:\/\/bigbuy.tupique.com\/en\/wp-json\/wp\/v2\/types\/product"}],"replies":[{"embeddable":true,"href":"https:\/\/bigbuy.tupique.com\/en\/wp-json\/wp\/v2\/comments?post=27292"}],"wp:featuredmedia":[{"embeddable":true,"href":"https:\/\/bigbuy.tupique.com\/en\/wp-json\/wp\/v2\/media\/27289"}],"wp:attachment":[{"href":"https:\/\/bigbuy.tupique.com\/en\/wp-json\/wp\/v2\/media?parent=27292"}],"wp:term":[{"taxonomy":"product_brand","embeddable":true,"href":"https:\/\/bigbuy.tupique.com\/en\/wp-json\/wp\/v2\/product_brand?post=27292"},{"taxonomy":"product_cat","embeddable":true,"href":"https:\/\/bigbuy.tupique.com\/en\/wp-json\/wp\/v2\/product_cat?post=27292"},{"taxonomy":"product_tag","embeddable":true,"href":"https:\/\/bigbuy.tupique.com\/en\/wp-json\/wp\/v2\/product_tag?post=27292"}],"curies":[{"name":"wp","href":"https:\/\/api.w.org\/{rel}","templated":true}]}}