{"id":27288,"date":"2026-03-29T23:02:01","date_gmt":"2026-03-29T22:02:01","guid":{"rendered":"https:\/\/bigbuy.tupique.com\/produto\/switch-trendnet-tpe-3102ws\/"},"modified":"2026-04-16T09:21:22","modified_gmt":"2026-04-16T08:21:22","slug":"switch-trendnet-tpe-3102ws","status":"publish","type":"product","link":"https:\/\/bigbuy.tupique.com\/en\/produto\/switch-trendnet-tpe-3102ws\/","title":{"rendered":"Switch Trendnet TPE-3102WS"},"content":{"rendered":"<p>Si vous \u00eates passionn\u00e9 d&#8217;<b>informatique et d&#8217;\u00e9lectronique<\/b>, si vous \u00eates \u00e0 la pointe de la technologie et qu&#8217;aucun d\u00e9tail ne vous \u00e9chappe, achetez <b>Switch Trendnet TPE-3102WS<\/b> au meilleur prix.<\/p>\n<p>Le <b>switch manageable Trendnet TPE-3102WS<\/b> est un \u00e9quipement r\u00e9seau con\u00e7u pour les environnements professionnels n\u00e9cessitant haute fiabilit\u00e9 et performances avanc\u00e9es. Il dispose de <b>10 ports de connexion<\/b>, dont <b>8 ports RJ-45 avec support PoE (Power over Ethernet)<\/b> capables d\u2019alimenter directement les appareils compatibles, simplifiant l\u2019installation de cam\u00e9ras IP, points d\u2019acc\u00e8s sans fil et t\u00e9l\u00e9phones IP. Il int\u00e8gre \u00e9galement <b>2 ports RJ-45 Ethernet 2,5G<\/b> offrant des connexions rapides jusqu\u2019\u00e0 2,5 Gbit\/s, facilitant le trafic intense de donn\u00e9es et l\u2019interconnexion efficace avec d\u2019autres \u00e9quipements r\u00e9seau ou serveurs. Sa capacit\u00e9 de commutation atteint <b>80 Gbit\/s<\/b>, assurant une gestion fluide du trafic dans les r\u00e9seaux exigeants sans latence, tandis que la table d\u2019adresses MAC avec <b>16 000 entr\u00e9es<\/b> permet une gestion avanc\u00e9e et une segmentation du trafic. Ce mod\u00e8le prend en charge de nombreux standards r\u00e9seau tels que <b>IEEE 802.1D, 802.1Q, 802.1p, 802.1s, 802.1w, 802.1x<\/b> et <b>IEEE 802.3ab<\/b>, garantissant compatibilit\u00e9 et fonctionnalit\u00e9s avanc\u00e9es comme VLAN, qualit\u00e9 de service (QoS), s\u00e9curit\u00e9 et protocoles de redondance pour optimiser disponibilit\u00e9 et s\u00e9curit\u00e9 du r\u00e9seau. Son ch\u00e2ssis de couleur <b>noir<\/b> permet une installation en rack standard, facilitant son int\u00e9gration dans les centres de donn\u00e9es ou armoires de communication professionnelles. En r\u00e9sum\u00e9, le <b>Trendnet TPE-3102WS<\/b> offre une solution robuste et polyvalente pour r\u00e9seaux manag\u00e9s, combinant puissance de commutation et support PoE, alliant vitesse, capacit\u00e9 et fonctions avanc\u00e9es pour optimiser les infrastructures r\u00e9seau d\u2019entreprise.<\/p>\n<ul>\n<li>Produit \u00e0 brancher: Oui<\/li>\n<li>Type de prise: Prise EU<\/li>\n<li>Type: Switch<\/li>\n<li>Bloc d\u2019Alimentation: r\u00e9seau \u00e9lectrique<\/li>\n<li>Couleur: Noir<\/li>\n<li>Connexions:\n<ul>\n<li>RJ45<\/li>\n<li>PoE<\/li>\n<li>RJ45 x 2<\/li>\n<li>PoE x 8<\/li>\n<\/ul>\n<\/li>\n<li>Tension: 100-240 V<\/li>\n<li>Ventillateur: 1<\/li>\n<li>Fr\u00e9quence: 50-60 Hz<\/li>\n<li>Ports: 10<\/li>\n<li>Connectivit\u00e9:\n<ul>\n<li>PoE<\/li>\n<li>LAN 10\/100\/1000<\/li>\n<\/ul>\n<\/li>\n<li>Transmission de donn\u00e9es: 100 Mbit\/s<\/li>\n<\/ul>","protected":false},"excerpt":{"rendered":"<p>Si vous \u00eates passionn\u00e9 d&#8217;informatique et d&#8217;\u00e9lectronique, si vous \u00eates \u00e0 la pointe de la technologie et qu&#8217;aucun d\u00e9tail ne vous \u00e9chappe, achetez Switch Trendnet TPE-3102WS au meilleur prix. Le switch manageable Trendnet TPE-3102WS est un \u00e9quipement r\u00e9seau con\u00e7u pour les environnements professionnels n\u00e9cessitant haute fiabilit\u00e9 et performances avanc\u00e9es. Il dispose de 10 ports de [&hellip;]<\/p>\n","protected":false},"featured_media":27285,"comment_status":"open","ping_status":"closed","template":"","meta":[],"product_brand":[635],"product_cat":[65,584,585],"product_tag":[106],"class_list":{"0":"post-27288","1":"product","2":"type-product","3":"status-publish","4":"has-post-thumbnail","6":"product_brand-brandp_4777","7":"product_cat-informatique-electronique","8":"product_cat-informatique-reseaux-et-composants","9":"product_cat-switch","10":"product_tag-tag_1295","12":"first","13":"instock","14":"taxable","15":"shipping-taxable","16":"purchasable","17":"product-type-simple"},"_links":{"self":[{"href":"https:\/\/bigbuy.tupique.com\/en\/wp-json\/wp\/v2\/product\/27288","targetHints":{"allow":["GET"]}}],"collection":[{"href":"https:\/\/bigbuy.tupique.com\/en\/wp-json\/wp\/v2\/product"}],"about":[{"href":"https:\/\/bigbuy.tupique.com\/en\/wp-json\/wp\/v2\/types\/product"}],"replies":[{"embeddable":true,"href":"https:\/\/bigbuy.tupique.com\/en\/wp-json\/wp\/v2\/comments?post=27288"}],"wp:featuredmedia":[{"embeddable":true,"href":"https:\/\/bigbuy.tupique.com\/en\/wp-json\/wp\/v2\/media\/27285"}],"wp:attachment":[{"href":"https:\/\/bigbuy.tupique.com\/en\/wp-json\/wp\/v2\/media?parent=27288"}],"wp:term":[{"taxonomy":"product_brand","embeddable":true,"href":"https:\/\/bigbuy.tupique.com\/en\/wp-json\/wp\/v2\/product_brand?post=27288"},{"taxonomy":"product_cat","embeddable":true,"href":"https:\/\/bigbuy.tupique.com\/en\/wp-json\/wp\/v2\/product_cat?post=27288"},{"taxonomy":"product_tag","embeddable":true,"href":"https:\/\/bigbuy.tupique.com\/en\/wp-json\/wp\/v2\/product_tag?post=27288"}],"curies":[{"name":"wp","href":"https:\/\/api.w.org\/{rel}","templated":true}]}}