{"id":27112,"date":"2026-03-29T22:57:32","date_gmt":"2026-03-29T21:57:32","guid":{"rendered":"https:\/\/bigbuy.tupique.com\/produto\/digital-camera-smart-technologies-sdc-650\/"},"modified":"2026-04-15T04:09:11","modified_gmt":"2026-04-15T03:09:11","slug":"digital-camera-smart-technologies-sdc-650","status":"publish","type":"product","link":"https:\/\/bigbuy.tupique.com\/en\/produto\/digital-camera-smart-technologies-sdc-650\/","title":{"rendered":"Appareil Photo Num\u00e9rique Smart Technologies SDC-650"},"content":{"rendered":"<p>Si vous \u00eates \u00e0 la recherche de nouvelles tendances sur le march\u00e9, nous vous pr\u00e9sentons <b>Appareil Photo Num\u00e9rique Smart Technologies SDC-650<\/b> !<\/p>\n<ul>\n<li>Produit \u00e0 brancher: Oui<\/li>\n<li>Type de prise: Prise EU<\/li>\n<li>Bloc d\u2019Alimentation:\n<ul>\n<li>r\u00e9seau \u00e9lectrique<\/li>\n<li>CA<\/li>\n<li>CC<\/li>\n<\/ul>\n<\/li>\n<li>Couleur: Noir<\/li>\n<li>R\u00e9solution: 4K Ultra HD<\/li>\n<li>Capteur: CMOS<\/li>\n<li>Type de batterie: Int\u00e9gr\u00e9e<\/li>\n<li>Tension: 5 V<\/li>\n<li>Connexions:\n<ul>\n<li>USB 2.0 x 3<\/li>\n<li>HDMI x 1<\/li>\n<\/ul>\n<\/li>\n<li>Fr\u00e9quence: 50 &#8211; 60 Hz<\/li>\n<li>Inclut:\n<ul>\n<li>T\u00e9l\u00e9commande<\/li>\n<li>Piles<\/li>\n<li>Manuel de l&#8217;utilisateur<\/li>\n<\/ul>\n<\/li>\n<li>Non Inclus: Adaptateur AC<\/li>\n<li>Tension d&#8217;entr\u00e9e AC: 100 &#8211; 240 V<\/li>\n<li>R\u00e9solution (px): 1920 x 1080 px<\/li>\n<\/ul>","protected":false},"excerpt":{"rendered":"<p>Si vous \u00eates \u00e0 la recherche de nouvelles tendances sur le march\u00e9, nous vous pr\u00e9sentons Appareil Photo Num\u00e9rique Smart Technologies SDC-650 ! Produit \u00e0 brancher: Oui Type de prise: Prise EU Bloc d\u2019Alimentation: r\u00e9seau \u00e9lectrique CA CC Couleur: Noir R\u00e9solution: 4K Ultra HD Capteur: CMOS Type de batterie: Int\u00e9gr\u00e9e Tension: 5 V Connexions: USB 2.0 [&hellip;]<\/p>\n","protected":false},"featured_media":27110,"comment_status":"open","ping_status":"closed","template":"","meta":[],"product_brand":[1168],"product_cat":[1064,600,65],"product_tag":[571],"class_list":{"0":"post-27112","1":"product","2":"type-product","3":"status-publish","4":"has-post-thumbnail","6":"product_brand-brandp_10285","7":"product_cat-appareils-photo-compacts","8":"product_cat-electronique-photo-et-video","9":"product_cat-informatique-electronique","10":"product_tag-tag_27","12":"first","13":"instock","14":"taxable","15":"shipping-taxable","16":"purchasable","17":"product-type-simple"},"_links":{"self":[{"href":"https:\/\/bigbuy.tupique.com\/en\/wp-json\/wp\/v2\/product\/27112","targetHints":{"allow":["GET"]}}],"collection":[{"href":"https:\/\/bigbuy.tupique.com\/en\/wp-json\/wp\/v2\/product"}],"about":[{"href":"https:\/\/bigbuy.tupique.com\/en\/wp-json\/wp\/v2\/types\/product"}],"replies":[{"embeddable":true,"href":"https:\/\/bigbuy.tupique.com\/en\/wp-json\/wp\/v2\/comments?post=27112"}],"wp:featuredmedia":[{"embeddable":true,"href":"https:\/\/bigbuy.tupique.com\/en\/wp-json\/wp\/v2\/media\/27110"}],"wp:attachment":[{"href":"https:\/\/bigbuy.tupique.com\/en\/wp-json\/wp\/v2\/media?parent=27112"}],"wp:term":[{"taxonomy":"product_brand","embeddable":true,"href":"https:\/\/bigbuy.tupique.com\/en\/wp-json\/wp\/v2\/product_brand?post=27112"},{"taxonomy":"product_cat","embeddable":true,"href":"https:\/\/bigbuy.tupique.com\/en\/wp-json\/wp\/v2\/product_cat?post=27112"},{"taxonomy":"product_tag","embeddable":true,"href":"https:\/\/bigbuy.tupique.com\/en\/wp-json\/wp\/v2\/product_tag?post=27112"}],"curies":[{"name":"wp","href":"https:\/\/api.w.org\/{rel}","templated":true}]}}