{"id":26977,"date":"2026-03-29T22:43:58","date_gmt":"2026-03-29T21:43:58","guid":{"rendered":"https:\/\/bigbuy.tupique.com\/produto\/nas-network-storage-synology-dp340\/"},"modified":"2026-04-15T04:08:58","modified_gmt":"2026-04-15T03:08:58","slug":"nas-network-storage-synology-dp340","status":"publish","type":"product","link":"https:\/\/bigbuy.tupique.com\/en\/produto\/nas-network-storage-synology-dp340\/","title":{"rendered":"Stockage en R\u00e9seau NAS Synology DP340"},"content":{"rendered":"<p>Si vous \u00eates \u00e0 la recherche de nouvelles tendances sur le march\u00e9, nous vous pr\u00e9sentons <b>Stockage en R\u00e9seau NAS Synology DP340<\/b> !<\/p>\n<p>Le <b>Synology DP340<\/b> est un appareil de <b>stockage en r\u00e9seau NAS<\/b> con\u00e7u pour offrir des solutions efficaces de gestion et de sauvegarde des donn\u00e9es dans des environnements professionnels et domestiques. Il pr\u00e9sente un design <b>de type bureau<\/b> en couleur <b>noir<\/b> avec un profil compact de <b>19 mm<\/b>, facilitant son int\u00e9gration dans des espaces r\u00e9duits sans sacrifier des performances solides. Il int\u00e8gre un <b>processeur R1600<\/b>, lui fournissant la puissance n\u00e9cessaire pour g\u00e9rer des t\u00e2ches intensives et garantir un fonctionnement stable m\u00eame sous charge. De plus, il dispose d\u2019une m\u00e9moire interne \u00e9tendue de <b>16 Go de RAM<\/b>, se distinguant des mod\u00e8les similaires en offrant un traitement plus fluide et permettant l\u2019utilisation simultan\u00e9e de plusieurs applications et services de stockage. C\u00f4t\u00e9 connectivit\u00e9, le DP340 est \u00e9quip\u00e9 de <b>deux ports Ethernet LAN RJ45<\/b>, permettant des configurations r\u00e9seau flexibles et des connexions fiables pour un acc\u00e8s rapide aux donn\u00e9es. Il propose \u00e9galement une connexion <b>USB 3.2<\/b>, assurant des transferts rapides avec des p\u00e9riph\u00e9riques externes. Son design comprend des indicateurs LED facilitant la surveillance visuelle de l\u2019\u00e9tat du syst\u00e8me et de l\u2019activit\u00e9 des disques, contribuant \u00e0 une gestion simple et efficace. Ce NAS offre une solution de stockage polyvalente et performante, adapt\u00e9e aux utilisateurs recherchant s\u00e9curit\u00e9, rapidit\u00e9 et capacit\u00e9 dans un appareil compact de bureau. En r\u00e9sum\u00e9, le Synology DP340 repr\u00e9sente une option \u00e9quilibr\u00e9e pour ceux qui souhaitent un syst\u00e8me de stockage en r\u00e9seau robuste et fiable.<\/p>\n<ul>\n<li>Produit \u00e0 brancher: Oui<\/li>\n<li>Type de prise: Prise EU<\/li>\n<li>Bloc d\u2019Alimentation: r\u00e9seau \u00e9lectrique<\/li>\n<li>Type:\n<ul>\n<li>NAS<\/li>\n<li>Bureau<\/li>\n<li>HDD\/SSD<\/li>\n<\/ul>\n<\/li>\n<li>Couleur: Noir<\/li>\n<li>Connexions:\n<ul>\n<li>Ethernet LAN<\/li>\n<li>2<\/li>\n<li>RJ45<\/li>\n<li>USB 3.2<\/li>\n<\/ul>\n<\/li>\n<li>Fr\u00e9quence: 50-60 Hz<\/li>\n<li>Caract\u00e9ristiques:\n<ul>\n<li>T\u00e9moin LED<\/li>\n<li>Verrou de s\u00e9curit\u00e9<\/li>\n<\/ul>\n<\/li>\n<li>M\u00e9moire RAM: 16 GB RAM<\/li>\n<li>Ventillateur: 2<\/li>\n<li>Compartiments 3,5&#8243;: 4<\/li>\n<li>Inclut: Adaptateur<\/li>\n<li>Connectivit\u00e9: Ethernet LAN<\/li>\n<li>Tension: 100 &#8211; 240 V<\/li>\n<li>Taille: 3,5&#8243;<\/li>\n<li>Fr\u00e9quence d&#8217;entr\u00e9e AC: 50-60 Hz<\/li>\n<li>Connecteurs: Kensington<\/li>\n<li>Processeur: AMD Ryzen R1600<\/li>\n<li>Famille de processeurs: AMD<\/li>\n<\/ul>","protected":false},"excerpt":{"rendered":"<p>Si vous \u00eates \u00e0 la recherche de nouvelles tendances sur le march\u00e9, nous vous pr\u00e9sentons Stockage en R\u00e9seau NAS Synology DP340 ! Le Synology DP340 est un appareil de stockage en r\u00e9seau NAS con\u00e7u pour offrir des solutions efficaces de gestion et de sauvegarde des donn\u00e9es dans des environnements professionnels et domestiques. Il pr\u00e9sente un [&hellip;]<\/p>\n","protected":false},"featured_media":26976,"comment_status":"open","ping_status":"closed","template":"","meta":[],"product_brand":[990],"product_cat":[65,584,612],"product_tag":[106],"class_list":{"0":"post-26977","1":"product","2":"type-product","3":"status-publish","4":"has-post-thumbnail","6":"product_brand-brandp_653","7":"product_cat-informatique-electronique","8":"product_cat-informatique-reseaux-et-composants","9":"product_cat-routeurs-et-modems","10":"product_tag-tag_1295","12":"first","13":"instock","14":"taxable","15":"shipping-taxable","16":"purchasable","17":"product-type-simple"},"_links":{"self":[{"href":"https:\/\/bigbuy.tupique.com\/en\/wp-json\/wp\/v2\/product\/26977","targetHints":{"allow":["GET"]}}],"collection":[{"href":"https:\/\/bigbuy.tupique.com\/en\/wp-json\/wp\/v2\/product"}],"about":[{"href":"https:\/\/bigbuy.tupique.com\/en\/wp-json\/wp\/v2\/types\/product"}],"replies":[{"embeddable":true,"href":"https:\/\/bigbuy.tupique.com\/en\/wp-json\/wp\/v2\/comments?post=26977"}],"wp:featuredmedia":[{"embeddable":true,"href":"https:\/\/bigbuy.tupique.com\/en\/wp-json\/wp\/v2\/media\/26976"}],"wp:attachment":[{"href":"https:\/\/bigbuy.tupique.com\/en\/wp-json\/wp\/v2\/media?parent=26977"}],"wp:term":[{"taxonomy":"product_brand","embeddable":true,"href":"https:\/\/bigbuy.tupique.com\/en\/wp-json\/wp\/v2\/product_brand?post=26977"},{"taxonomy":"product_cat","embeddable":true,"href":"https:\/\/bigbuy.tupique.com\/en\/wp-json\/wp\/v2\/product_cat?post=26977"},{"taxonomy":"product_tag","embeddable":true,"href":"https:\/\/bigbuy.tupique.com\/en\/wp-json\/wp\/v2\/product_tag?post=26977"}],"curies":[{"name":"wp","href":"https:\/\/api.w.org\/{rel}","templated":true}]}}