{"id":26971,"date":"2026-03-29T22:43:51","date_gmt":"2026-03-29T21:43:51","guid":{"rendered":"https:\/\/bigbuy.tupique.com\/produto\/raid-controller-card-seagate-sths20000800-7200-rpm\/"},"modified":"2026-04-16T09:21:22","modified_gmt":"2026-04-16T08:21:22","slug":"raid-controller-card-seagate-sths20000800-7200-rpm","status":"publish","type":"product","link":"https:\/\/bigbuy.tupique.com\/en\/produto\/raid-controller-card-seagate-sths20000800-7200-rpm\/","title":{"rendered":"Carte de contr\u00f4leur RAID Seagate STHS20000800 7200 rpm"},"content":{"rendered":"<p>Si vous \u00eates passionn\u00e9 d&#8217;<b>informatique et d&#8217;\u00e9lectronique<\/b>, si vous \u00eates \u00e0 la pointe de la technologie et qu&#8217;aucun d\u00e9tail ne vous \u00e9chappe, achetez <b>Carte de contr\u00f4leur RAID Seagate STHS20000800 7200 rpm<\/b> au meilleur prix.<\/p>\n<ul>\n<li>Produit \u00e0 brancher: Oui<\/li>\n<li>Type de prise: Prise EU<\/li>\n<li>Bloc d\u2019Alimentation: r\u00e9seau \u00e9lectrique<\/li>\n<li>Couleur: Noir<\/li>\n<li>Taille: 3,5&#8243;<\/li>\n<li>Connexions:\n<ul>\n<li>DisplayPort<\/li>\n<li>USB 3.2<\/li>\n<\/ul>\n<\/li>\n<li>vitesse: 7200 rpm<\/li>\n<li>Disque dur: 20 TB<\/li>\n<\/ul>","protected":false},"excerpt":{"rendered":"<p>Si vous \u00eates passionn\u00e9 d&#8217;informatique et d&#8217;\u00e9lectronique, si vous \u00eates \u00e0 la pointe de la technologie et qu&#8217;aucun d\u00e9tail ne vous \u00e9chappe, achetez Carte de contr\u00f4leur RAID Seagate STHS20000800 7200 rpm au meilleur prix. Produit \u00e0 brancher: Oui Type de prise: Prise EU Bloc d\u2019Alimentation: r\u00e9seau \u00e9lectrique Couleur: Noir Taille: 3,5&#8243; Connexions: DisplayPort USB 3.2 [&hellip;]<\/p>\n","protected":false},"featured_media":26970,"comment_status":"open","ping_status":"closed","template":"","meta":[],"product_brand":[641],"product_cat":[604,65,584],"product_tag":[106],"class_list":{"0":"post-26971","1":"product","2":"type-product","3":"status-publish","4":"has-post-thumbnail","6":"product_brand-brandp_578","7":"product_cat-cartes-pci","8":"product_cat-informatique-electronique","9":"product_cat-informatique-reseaux-et-composants","10":"product_tag-tag_1295","12":"first","13":"instock","14":"taxable","15":"shipping-taxable","16":"purchasable","17":"product-type-simple"},"_links":{"self":[{"href":"https:\/\/bigbuy.tupique.com\/en\/wp-json\/wp\/v2\/product\/26971","targetHints":{"allow":["GET"]}}],"collection":[{"href":"https:\/\/bigbuy.tupique.com\/en\/wp-json\/wp\/v2\/product"}],"about":[{"href":"https:\/\/bigbuy.tupique.com\/en\/wp-json\/wp\/v2\/types\/product"}],"replies":[{"embeddable":true,"href":"https:\/\/bigbuy.tupique.com\/en\/wp-json\/wp\/v2\/comments?post=26971"}],"wp:featuredmedia":[{"embeddable":true,"href":"https:\/\/bigbuy.tupique.com\/en\/wp-json\/wp\/v2\/media\/26970"}],"wp:attachment":[{"href":"https:\/\/bigbuy.tupique.com\/en\/wp-json\/wp\/v2\/media?parent=26971"}],"wp:term":[{"taxonomy":"product_brand","embeddable":true,"href":"https:\/\/bigbuy.tupique.com\/en\/wp-json\/wp\/v2\/product_brand?post=26971"},{"taxonomy":"product_cat","embeddable":true,"href":"https:\/\/bigbuy.tupique.com\/en\/wp-json\/wp\/v2\/product_cat?post=26971"},{"taxonomy":"product_tag","embeddable":true,"href":"https:\/\/bigbuy.tupique.com\/en\/wp-json\/wp\/v2\/product_tag?post=26971"}],"curies":[{"name":"wp","href":"https:\/\/api.w.org\/{rel}","templated":true}]}}