{"id":26933,"date":"2026-03-29T22:42:54","date_gmt":"2026-03-29T21:42:54","guid":{"rendered":"https:\/\/bigbuy.tupique.com\/produto\/switch-cisco-0081555966959\/"},"modified":"2026-04-15T04:08:54","modified_gmt":"2026-04-15T03:08:54","slug":"switch-cisco-0081555966959","status":"publish","type":"product","link":"https:\/\/bigbuy.tupique.com\/en\/produto\/switch-cisco-0081555966959\/","title":{"rendered":"Switch CISCO 0081555966959"},"content":{"rendered":"<p>Si vous \u00eates passionn\u00e9 d&#8217;<b>informatique et d&#8217;\u00e9lectronique<\/b>, si vous \u00eates \u00e0 la pointe de la technologie et qu&#8217;aucun d\u00e9tail ne vous \u00e9chappe, achetez <b>Switch CISCO 0081555966959<\/b> au meilleur prix.<\/p>\n<ul>\n<li>Produit \u00e0 brancher: Oui<\/li>\n<li>Type de prise: Prise EU<\/li>\n<li>Type: Switch<\/li>\n<li>Bloc d\u2019Alimentation:\n<ul>\n<li>r\u00e9seau \u00e9lectrique<\/li>\n<li>Incluses<\/li>\n<\/ul>\n<\/li>\n<li>Couleur:\n<ul>\n<li>Gris<\/li>\n<li>Noir<\/li>\n<\/ul>\n<\/li>\n<li>Connexions:\n<ul>\n<li>RJ45 x 24<\/li>\n<li>PoE x 1<\/li>\n<li>Ethernet LAN<\/li>\n<\/ul>\n<\/li>\n<li>Tension:\n<ul>\n<li>100-240 V<\/li>\n<li>100 &#8211; 240 V<\/li>\n<\/ul>\n<\/li>\n<li>Fr\u00e9quence:\n<ul>\n<li>50-60 Hz<\/li>\n<li>50 &#8211; 60 Hz<\/li>\n<\/ul>\n<\/li>\n<li>M\u00e9moire Flash: 4000 MB<\/li>\n<li>Support: Multisupport<\/li>\n<li>Ports: 24<\/li>\n<li>consommation d&#8217;\u00e9nergie: 125 kWh<\/li>\n<li>Compatible:\n<ul>\n<li>Ordinateurs<\/li>\n<li>128-bit AES<\/li>\n<\/ul>\n<\/li>\n<li>Temp\u00e9rature approximative: -40\u00ba \/ 70\u00ba<\/li>\n<li>M\u00e9moire RAM: 2 GB<\/li>\n<\/ul>","protected":false},"excerpt":{"rendered":"<p>Si vous \u00eates passionn\u00e9 d&#8217;informatique et d&#8217;\u00e9lectronique, si vous \u00eates \u00e0 la pointe de la technologie et qu&#8217;aucun d\u00e9tail ne vous \u00e9chappe, achetez Switch CISCO 0081555966959 au meilleur prix. Produit \u00e0 brancher: Oui Type de prise: Prise EU Type: Switch Bloc d\u2019Alimentation: r\u00e9seau \u00e9lectrique Incluses Couleur: Gris Noir Connexions: RJ45 x 24 PoE x 1 [&hellip;]<\/p>\n","protected":false},"featured_media":26924,"comment_status":"open","ping_status":"closed","template":"","meta":[],"product_brand":[656],"product_cat":[65,584,585],"product_tag":[106],"class_list":{"0":"post-26933","1":"product","2":"type-product","3":"status-publish","4":"has-post-thumbnail","6":"product_brand-brandp_1036","7":"product_cat-informatique-electronique","8":"product_cat-informatique-reseaux-et-composants","9":"product_cat-switch","10":"product_tag-tag_1295","12":"first","13":"instock","14":"taxable","15":"shipping-taxable","16":"purchasable","17":"product-type-simple"},"_links":{"self":[{"href":"https:\/\/bigbuy.tupique.com\/en\/wp-json\/wp\/v2\/product\/26933","targetHints":{"allow":["GET"]}}],"collection":[{"href":"https:\/\/bigbuy.tupique.com\/en\/wp-json\/wp\/v2\/product"}],"about":[{"href":"https:\/\/bigbuy.tupique.com\/en\/wp-json\/wp\/v2\/types\/product"}],"replies":[{"embeddable":true,"href":"https:\/\/bigbuy.tupique.com\/en\/wp-json\/wp\/v2\/comments?post=26933"}],"wp:featuredmedia":[{"embeddable":true,"href":"https:\/\/bigbuy.tupique.com\/en\/wp-json\/wp\/v2\/media\/26924"}],"wp:attachment":[{"href":"https:\/\/bigbuy.tupique.com\/en\/wp-json\/wp\/v2\/media?parent=26933"}],"wp:term":[{"taxonomy":"product_brand","embeddable":true,"href":"https:\/\/bigbuy.tupique.com\/en\/wp-json\/wp\/v2\/product_brand?post=26933"},{"taxonomy":"product_cat","embeddable":true,"href":"https:\/\/bigbuy.tupique.com\/en\/wp-json\/wp\/v2\/product_cat?post=26933"},{"taxonomy":"product_tag","embeddable":true,"href":"https:\/\/bigbuy.tupique.com\/en\/wp-json\/wp\/v2\/product_tag?post=26933"}],"curies":[{"name":"wp","href":"https:\/\/api.w.org\/{rel}","templated":true}]}}