{"id":26530,"date":"2026-03-29T22:23:52","date_gmt":"2026-03-29T21:23:52","guid":{"rendered":"https:\/\/bigbuy.tupique.com\/produto\/interactive-touch-screen-philips-10bdl5051t-00-101-hd\/"},"modified":"2026-04-15T04:08:01","modified_gmt":"2026-04-15T03:08:01","slug":"interactive-touch-screen-philips-10bdl5051t-00-101-hd","status":"publish","type":"product","link":"https:\/\/bigbuy.tupique.com\/en\/produto\/interactive-touch-screen-philips-10bdl5051t-00-101-hd\/","title":{"rendered":"\u00c9cran Tactile Interactif Philips 10BDL5051T\/00 10,1&#8243; HD"},"content":{"rendered":"<p>Si vous \u00eates passionn\u00e9 d&#8217;<b>informatique et d&#8217;\u00e9lectronique<\/b>, si vous \u00eates \u00e0 la pointe de la technologie et qu&#8217;aucun d\u00e9tail ne vous \u00e9chappe, achetez <b>\u00c9cran Tactile Interactif Philips 10BDL5051T\/00 10,1&#8243; HD<\/b> au meilleur prix.<\/p>\n<p>L\u2019<b>\u00e9cran tactile interactif Philips 10BDL5051T\/00<\/b> est un appareil con\u00e7u sp\u00e9cialement pour les environnements professionnels et commerciaux n\u00e9cessitant des solutions d\u2019affichage num\u00e9rique efficaces et polyvalentes. Il dispose d\u2019un <b>\u00e9cran LCD de 10,1 pouces (25,6 cm) avec r\u00e9solution HD WXGA 1280 x 800 pixels<\/b>, offrant des images nettes et une luminosit\u00e9 uniforme de <b>350 cd\/m\u00b2<\/b>, id\u00e9ale pour une bonne visibilit\u00e9 en conditions d\u2019\u00e9clairage variable. Son <b>temps de r\u00e9ponse de 35 ms<\/b> assure une interaction fluide et rapide avec l\u2019\u00e9cran tactile int\u00e9gr\u00e9, facilitant son usage dans des applications interactives telles que kiosques, pr\u00e9sentations ou points d\u2019information num\u00e9rique. Son design en <b>noir<\/b> avec un bo\u00eetier en <b>plastique r\u00e9sistant<\/b> permet une int\u00e9gration esth\u00e9tique et pratique dans tout environnement professionnel. Ce moniteur est \u00e9quip\u00e9 d\u2019un syst\u00e8me d\u2019exploitation Android pr\u00e9install\u00e9, garantissant la compatibilit\u00e9 pour ex\u00e9cuter des applications d\u2019affichage num\u00e9rique et une connectivit\u00e9 sans fil via WiFi, facilitant la mise \u00e0 jour des contenus sans c\u00e2bles. Con\u00e7u pour un usage continu, l\u2019\u00e9cran est pr\u00eat \u00e0 fonctionner <b>24 heures sur 24, 7 jours sur 7<\/b>, assurant stabilit\u00e9 et durabilit\u00e9 dans des environnements exigeants. De plus, son support de fixation murale optimise l\u2019espace et am\u00e9liore l\u2019accessibilit\u00e9 pour l\u2019utilisateur. La combinaison de la <b>technologie LCD, de l\u2019\u00e9cran tactile capacitif et de la connectivit\u00e9 avanc\u00e9e<\/b> fait de ce mod\u00e8le un outil efficace pour les entreprises n\u00e9cessitant une communication digitale claire et adaptable. Le Philips 10BDL5051T\/00 repr\u00e9sente une solution professionnelle et robuste destin\u00e9e \u00e0 am\u00e9liorer l\u2019exp\u00e9rience interactive en milieux corporatifs et commerciaux.<\/p>\n<ul>\n<li>Diagonale de l&#8217;\u00e9cran (cm):\n<ul>\n<li>25,7 cm<\/li>\n<li>25,4 cm<\/li>\n<\/ul>\n<\/li>\n<li>Type:\n<ul>\n<li>\u00c9cran<\/li>\n<li>\u00c9cran Tactile Interactif<\/li>\n<\/ul>\n<\/li>\n<li>Produit \u00e0 brancher: Oui<\/li>\n<li>Type de prise: Prise EU<\/li>\n<li>Bloc d\u2019Alimentation:\n<ul>\n<li>r\u00e9seau \u00e9lectrique<\/li>\n<li>CC<\/li>\n<\/ul>\n<\/li>\n<li>Couleur: Noir<\/li>\n<li>Temps de r\u00e9ponse: 35 MS<\/li>\n<li>Compatible: VESA 75 x 75 mm<\/li>\n<li>Montage:\n<ul>\n<li>Montage mural<\/li>\n<li>VESA<\/li>\n<\/ul>\n<\/li>\n<li>Ecran: 10,1&#8243;<\/li>\n<li>Syst\u00e8me d&#8217;exploitation: Android<\/li>\n<li>Connexions:\n<ul>\n<li>Ethernet LAN<\/li>\n<li>HDMI<\/li>\n<li>USB<\/li>\n<li>USB-C<\/li>\n<li>USB 2.0<\/li>\n<li>RJ45<\/li>\n<\/ul>\n<\/li>\n<li>Caract\u00e9ristiques:\n<ul>\n<li>Ecran tactile<\/li>\n<li>\u00c9cran LCD<\/li>\n<li>Montage mural<\/li>\n<\/ul>\n<\/li>\n<li>R\u00e9solution (px): 1280 x 800 px<\/li>\n<li>Technologie: LCD<\/li>\n<li>Mati\u00e8re: Plastique<\/li>\n<li>Rapport d&#8217;aspect:\n<ul>\n<li>16:9<\/li>\n<li>16:10<\/li>\n<\/ul>\n<\/li>\n<li>Connectivit\u00e9: Wi-Fi<\/li>\n<li>Format: 16:9<\/li>\n<li>R\u00e9solution: HD<\/li>\n<li>Tension: 220 V<\/li>\n<li>Rapport de contraste: 1000:1<\/li>\n<li>Interface: Ethernet<\/li>\n<li>VESA: 7,5 x 7,5 cm<\/li>\n<li>puissance: 4 W<\/li>\n<li>Fr\u00e9quence: 120 Hz<\/li>\n<li>Flux lumineux: 350 lm<\/li>\n<li>Angle: 160\u00ba<\/li>\n<li>Utilisation recommand\u00e9e: Entreprise et commerce<\/li>\n<li>Type de batterie: Litio Ion<\/li>\n<\/ul>","protected":false},"excerpt":{"rendered":"<p>Si vous \u00eates passionn\u00e9 d&#8217;informatique et d&#8217;\u00e9lectronique, si vous \u00eates \u00e0 la pointe de la technologie et qu&#8217;aucun d\u00e9tail ne vous \u00e9chappe, achetez \u00c9cran Tactile Interactif Philips 10BDL5051T\/00 10,1&#8243; HD au meilleur prix. L\u2019\u00e9cran tactile interactif Philips 10BDL5051T\/00 est un appareil con\u00e7u sp\u00e9cialement pour les environnements professionnels et commerciaux n\u00e9cessitant des solutions d\u2019affichage num\u00e9rique efficaces [&hellip;]<\/p>\n","protected":false},"featured_media":26529,"comment_status":"open","ping_status":"closed","template":"","meta":[],"product_brand":[315],"product_cat":[65,581,616],"product_tag":[213,106],"class_list":{"0":"post-26530","1":"product","2":"type-product","3":"status-publish","4":"has-post-thumbnail","6":"product_brand-brandp_571","7":"product_cat-informatique-electronique","8":"product_cat-informatique-peripheriques-et-consommables","9":"product_cat-moniteurs","10":"product_tag-tag_933","11":"product_tag-tag_1295","13":"first","14":"instock","15":"taxable","16":"shipping-taxable","17":"purchasable","18":"product-type-simple"},"_links":{"self":[{"href":"https:\/\/bigbuy.tupique.com\/en\/wp-json\/wp\/v2\/product\/26530","targetHints":{"allow":["GET"]}}],"collection":[{"href":"https:\/\/bigbuy.tupique.com\/en\/wp-json\/wp\/v2\/product"}],"about":[{"href":"https:\/\/bigbuy.tupique.com\/en\/wp-json\/wp\/v2\/types\/product"}],"replies":[{"embeddable":true,"href":"https:\/\/bigbuy.tupique.com\/en\/wp-json\/wp\/v2\/comments?post=26530"}],"wp:featuredmedia":[{"embeddable":true,"href":"https:\/\/bigbuy.tupique.com\/en\/wp-json\/wp\/v2\/media\/26529"}],"wp:attachment":[{"href":"https:\/\/bigbuy.tupique.com\/en\/wp-json\/wp\/v2\/media?parent=26530"}],"wp:term":[{"taxonomy":"product_brand","embeddable":true,"href":"https:\/\/bigbuy.tupique.com\/en\/wp-json\/wp\/v2\/product_brand?post=26530"},{"taxonomy":"product_cat","embeddable":true,"href":"https:\/\/bigbuy.tupique.com\/en\/wp-json\/wp\/v2\/product_cat?post=26530"},{"taxonomy":"product_tag","embeddable":true,"href":"https:\/\/bigbuy.tupique.com\/en\/wp-json\/wp\/v2\/product_tag?post=26530"}],"curies":[{"name":"wp","href":"https:\/\/api.w.org\/{rel}","templated":true}]}}