{"id":26046,"date":"2026-03-29T22:02:16","date_gmt":"2026-03-29T21:02:16","guid":{"rendered":"https:\/\/bigbuy.tupique.com\/produto\/laser-printer-brother-hll5210dwre1\/"},"modified":"2026-04-15T04:07:27","modified_gmt":"2026-04-15T03:07:27","slug":"laser-printer-brother-hll5210dwre1","status":"publish","type":"product","link":"https:\/\/bigbuy.tupique.com\/en\/produto\/laser-printer-brother-hll5210dwre1\/","title":{"rendered":"Imprimante laser Brother HLL5210DWRE1"},"content":{"rendered":"<p>Si vous \u00eates passionn\u00e9 d&#8217;<b>informatique et d&#8217;\u00e9lectronique<\/b>, si vous \u00eates \u00e0 la pointe de la technologie et qu&#8217;aucun d\u00e9tail ne vous \u00e9chappe, achetez <b>Imprimante laser Brother HLL5210DWRE1<\/b> au meilleur prix.<\/p>\n<p>La <b>imprimante laser monochrome Brother HLL5210DWRE1<\/b> est un appareil con\u00e7u pour les utilisateurs recherchant une solution efficace et de qualit\u00e9 pour l\u2019impression en noir et blanc, adapt\u00e9e aussi bien aux environnements domestiques que professionnels. Cette imprimante se distingue par son <b>design compact en blanc et noir<\/b>, qui s\u2019int\u00e8gre facilement dans tout espace de travail. Elle offre une <b>connectivit\u00e9 Wi-Fi et Wi-Fi 4 (802.11n)<\/b>, permettant une impression sans fil depuis plusieurs appareils, facilitant un bureau plus organis\u00e9 et sans c\u00e2bles. De plus, elle dispose d\u2019un <b>\u00e9cran int\u00e9gr\u00e9<\/b> offrant un acc\u00e8s pratique aux fonctions principales et un contr\u00f4le simple des op\u00e9rations et r\u00e9glages d\u2019impression. Pour les utilisateurs pr\u00e9f\u00e9rant une connexion directe, la HLL5210DWRE1 propose \u00e9galement une <b>interface USB<\/b>, permettant la connexion directe \u00e0 un PC ou ordinateur portable. La technologie laser monochrome garantit une impression rapide et nette de documents en noir, avec une qualit\u00e9 professionnelle id\u00e9ale pour textes, rapports ou factures. La combinaison de ses caract\u00e9ristiques techniques, sa connectivit\u00e9 avanc\u00e9e et sa facilit\u00e9 d\u2019utilisation font de cette imprimante Brother un outil fiable, efficace et polyvalent pour l\u2019impression quotidienne. En r\u00e9sum\u00e9, la Brother HLL5210DWRE1 est une imprimante pratique et fonctionnelle r\u00e9pondant aux besoins d\u2019impression basiques avec des options modernes de connexion et de contr\u00f4le.<\/p>\n<ul>\n<li>Taille: A4<\/li>\n<li>Connectivit\u00e9:\n<ul>\n<li>Wi-Fi<\/li>\n<li>Ethernet LAN<\/li>\n<li>Wi-Fi 4 (802.11n)<\/li>\n<\/ul>\n<\/li>\n<li>Carte R\u00e9seau: Oui<\/li>\n<li>Type:\n<ul>\n<li>Imprimante<\/li>\n<li>Imprimante laser<\/li>\n<\/ul>\n<\/li>\n<li>Produit \u00e0 brancher: Oui<\/li>\n<li>Type de prise: Prise EU<\/li>\n<li>Bloc d\u2019Alimentation: r\u00e9seau \u00e9lectrique<\/li>\n<li>Couleur:\n<ul>\n<li>Blanc<\/li>\n<li>Noir<\/li>\n<\/ul>\n<\/li>\n<li>Caract\u00e9ristiques:\n<ul>\n<li>\u00c9cran integr\u00e9<\/li>\n<li>Impression recto verso<\/li>\n<\/ul>\n<\/li>\n<li>Connexions:\n<ul>\n<li>Ethernet LAN<\/li>\n<li>USB<\/li>\n<\/ul>\n<\/li>\n<li>R\u00e9solution d&#8217;image maximale: 1200 x 1200 dpi<\/li>\n<li>Ecran: 1,8&#8221;<\/li>\n<li>Technologie: Laser<\/li>\n<li>Impression couleur: Non<\/li>\n<li>Capacit\u00e9: 250 Volets<\/li>\n<li>Papier: A4<\/li>\n<li>Fr\u00e9quence d&#8217;entr\u00e9e AC: 50-60 Hz<\/li>\n<li>vitesse: 10\/100\/1000 Mbps<\/li>\n<li>Tension: 220-240 V<\/li>\n<li>Pr\u00e9cision (humidit\u00e9 relative): 20 % &#8211; 80 %<\/li>\n<li>Utilisation recommand\u00e9e: Maison<\/li>\n<\/ul>","protected":false},"excerpt":{"rendered":"<p>Si vous \u00eates passionn\u00e9 d&#8217;informatique et d&#8217;\u00e9lectronique, si vous \u00eates \u00e0 la pointe de la technologie et qu&#8217;aucun d\u00e9tail ne vous \u00e9chappe, achetez Imprimante laser Brother HLL5210DWRE1 au meilleur prix. La imprimante laser monochrome Brother HLL5210DWRE1 est un appareil con\u00e7u pour les utilisateurs recherchant une solution efficace et de qualit\u00e9 pour l\u2019impression en noir et [&hellip;]<\/p>\n","protected":false},"featured_media":26045,"comment_status":"open","ping_status":"closed","template":"","meta":[],"product_brand":[669],"product_cat":[592,65,581],"product_tag":[213,106],"class_list":{"0":"post-26046","1":"product","2":"type-product","3":"status-publish","4":"has-post-thumbnail","6":"product_brand-brandp_538","7":"product_cat-imprimantes","8":"product_cat-informatique-electronique","9":"product_cat-informatique-peripheriques-et-consommables","10":"product_tag-tag_933","11":"product_tag-tag_1295","13":"first","14":"instock","15":"taxable","16":"shipping-taxable","17":"purchasable","18":"product-type-simple"},"_links":{"self":[{"href":"https:\/\/bigbuy.tupique.com\/en\/wp-json\/wp\/v2\/product\/26046","targetHints":{"allow":["GET"]}}],"collection":[{"href":"https:\/\/bigbuy.tupique.com\/en\/wp-json\/wp\/v2\/product"}],"about":[{"href":"https:\/\/bigbuy.tupique.com\/en\/wp-json\/wp\/v2\/types\/product"}],"replies":[{"embeddable":true,"href":"https:\/\/bigbuy.tupique.com\/en\/wp-json\/wp\/v2\/comments?post=26046"}],"wp:featuredmedia":[{"embeddable":true,"href":"https:\/\/bigbuy.tupique.com\/en\/wp-json\/wp\/v2\/media\/26045"}],"wp:attachment":[{"href":"https:\/\/bigbuy.tupique.com\/en\/wp-json\/wp\/v2\/media?parent=26046"}],"wp:term":[{"taxonomy":"product_brand","embeddable":true,"href":"https:\/\/bigbuy.tupique.com\/en\/wp-json\/wp\/v2\/product_brand?post=26046"},{"taxonomy":"product_cat","embeddable":true,"href":"https:\/\/bigbuy.tupique.com\/en\/wp-json\/wp\/v2\/product_cat?post=26046"},{"taxonomy":"product_tag","embeddable":true,"href":"https:\/\/bigbuy.tupique.com\/en\/wp-json\/wp\/v2\/product_tag?post=26046"}],"curies":[{"name":"wp","href":"https:\/\/api.w.org\/{rel}","templated":true}]}}