{"id":26026,"date":"2026-03-29T22:01:45","date_gmt":"2026-03-29T21:01:45","guid":{"rendered":"https:\/\/bigbuy.tupique.com\/produto\/monitor-lg-55vsh7j-h-aeu-full-hd-55-ips\/"},"modified":"2026-04-15T04:07:26","modified_gmt":"2026-04-15T03:07:26","slug":"monitor-lg-55vsh7j-h-aeu-full-hd-55-ips","status":"publish","type":"product","link":"https:\/\/bigbuy.tupique.com\/en\/produto\/monitor-lg-55vsh7j-h-aeu-full-hd-55-ips\/","title":{"rendered":"\u00c9cran LG 55VSH7J-H.AEU Full HD 55&#8243; IPS"},"content":{"rendered":"<p>Si vous \u00eates passionn\u00e9 d&#8217;<b>informatique et d&#8217;\u00e9lectronique<\/b>, si vous \u00eates \u00e0 la pointe de la technologie et qu&#8217;aucun d\u00e9tail ne vous \u00e9chappe, achetez <b>\u00c9cran LG 55VSH7J-H.AEU Full HD 55&#8243; IPS<\/b> au meilleur prix.<\/p>\n<p>Le <b>moniteur<\/b> LG noir de <b>55 pouces<\/b> se distingue par une exp\u00e9rience visuelle de qualit\u00e9 gr\u00e2ce \u00e0 son <b>\u00e9cran IPS<\/b>, offrant des couleurs pr\u00e9cises et de larges angles de vision, id\u00e9al tant pour un usage professionnel que multim\u00e9dia. Sa <b>r\u00e9solution Full HD<\/b> garantit des images nettes et d\u00e9taill\u00e9es sur une taille g\u00e9n\u00e9reuse, facilitant la visualisation claire et confortable du contenu. Le temps de r\u00e9ponse de <b>8 ms<\/b> assure une performance adapt\u00e9e aux activit\u00e9s n\u00e9cessitant une fluidit\u00e9 visuelle, comme la navigation, l\u2019\u00e9dition ou le visionnage de vid\u00e9os, r\u00e9duisant les effets de flou ou d\u2019images fant\u00f4mes. Ce moniteur allie un design sobre et fonctionnel en noir, s\u2019int\u00e9grant facilement dans divers environnements professionnels ou domestiques. La technologie IPS offre \u00e9galement un bon niveau de luminosit\u00e9 et de contraste, optimisant l\u2019exp\u00e9rience visuelle sans sacrifier la fid\u00e9lit\u00e9 des couleurs. Il s\u2019agit d\u2019une solution polyvalente et fiable dans le segment des moniteurs grand format pour les utilisateurs recherchant qualit\u00e9 d\u2019image et taille importante, sans les caract\u00e9ristiques professionnelles sp\u00e9cifiques comme la 4K ou des fr\u00e9quences tr\u00e8s \u00e9lev\u00e9es. En r\u00e9sum\u00e9, ce <b>moniteur LG<\/b> de 55&#8243; est un appareil \u00e9quilibr\u00e9 qui r\u00e9pond aux besoins visuels des utilisateurs souhaitant un grand \u00e9cran, de bonnes couleurs et une r\u00e9ponse visuelle adapt\u00e9e \u00e0 de multiples usages.<\/p>\n<ul>\n<li>R\u00e9solution: Full HD<\/li>\n<li>Diagonale de l&#8217;\u00e9cran (cm): 139,7 cm<\/li>\n<li>Connexions:\n<ul>\n<li>Ethernet LAN<\/li>\n<li>DVI-D x 1<\/li>\n<li>USB x 1<\/li>\n<li>HDMI<\/li>\n<li>USB<\/li>\n<li>USB 2.0<\/li>\n<li>DVI-D<\/li>\n<li>RJ45 x 2<\/li>\n<li>RS232C x 1<\/li>\n<li>DVI<\/li>\n<li>RJ45<\/li>\n<li>HDCP<\/li>\n<li>HDMI x 2<\/li>\n<\/ul>\n<\/li>\n<li>Produit \u00e0 brancher: Oui<\/li>\n<li>Ecran: 55&#8243;<\/li>\n<li>Type de prise: Prise EU<\/li>\n<li>Type: \u00c9cran<\/li>\n<li>Bloc d\u2019Alimentation: r\u00e9seau \u00e9lectrique<\/li>\n<li>Couleur: Noir<\/li>\n<li>Rapport d&#8217;aspect: 16:9<\/li>\n<li>Technologie: IPS<\/li>\n<li>VESA: 60 x 40 cm<\/li>\n<li>Fr\u00e9quence:\n<ul>\n<li>50-60 Hz<\/li>\n<li>50 Hz<\/li>\n<\/ul>\n<\/li>\n<li>R\u00e9solution (px): 1920 x 1080 px<\/li>\n<li>Caract\u00e9ristiques: Montage mural<\/li>\n<li>Connexion d&#8217;entr\u00e9e: DVI<\/li>\n<li>Interface: Ethernet<\/li>\n<li>Inclut: T\u00e9l\u00e9commande<\/li>\n<li>Fr\u00e9quence d&#8217;entr\u00e9e AC: 50-60 Hz<\/li>\n<li>Montage: VESA<\/li>\n<li>Compatible: VESA 600 x 400 mm<\/li>\n<li>Brille: 700 cd\/m\u00b2<\/li>\n<li>Temps de r\u00e9ponse: 8 ms<\/li>\n<\/ul>","protected":false},"excerpt":{"rendered":"<p>Si vous \u00eates passionn\u00e9 d&#8217;informatique et d&#8217;\u00e9lectronique, si vous \u00eates \u00e0 la pointe de la technologie et qu&#8217;aucun d\u00e9tail ne vous \u00e9chappe, achetez \u00c9cran LG 55VSH7J-H.AEU Full HD 55&#8243; IPS au meilleur prix. Le moniteur LG noir de 55 pouces se distingue par une exp\u00e9rience visuelle de qualit\u00e9 gr\u00e2ce \u00e0 son \u00e9cran IPS, offrant des [&hellip;]<\/p>\n","protected":false},"featured_media":26025,"comment_status":"open","ping_status":"closed","template":"","meta":[],"product_brand":[662],"product_cat":[589,65,957],"product_tag":[],"class_list":{"0":"post-26026","1":"product","2":"type-product","3":"status-publish","4":"has-post-thumbnail","6":"product_brand-brandp_559","7":"product_cat-electronique-television","8":"product_cat-informatique-electronique","9":"product_cat-televisions-et-smart-tv","11":"first","12":"instock","13":"taxable","14":"shipping-taxable","15":"purchasable","16":"product-type-simple"},"_links":{"self":[{"href":"https:\/\/bigbuy.tupique.com\/en\/wp-json\/wp\/v2\/product\/26026","targetHints":{"allow":["GET"]}}],"collection":[{"href":"https:\/\/bigbuy.tupique.com\/en\/wp-json\/wp\/v2\/product"}],"about":[{"href":"https:\/\/bigbuy.tupique.com\/en\/wp-json\/wp\/v2\/types\/product"}],"replies":[{"embeddable":true,"href":"https:\/\/bigbuy.tupique.com\/en\/wp-json\/wp\/v2\/comments?post=26026"}],"wp:featuredmedia":[{"embeddable":true,"href":"https:\/\/bigbuy.tupique.com\/en\/wp-json\/wp\/v2\/media\/26025"}],"wp:attachment":[{"href":"https:\/\/bigbuy.tupique.com\/en\/wp-json\/wp\/v2\/media?parent=26026"}],"wp:term":[{"taxonomy":"product_brand","embeddable":true,"href":"https:\/\/bigbuy.tupique.com\/en\/wp-json\/wp\/v2\/product_brand?post=26026"},{"taxonomy":"product_cat","embeddable":true,"href":"https:\/\/bigbuy.tupique.com\/en\/wp-json\/wp\/v2\/product_cat?post=26026"},{"taxonomy":"product_tag","embeddable":true,"href":"https:\/\/bigbuy.tupique.com\/en\/wp-json\/wp\/v2\/product_tag?post=26026"}],"curies":[{"name":"wp","href":"https:\/\/api.w.org\/{rel}","templated":true}]}}