{"id":25950,"date":"2026-03-29T21:49:45","date_gmt":"2026-03-29T20:49:45","guid":{"rendered":"https:\/\/bigbuy.tupique.com\/produto\/tablet-cover-compulocks-333b11gapx9b-black\/"},"modified":"2026-04-16T10:15:04","modified_gmt":"2026-04-16T09:15:04","slug":"tablet-cover-compulocks-333b11gapx9b-black","status":"publish","type":"product","link":"https:\/\/bigbuy.tupique.com\/en\/produto\/tablet-cover-compulocks-333b11gapx9b-black\/","title":{"rendered":"Housse pour Tablette Compulocks 333B11GAPX9B Noir"},"content":{"rendered":"<p>Si vous \u00eates passionn\u00e9 d&#8217;<b>informatique et d&#8217;\u00e9lectronique<\/b>, si vous \u00eates \u00e0 la pointe de la technologie et qu&#8217;aucun d\u00e9tail ne vous \u00e9chappe, achetez <b>Housse pour Tablette Compulocks 333B11GAPX9B Noir<\/b> au meilleur prix.<\/p>\n<ul>\n<li>Type:\n<ul>\n<li>Housse pour Tablette<\/li>\n<li>Verrouillage des cl\u00e9s<\/li>\n<\/ul>\n<\/li>\n<li>Couleur: Noir<\/li>\n<li>Mat\u00e9riel: Aluminium<\/li>\n<li>Ecran: 11&#8243;<\/li>\n<li>Compatible: Samsung<\/li>\n<\/ul>","protected":false},"excerpt":{"rendered":"<p>Si vous \u00eates passionn\u00e9 d&#8217;informatique et d&#8217;\u00e9lectronique, si vous \u00eates \u00e0 la pointe de la technologie et qu&#8217;aucun d\u00e9tail ne vous \u00e9chappe, achetez Housse pour Tablette Compulocks 333B11GAPX9B Noir au meilleur prix. Type: Housse pour Tablette Verrouillage des cl\u00e9s Couleur: Noir Mat\u00e9riel: Aluminium Ecran: 11&#8243; Compatible: Samsung<\/p>","protected":false},"featured_media":25947,"comment_status":"open","ping_status":"closed","template":"","meta":[],"product_brand":[999],"product_cat":[575,971,65],"product_tag":[566,106],"class_list":{"0":"post-25950","1":"product","2":"type-product","3":"status-publish","4":"has-post-thumbnail","6":"product_brand-brandp_4787","7":"product_cat-electronique-telephonie-et-tablettes","8":"product_cat-housse-de-tablette","9":"product_cat-informatique-electronique","10":"product_tag-tag_547","11":"product_tag-tag_1295","13":"first","14":"instock","15":"taxable","16":"shipping-taxable","17":"purchasable","18":"product-type-simple"},"_links":{"self":[{"href":"https:\/\/bigbuy.tupique.com\/en\/wp-json\/wp\/v2\/product\/25950","targetHints":{"allow":["GET"]}}],"collection":[{"href":"https:\/\/bigbuy.tupique.com\/en\/wp-json\/wp\/v2\/product"}],"about":[{"href":"https:\/\/bigbuy.tupique.com\/en\/wp-json\/wp\/v2\/types\/product"}],"replies":[{"embeddable":true,"href":"https:\/\/bigbuy.tupique.com\/en\/wp-json\/wp\/v2\/comments?post=25950"}],"wp:featuredmedia":[{"embeddable":true,"href":"https:\/\/bigbuy.tupique.com\/en\/wp-json\/wp\/v2\/media\/25947"}],"wp:attachment":[{"href":"https:\/\/bigbuy.tupique.com\/en\/wp-json\/wp\/v2\/media?parent=25950"}],"wp:term":[{"taxonomy":"product_brand","embeddable":true,"href":"https:\/\/bigbuy.tupique.com\/en\/wp-json\/wp\/v2\/product_brand?post=25950"},{"taxonomy":"product_cat","embeddable":true,"href":"https:\/\/bigbuy.tupique.com\/en\/wp-json\/wp\/v2\/product_cat?post=25950"},{"taxonomy":"product_tag","embeddable":true,"href":"https:\/\/bigbuy.tupique.com\/en\/wp-json\/wp\/v2\/product_tag?post=25950"}],"curies":[{"name":"wp","href":"https:\/\/api.w.org\/{rel}","templated":true}]}}