{"id":25904,"date":"2026-03-29T21:48:45","date_gmt":"2026-03-29T20:48:45","guid":{"rendered":"https:\/\/bigbuy.tupique.com\/produto\/screen-table-support-b-tech-bt8545-b-55-86\/"},"modified":"2026-04-15T03:34:27","modified_gmt":"2026-04-15T02:34:27","slug":"screen-table-support-b-tech-bt8545-b-55-86","status":"publish","type":"product","link":"https:\/\/bigbuy.tupique.com\/en\/produto\/screen-table-support-b-tech-bt8545-b-55-86\/","title":{"rendered":"Support de table d&#8217;\u00e9cran B-Tech BT8545\/B 55&#8243; 86&#8243;"},"content":{"rendered":"<p>Si vous \u00eates passionn\u00e9 d&#8217;<b>informatique et d&#8217;\u00e9lectronique<\/b>, si vous \u00eates \u00e0 la pointe de la technologie et qu&#8217;aucun d\u00e9tail ne vous \u00e9chappe, achetez <b>Support de table d&#8217;\u00e9cran B-Tech BT8545\/B 55&#8243; 86&#8243;<\/b> au meilleur prix.<\/p>\n<ul>\n<li>Type:\n<ul>\n<li>Support<\/li>\n<li>Support pour le sol<\/li>\n<\/ul>\n<\/li>\n<li>Couleur: Noir<\/li>\n<li>Caract\u00e9ristiques: 4 roues pour facilit\u00e9 son d\u00e9placement<\/li>\n<li>Ecran:\n<ul>\n<li>55&#8243;<\/li>\n<li>86&#8243;<\/li>\n<\/ul>\n<\/li>\n<li>Inclut: Kit de Montage<\/li>\n<li>Poids Max. support\u00e9: 100 kg<\/li>\n<\/ul>","protected":false},"excerpt":{"rendered":"<p>Si vous \u00eates passionn\u00e9 d&#8217;informatique et d&#8217;\u00e9lectronique, si vous \u00eates \u00e0 la pointe de la technologie et qu&#8217;aucun d\u00e9tail ne vous \u00e9chappe, achetez Support de table d&#8217;\u00e9cran B-Tech BT8545\/B 55&#8243; 86&#8243; au meilleur prix. Type: Support Support pour le sol Couleur: Noir Caract\u00e9ristiques: 4 roues pour facilit\u00e9 son d\u00e9placement Ecran: 55&#8243; 86&#8243; Inclut: Kit de [&hellip;]<\/p>\n","protected":false},"featured_media":25897,"comment_status":"open","ping_status":"closed","template":"","meta":[],"product_brand":[1167],"product_cat":[65,581,586],"product_tag":[106],"class_list":{"0":"post-25904","1":"product","2":"type-product","3":"status-publish","4":"has-post-thumbnail","6":"product_brand-brandp_9681","7":"product_cat-informatique-electronique","8":"product_cat-informatique-peripheriques-et-consommables","9":"product_cat-supports-pour-ecrans","10":"product_tag-tag_1295","12":"first","13":"instock","14":"taxable","15":"shipping-taxable","16":"purchasable","17":"product-type-simple"},"_links":{"self":[{"href":"https:\/\/bigbuy.tupique.com\/en\/wp-json\/wp\/v2\/product\/25904","targetHints":{"allow":["GET"]}}],"collection":[{"href":"https:\/\/bigbuy.tupique.com\/en\/wp-json\/wp\/v2\/product"}],"about":[{"href":"https:\/\/bigbuy.tupique.com\/en\/wp-json\/wp\/v2\/types\/product"}],"replies":[{"embeddable":true,"href":"https:\/\/bigbuy.tupique.com\/en\/wp-json\/wp\/v2\/comments?post=25904"}],"wp:featuredmedia":[{"embeddable":true,"href":"https:\/\/bigbuy.tupique.com\/en\/wp-json\/wp\/v2\/media\/25897"}],"wp:attachment":[{"href":"https:\/\/bigbuy.tupique.com\/en\/wp-json\/wp\/v2\/media?parent=25904"}],"wp:term":[{"taxonomy":"product_brand","embeddable":true,"href":"https:\/\/bigbuy.tupique.com\/en\/wp-json\/wp\/v2\/product_brand?post=25904"},{"taxonomy":"product_cat","embeddable":true,"href":"https:\/\/bigbuy.tupique.com\/en\/wp-json\/wp\/v2\/product_cat?post=25904"},{"taxonomy":"product_tag","embeddable":true,"href":"https:\/\/bigbuy.tupique.com\/en\/wp-json\/wp\/v2\/product_tag?post=25904"}],"curies":[{"name":"wp","href":"https:\/\/api.w.org\/{rel}","templated":true}]}}