{"id":25845,"date":"2026-03-29T21:47:24","date_gmt":"2026-03-29T20:47:24","guid":{"rendered":"https:\/\/bigbuy.tupique.com\/produto\/smart-tv-thomson-43qg4s14-43-qled-4k-ultra-hd\/"},"modified":"2026-04-16T20:56:38","modified_gmt":"2026-04-16T19:56:38","slug":"smart-tv-thomson-43qg4s14-43-qled-4k-ultra-hd","status":"publish","type":"product","link":"https:\/\/bigbuy.tupique.com\/en\/produto\/smart-tv-thomson-43qg4s14-43-qled-4k-ultra-hd\/","title":{"rendered":"TV intelligente Thomson 43QG4S14 43&#8243; QLED 4K Ultra HD"},"content":{"rendered":"<p>Si vous \u00eates \u00e0 la recherche de nouvelles tendances sur le march\u00e9, nous vous pr\u00e9sentons <b>TV intelligente Thomson 43QG4S14 43&#8243; QLED 4K Ultra HD<\/b> !<\/p>\n<p>Le <b>t\u00e9l\u00e9viseur Smart TV 43&#8243;<\/b> <b>Thomson 43QG4S14<\/b> offre une exp\u00e9rience visuelle avanc\u00e9e gr\u00e2ce \u00e0 sa technologie <b>QLED<\/b>, qui propose des couleurs plus vives et un fort contraste. Avec un <b>\u00e9cran de 43 pouces (109 cm)<\/b> et une r\u00e9solution <b>4K Ultra HD (3840 x 2160 pixels)<\/b>, ce mod\u00e8le garantit des images nettes et d\u00e9taill\u00e9es, id\u00e9ales pour profiter de contenus en haute d\u00e9finition. Son format d\u2019\u00e9cran est <b>16:9<\/b>, standard pour la plupart des films et \u00e9missions TV, assurant une visualisation \u00e9quilibr\u00e9e et immersive. Ce t\u00e9l\u00e9viseur est compatible avec la technologie <b>HDR 10<\/b>, qui am\u00e9liore la plage dynamique de l\u2019image, renfor\u00e7ant la qualit\u00e9 des couleurs et la luminosit\u00e9 pour un r\u00e9alisme sup\u00e9rieur. Il fonctionne sous <b>Google TV<\/b>, facilitant l\u2019acc\u00e8s \u00e0 une large vari\u00e9t\u00e9 d\u2019applications, services de streaming et contenus en ligne via une interface intuitive et personnalis\u00e9e. C\u00f4t\u00e9 connexions, il int\u00e8gre <b>quatre ports HDMI<\/b>, dont <b>2 ports HDMI 2.1<\/b> pour les appareils derni\u00e8re g\u00e9n\u00e9ration comme les consoles de jeux n\u00e9cessitant un taux de rafra\u00eechissement \u00e9lev\u00e9 et une bande passante accrue, ainsi que <b>2 ports HDMI 2.0<\/b>, garantissant la compatibilit\u00e9 avec d\u2019autres \u00e9quipements multim\u00e9dias. Son design en couleur <b>gris<\/b> offre une finition moderne qui s\u2019adapte \u00e0 diff\u00e9rents styles de d\u00e9coration. En termes d\u2019efficacit\u00e9 \u00e9nerg\u00e9tique, ce mod\u00e8le dispose d\u2019une <b>classe F<\/b>, information importante pour les utilisateurs soucieux de la consommation \u00e9lectrique. Avec toutes ces caract\u00e9ristiques, le Thomson 43QG4S14 se positionne comme une option fiable pour ceux qui recherchent un t\u00e9l\u00e9viseur de taille moyenne avec technologie QLED et fonctions intelligentes pour un usage quotidien.<\/p>\n<ul>\n<li>Couleur: Gris<\/li>\n<li>Caract\u00e9ristiques: HDR10<\/li>\n<li>Classification \u00e9nerg\u00e9tique: F<\/li>\n<li>Ecran:\n<ul>\n<li>43&#8243;<\/li>\n<li>43\u201d<\/li>\n<\/ul>\n<\/li>\n<li>Technologie:\n<ul>\n<li>QLED<\/li>\n<li>HDR10<\/li>\n<li>Google Assistant<\/li>\n<\/ul>\n<\/li>\n<li>Indice de r\u00e9parabilit\u00e9: 7.1<\/li>\n<li>Rapport d&#8217;aspect: 16:9<\/li>\n<li>Connectivit\u00e9:\n<ul>\n<li>Bluetooth<\/li>\n<li>Wi-Fi<\/li>\n<li>HDMI<\/li>\n<\/ul>\n<\/li>\n<li>Format: 16:9<\/li>\n<li>Montage: Montage mural<\/li>\n<li>TV intelligente: Oui<\/li>\n<li>Connexions:\n<ul>\n<li>HDMI 2.0<\/li>\n<li>HDMI 2.1<\/li>\n<\/ul>\n<\/li>\n<li>Compatible:\n<ul>\n<li>Google Home<\/li>\n<li>HDR10<\/li>\n<li>Google Assistant<\/li>\n<li>Google Assistant, Alexa<\/li>\n<li>Google Assistant, Alexa, Apple HomeKit<\/li>\n<\/ul>\n<\/li>\n<li>Fr\u00e9quence: 50 \/ 60 Hz<\/li>\n<li>R\u00e9solution: 4K Ultra HD<\/li>\n<li>R\u00e9cepteur: DVB-T2, DVB-C, DVB-S2<\/li>\n<li>R\u00e9solution (px): 3840 x 2160 px<\/li>\n<li>Diagonale de l&#8217;\u00e9cran (cm): 109,2 cm<\/li>\n<\/ul>","protected":false},"excerpt":{"rendered":"<p>Si vous \u00eates \u00e0 la recherche de nouvelles tendances sur le march\u00e9, nous vous pr\u00e9sentons TV intelligente Thomson 43QG4S14 43&#8243; QLED 4K Ultra HD ! Le t\u00e9l\u00e9viseur Smart TV 43&#8243; Thomson 43QG4S14 offre une exp\u00e9rience visuelle avanc\u00e9e gr\u00e2ce \u00e0 sa technologie QLED, qui propose des couleurs plus vives et un fort contraste. Avec un \u00e9cran [&hellip;]<\/p>\n","protected":false},"featured_media":25839,"comment_status":"open","ping_status":"closed","template":"","meta":[],"product_brand":[1227],"product_cat":[589,65,957],"product_tag":[59],"class_list":{"0":"post-25845","1":"product","2":"type-product","3":"status-publish","4":"has-post-thumbnail","6":"product_brand-brandp_267","7":"product_cat-electronique-television","8":"product_cat-informatique-electronique","9":"product_cat-televisions-et-smart-tv","10":"product_tag-tag_1304","12":"first","13":"instock","14":"taxable","15":"shipping-taxable","16":"purchasable","17":"product-type-simple"},"_links":{"self":[{"href":"https:\/\/bigbuy.tupique.com\/en\/wp-json\/wp\/v2\/product\/25845","targetHints":{"allow":["GET"]}}],"collection":[{"href":"https:\/\/bigbuy.tupique.com\/en\/wp-json\/wp\/v2\/product"}],"about":[{"href":"https:\/\/bigbuy.tupique.com\/en\/wp-json\/wp\/v2\/types\/product"}],"replies":[{"embeddable":true,"href":"https:\/\/bigbuy.tupique.com\/en\/wp-json\/wp\/v2\/comments?post=25845"}],"wp:featuredmedia":[{"embeddable":true,"href":"https:\/\/bigbuy.tupique.com\/en\/wp-json\/wp\/v2\/media\/25839"}],"wp:attachment":[{"href":"https:\/\/bigbuy.tupique.com\/en\/wp-json\/wp\/v2\/media?parent=25845"}],"wp:term":[{"taxonomy":"product_brand","embeddable":true,"href":"https:\/\/bigbuy.tupique.com\/en\/wp-json\/wp\/v2\/product_brand?post=25845"},{"taxonomy":"product_cat","embeddable":true,"href":"https:\/\/bigbuy.tupique.com\/en\/wp-json\/wp\/v2\/product_cat?post=25845"},{"taxonomy":"product_tag","embeddable":true,"href":"https:\/\/bigbuy.tupique.com\/en\/wp-json\/wp\/v2\/product_tag?post=25845"}],"curies":[{"name":"wp","href":"https:\/\/api.w.org\/{rel}","templated":true}]}}