{"id":25763,"date":"2026-03-29T21:45:13","date_gmt":"2026-03-29T20:45:13","guid":{"rendered":"https:\/\/bigbuy.tupique.com\/produto\/steering-wheel-thrustmaster-2\/"},"modified":"2026-04-16T20:56:38","modified_gmt":"2026-04-16T19:56:38","slug":"steering-wheel-thrustmaster-2","status":"publish","type":"product","link":"https:\/\/bigbuy.tupique.com\/en\/produto\/steering-wheel-thrustmaster-2\/","title":{"rendered":"Volant Thrustmaster"},"content":{"rendered":"<p>Si vous \u00eates passionn\u00e9 d&#8217;<b>informatique et d&#8217;\u00e9lectronique<\/b>, si vous \u00eates \u00e0 la pointe de la technologie et qu&#8217;aucun d\u00e9tail ne vous \u00e9chappe, achetez <b>Volant Thrustmaster<\/b> au meilleur prix.<\/p>\n<p>Le <b>Thrustmaster HYPERCAR<\/b> est un <b>volant<\/b> haute performance con\u00e7u pour offrir une exp\u00e9rience de simulation de conduite r\u00e9aliste et pr\u00e9cise, aussi bien sur PC que sur consoles PlayStation 4 et PlayStation 5. Il pr\u00e9sente une <b>finition en cuir<\/b> qui assure confort, durabilit\u00e9 et sensation de qualit\u00e9, accompagn\u00e9e d\u2019une \u00e9l\u00e9gante combinaison de <b>couleurs noire et argent\u00e9e<\/b> renfor\u00e7ant son aspect professionnel. Ce mod\u00e8le est compatible avec les syst\u00e8mes reconnus Thrustmaster T818 et T598, facilitant son int\u00e9gration dans des \u00e9quipements de simulation avanc\u00e9s et permettant une adaptation imm\u00e9diate \u00e0 diff\u00e9rents environnements de jeu. Sa <b>structure<\/b>, avec un poids de <b>1,5 kg<\/b> et des dimensions bien proportionn\u00e9es (320 mm de largeur, 110 mm de profondeur et 250 mm de hauteur), garantit stabilit\u00e9 lors des sessions intensives et maniabilit\u00e9 pour tous types de pilotes virtuels. Le Hypercar Wheel Add-On se distingue \u00e9galement par sa compatibilit\u00e9 avec <b>Windows 10 et Windows 11<\/b>, ce qui en fait une option polyvalente pour les amateurs comme pour les passionn\u00e9s de simracing recherchant r\u00e9alisme, r\u00e9ponse pr\u00e9cise et mat\u00e9riaux de qualit\u00e9 dans leurs accessoires. Le produit est livr\u00e9 dans un emballage robuste de type bo\u00eete et b\u00e9n\u00e9ficie de la garantie du fabricant, offrant ainsi confiance et support suppl\u00e9mentaire \u00e0 l\u2019utilisateur. En r\u00e9sum\u00e9, le volant Thrustmaster HYPERCAR est un choix de premier plan pour ceux qui souhaitent am\u00e9liorer leur exp\u00e9rience de simulation avec un p\u00e9riph\u00e9rique robuste, compatible et dot\u00e9 de finitions premium.<\/p>\n<ul>\n<li>Type: Volant<\/li>\n<li>Couleur: Noir<\/li>\n<li>Plate-forme: PC<\/li>\n<li>Caract\u00e9ristiques:\n<ul>\n<li>Garantie<\/li>\n<li>T\u00e9moin de fonctionnement LED<\/li>\n<\/ul>\n<\/li>\n<li>Langue: Anglais<\/li>\n<\/ul>","protected":false},"excerpt":{"rendered":"<p>Si vous \u00eates passionn\u00e9 d&#8217;informatique et d&#8217;\u00e9lectronique, si vous \u00eates \u00e0 la pointe de la technologie et qu&#8217;aucun d\u00e9tail ne vous \u00e9chappe, achetez Volant Thrustmaster au meilleur prix. Le Thrustmaster HYPERCAR est un volant haute performance con\u00e7u pour offrir une exp\u00e9rience de simulation de conduite r\u00e9aliste et pr\u00e9cise, aussi bien sur PC que sur consoles [&hellip;]<\/p>\n","protected":false},"featured_media":25755,"comment_status":"open","ping_status":"closed","template":"","meta":[],"product_brand":[789],"product_cat":[739,65,737],"product_tag":[59,572],"class_list":{"0":"post-25763","1":"product","2":"type-product","3":"status-publish","4":"has-post-thumbnail","6":"product_brand-brandp_651","7":"product_cat-accessoires-gaming","8":"product_cat-informatique-electronique","9":"product_cat-informatique-gaming","10":"product_tag-tag_1304","11":"product_tag-tag_29","13":"first","14":"instock","15":"taxable","16":"shipping-taxable","17":"purchasable","18":"product-type-simple"},"_links":{"self":[{"href":"https:\/\/bigbuy.tupique.com\/en\/wp-json\/wp\/v2\/product\/25763","targetHints":{"allow":["GET"]}}],"collection":[{"href":"https:\/\/bigbuy.tupique.com\/en\/wp-json\/wp\/v2\/product"}],"about":[{"href":"https:\/\/bigbuy.tupique.com\/en\/wp-json\/wp\/v2\/types\/product"}],"replies":[{"embeddable":true,"href":"https:\/\/bigbuy.tupique.com\/en\/wp-json\/wp\/v2\/comments?post=25763"}],"wp:featuredmedia":[{"embeddable":true,"href":"https:\/\/bigbuy.tupique.com\/en\/wp-json\/wp\/v2\/media\/25755"}],"wp:attachment":[{"href":"https:\/\/bigbuy.tupique.com\/en\/wp-json\/wp\/v2\/media?parent=25763"}],"wp:term":[{"taxonomy":"product_brand","embeddable":true,"href":"https:\/\/bigbuy.tupique.com\/en\/wp-json\/wp\/v2\/product_brand?post=25763"},{"taxonomy":"product_cat","embeddable":true,"href":"https:\/\/bigbuy.tupique.com\/en\/wp-json\/wp\/v2\/product_cat?post=25763"},{"taxonomy":"product_tag","embeddable":true,"href":"https:\/\/bigbuy.tupique.com\/en\/wp-json\/wp\/v2\/product_tag?post=25763"}],"curies":[{"name":"wp","href":"https:\/\/api.w.org\/{rel}","templated":true}]}}