{"id":25699,"date":"2026-03-29T21:43:36","date_gmt":"2026-03-29T20:43:36","guid":{"rendered":"https:\/\/bigbuy.tupique.com\/produto\/portable-game-console-nintendo-switch\/"},"modified":"2026-04-16T15:55:36","modified_gmt":"2026-04-16T14:55:36","slug":"portable-game-console-nintendo-switch","status":"publish","type":"product","link":"https:\/\/bigbuy.tupique.com\/en\/produto\/portable-game-console-nintendo-switch\/","title":{"rendered":"Console de Jeu Portable Nintendo Switch"},"content":{"rendered":"<p>Si vous \u00eates passionn\u00e9 d&#8217;<b>informatique et d&#8217;\u00e9lectronique<\/b>, si vous \u00eates \u00e0 la pointe de la technologie et qu&#8217;aucun d\u00e9tail ne vous \u00e9chappe, achetez <b>Console de Jeu Portable Nintendo Switch<\/b> au meilleur prix.<\/p>\n<ul>\n<li>R\u00e9solution (px): 1280 x 720 px<\/li>\n<li>Fonctions: Acc\u00e9l\u00e9rom\u00e8tre<\/li>\n<li>Couleur: Noir<\/li>\n<li>Pays \/ r\u00e9gion de fabrication: Espagne<\/li>\n<li>Caract\u00e9ristiques:\n<ul>\n<li>\u00c9cran LCD<\/li>\n<li>Ecran tactile<\/li>\n<li>Lecteur de Cartes<\/li>\n<li>Capteur de Mouvement<\/li>\n<\/ul>\n<\/li>\n<li>Connexions:\n<ul>\n<li>HDMI<\/li>\n<li>USB<\/li>\n<li>Jack 3.5 mm<\/li>\n<\/ul>\n<\/li>\n<li>Connectivit\u00e9:\n<ul>\n<li>Bluetooth<\/li>\n<li>Wi-Fi<\/li>\n<li>Bluetooth 4.1<\/li>\n<\/ul>\n<\/li>\n<li>Ann\u00e9e: 2018<\/li>\n<li>Ecran: 6,2&#8243;<\/li>\n<li>Inclut:\n<ul>\n<li>HDMI 2.0<\/li>\n<li>Manuel de l&#8217;utilisateur<\/li>\n<\/ul>\n<\/li>\n<li>Temps de charge approx.: 3 heures<\/li>\n<li>Non inclut: Adaptateur AC<\/li>\n<li>Taille maximale de la carte m\u00e9moire: 2 TB<\/li>\n<li>Fonctionne \u00e0 piles: 1 Litio Ion, incluidas<\/li>\n<li>Technologie: Capacitive<\/li>\n<li>Pr\u00e9cision (humidit\u00e9 relative): 20 % &#8211; 80 %<\/li>\n<li>Bloc d\u2019Alimentation: CC<\/li>\n<li>Dimensions approx.: 50 x 50 x 28 cm<\/li>\n<li>Type de batterie: Litio Ion<\/li>\n<li>Cartes M\u00e9moire Compatibles: MicroSD (TransFlash),MicroSDHC,MicroSDXC<\/li>\n<li>Noyaux: 8 Noyaux<\/li>\n<\/ul>","protected":false},"excerpt":{"rendered":"<p>Si vous \u00eates passionn\u00e9 d&#8217;informatique et d&#8217;\u00e9lectronique, si vous \u00eates \u00e0 la pointe de la technologie et qu&#8217;aucun d\u00e9tail ne vous \u00e9chappe, achetez Console de Jeu Portable Nintendo Switch au meilleur prix. R\u00e9solution (px): 1280 x 720 px Fonctions: Acc\u00e9l\u00e9rom\u00e8tre Couleur: Noir Pays \/ r\u00e9gion de fabrication: Espagne Caract\u00e9ristiques: \u00c9cran LCD Ecran tactile Lecteur de [&hellip;]<\/p>\n","protected":false},"featured_media":25698,"comment_status":"open","ping_status":"closed","template":"","meta":[],"product_brand":[805],"product_cat":[746,609,65],"product_tag":[59,572],"class_list":{"0":"post-25699","1":"product","2":"type-product","3":"status-publish","4":"has-post-thumbnail","6":"product_brand-brandp_1156","7":"product_cat-consoles","8":"product_cat-electronique-jouets-electroniques","9":"product_cat-informatique-electronique","10":"product_tag-tag_1304","11":"product_tag-tag_29","13":"first","14":"instock","15":"taxable","16":"shipping-taxable","17":"purchasable","18":"product-type-simple"},"_links":{"self":[{"href":"https:\/\/bigbuy.tupique.com\/en\/wp-json\/wp\/v2\/product\/25699","targetHints":{"allow":["GET"]}}],"collection":[{"href":"https:\/\/bigbuy.tupique.com\/en\/wp-json\/wp\/v2\/product"}],"about":[{"href":"https:\/\/bigbuy.tupique.com\/en\/wp-json\/wp\/v2\/types\/product"}],"replies":[{"embeddable":true,"href":"https:\/\/bigbuy.tupique.com\/en\/wp-json\/wp\/v2\/comments?post=25699"}],"wp:featuredmedia":[{"embeddable":true,"href":"https:\/\/bigbuy.tupique.com\/en\/wp-json\/wp\/v2\/media\/25698"}],"wp:attachment":[{"href":"https:\/\/bigbuy.tupique.com\/en\/wp-json\/wp\/v2\/media?parent=25699"}],"wp:term":[{"taxonomy":"product_brand","embeddable":true,"href":"https:\/\/bigbuy.tupique.com\/en\/wp-json\/wp\/v2\/product_brand?post=25699"},{"taxonomy":"product_cat","embeddable":true,"href":"https:\/\/bigbuy.tupique.com\/en\/wp-json\/wp\/v2\/product_cat?post=25699"},{"taxonomy":"product_tag","embeddable":true,"href":"https:\/\/bigbuy.tupique.com\/en\/wp-json\/wp\/v2\/product_tag?post=25699"}],"curies":[{"name":"wp","href":"https:\/\/api.w.org\/{rel}","templated":true}]}}