{"id":25536,"date":"2026-03-29T21:29:52","date_gmt":"2026-03-29T20:29:52","guid":{"rendered":"https:\/\/bigbuy.tupique.com\/produto\/external-hard-drive-intenso-3823470-2-tb-ssd\/"},"modified":"2026-05-11T20:01:14","modified_gmt":"2026-05-11T18:01:14","slug":"external-hard-drive-intenso-3823470-2-tb-ssd","status":"publish","type":"product","link":"https:\/\/bigbuy.tupique.com\/en\/produto\/external-hard-drive-intenso-3823470-2-tb-ssd\/","title":{"rendered":"Disque Dur Externe INTENSO 3823470 2 TB SSD"},"content":{"rendered":"<p>Si vous \u00eates passionn\u00e9 d&#8217;<b>informatique et d&#8217;\u00e9lectronique<\/b>, si vous \u00eates \u00e0 la pointe de la technologie et qu&#8217;aucun d\u00e9tail ne vous \u00e9chappe, achetez <b>Disque Dur Externe INTENSO 3823470 2 TB SSD<\/b> au meilleur prix.<\/p>\n<ul>\n<li>Type: Disque Dur Externe<\/li>\n<li>vitesse: 320 MB\/s<\/li>\n<li>Technologie: SSD<\/li>\n<li>Taille: 1,8&#8243;<\/li>\n<li>Couleur: Anthracite<\/li>\n<li>Mati\u00e8re: Aluminium<\/li>\n<li>Caract\u00e9ristiques:\n<ul>\n<li>\u00c9cran integr\u00e9<\/li>\n<li>R\u00e9sistance aux chocs<\/li>\n<\/ul>\n<\/li>\n<li>Connexions:\n<ul>\n<li>USB<\/li>\n<li>USB-A<\/li>\n<li>USB 3.2<\/li>\n<\/ul>\n<\/li>\n<li>Disque dur: 2 TB SSD<\/li>\n<li>Non inclut: Wi-Fi<\/li>\n<li>Certificat: CE<\/li>\n<li>Largeur: 8,9 cm<\/li>\n<\/ul>","protected":false},"excerpt":{"rendered":"<p>Si vous \u00eates passionn\u00e9 d&#8217;informatique et d&#8217;\u00e9lectronique, si vous \u00eates \u00e0 la pointe de la technologie et qu&#8217;aucun d\u00e9tail ne vous \u00e9chappe, achetez Disque Dur Externe INTENSO 3823470 2 TB SSD au meilleur prix. Type: Disque Dur Externe vitesse: 320 MB\/s Technologie: SSD Taille: 1,8&#8243; Couleur: Anthracite Mati\u00e8re: Aluminium Caract\u00e9ristiques: \u00c9cran integr\u00e9 R\u00e9sistance aux chocs [&hellip;]<\/p>\n","protected":false},"featured_media":25535,"comment_status":"open","ping_status":"closed","template":"","meta":[],"product_brand":[1180],"product_cat":[588,65,584],"product_tag":[59,106],"class_list":{"0":"post-25536","1":"product","2":"type-product","3":"status-publish","4":"has-post-thumbnail","6":"product_brand-brandp_629","7":"product_cat-disques-durs","8":"product_cat-informatique-electronique","9":"product_cat-informatique-reseaux-et-composants","10":"product_tag-tag_1304","11":"product_tag-tag_1295","13":"first","14":"instock","15":"taxable","16":"shipping-taxable","17":"purchasable","18":"product-type-simple"},"_links":{"self":[{"href":"https:\/\/bigbuy.tupique.com\/en\/wp-json\/wp\/v2\/product\/25536","targetHints":{"allow":["GET"]}}],"collection":[{"href":"https:\/\/bigbuy.tupique.com\/en\/wp-json\/wp\/v2\/product"}],"about":[{"href":"https:\/\/bigbuy.tupique.com\/en\/wp-json\/wp\/v2\/types\/product"}],"replies":[{"embeddable":true,"href":"https:\/\/bigbuy.tupique.com\/en\/wp-json\/wp\/v2\/comments?post=25536"}],"wp:featuredmedia":[{"embeddable":true,"href":"https:\/\/bigbuy.tupique.com\/en\/wp-json\/wp\/v2\/media\/25535"}],"wp:attachment":[{"href":"https:\/\/bigbuy.tupique.com\/en\/wp-json\/wp\/v2\/media?parent=25536"}],"wp:term":[{"taxonomy":"product_brand","embeddable":true,"href":"https:\/\/bigbuy.tupique.com\/en\/wp-json\/wp\/v2\/product_brand?post=25536"},{"taxonomy":"product_cat","embeddable":true,"href":"https:\/\/bigbuy.tupique.com\/en\/wp-json\/wp\/v2\/product_cat?post=25536"},{"taxonomy":"product_tag","embeddable":true,"href":"https:\/\/bigbuy.tupique.com\/en\/wp-json\/wp\/v2\/product_tag?post=25536"}],"curies":[{"name":"wp","href":"https:\/\/api.w.org\/{rel}","templated":true}]}}