{"id":25413,"date":"2026-03-29T21:26:56","date_gmt":"2026-03-29T20:26:56","guid":{"rendered":"https:\/\/bigbuy.tupique.com\/produto\/curling-tongs-loreal-professionnel-paris-steampod-4\/"},"modified":"2026-04-16T19:56:40","modified_gmt":"2026-04-16T18:56:40","slug":"curling-tongs-loreal-professionnel-paris-steampod-4","status":"publish","type":"product","link":"https:\/\/bigbuy.tupique.com\/en\/produto\/curling-tongs-loreal-professionnel-paris-steampod-4\/","title":{"rendered":"Fer \u00e0 friser L&#8217;Oreal Professionnel Paris SteamPod 4"},"content":{"rendered":"<p>Si vous \u00eates \u00e0 la recherche de nouvelles tendances sur le march\u00e9, nous vous pr\u00e9sentons <b>Fer \u00e0 friser L&#8217;Oreal Professionnel Paris SteamPod 4<\/b> !<\/p>\n<p>Le <b>SteamPod 4<\/b> de <b>L&#8217;Oreal Professionnel Paris<\/b> est un <b>fer \u00e0 friser professionnel<\/b> avanc\u00e9 qui combine la technologie vapeur avec un design pens\u00e9 pour un usage confortable et efficace. Cet appareil se distingue par son <b>couleur bleue<\/b> \u00e9l\u00e9gante et sa structure en <b>mat\u00e9riau c\u00e9ramique<\/b>, garantissant un glissement doux sur les cheveux, r\u00e9duisant les dommages par friction et r\u00e9partissant la chaleur uniform\u00e9ment. Il fonctionne avec une <b>alimentation par c\u00e2ble \u00e9lectrique<\/b> et est compatible avec les prises europ\u00e9ennes standard (prise EU), facilitant son utilisation en salon comme \u00e0 domicile. Son syst\u00e8me de <b>vapeur<\/b> int\u00e9gr\u00e9 hydrate les cheveux pendant le coiffage, aidant \u00e0 former des boucles d\u00e9finies et durables sans dess\u00e9cher la fibre capillaire. De plus, il dispose de <b>3 niveaux de temp\u00e9rature<\/b>, offrant la polyvalence n\u00e9cessaire pour s\u2019adapter \u00e0 diff\u00e9rents types de cheveux et besoins, des cheveux fins et d\u00e9licats aux plus \u00e9pais ou difficiles \u00e0 coiffer. Cette polyvalence thermique, associ\u00e9e \u00e0 la technologie vapeur et au rev\u00eatement c\u00e9ramique, positionne le SteamPod 4 comme un outil professionnel alliant soin et performance. L\u2019appareil inclut \u00e9galement un traitement lissant concentr\u00e9 qui compl\u00e8te l\u2019action du fer \u00e0 lisser et du fer \u00e0 friser, am\u00e9liorant les r\u00e9sultats pour des cheveux plus doux et faciles \u00e0 coiffer. En r\u00e9sum\u00e9, le SteamPod 4 offre une combinaison technique con\u00e7ue pour les stylistes professionnels et les utilisateurs exigeants cherchant une solution avanc\u00e9e pour boucler et lisser les cheveux avec des r\u00e9sultats de haute qualit\u00e9 et un soin efficace.<\/p>\n<ul>\n<li>Produit \u00e0 brancher: Oui<\/li>\n<li>Type de prise: Prise EU<\/li>\n<li>Bloc d\u2019Alimentation:\n<ul>\n<li>r\u00e9seau \u00e9lectrique<\/li>\n<li>C\u00e2ble \u00e9lectrique<\/li>\n<\/ul>\n<\/li>\n<li>Couleur: Bleu<\/li>\n<li>Niveaux de temp\u00e9rature:\n<ul>\n<li>3<\/li>\n<li>3 niveaux<\/li>\n<\/ul>\n<\/li>\n<li>Mati\u00e8re: C\u00e9ramique<\/li>\n<li>Fonctions: Vapeur<\/li>\n<\/ul>","protected":false},"excerpt":{"rendered":"<p>Si vous \u00eates \u00e0 la recherche de nouvelles tendances sur le march\u00e9, nous vous pr\u00e9sentons Fer \u00e0 friser L&#8217;Oreal Professionnel Paris SteamPod 4 ! Le SteamPod 4 de L&#8217;Oreal Professionnel Paris est un fer \u00e0 friser professionnel avanc\u00e9 qui combine la technologie vapeur avec un design pens\u00e9 pour un usage confortable et efficace. Cet appareil [&hellip;]<\/p>\n","protected":false},"featured_media":25409,"comment_status":"open","ping_status":"closed","template":"","meta":[],"product_brand":[811],"product_cat":[753,754,752],"product_tag":[722,59,56],"class_list":{"0":"post-25413","1":"product","2":"type-product","3":"status-publish","4":"has-post-thumbnail","6":"product_brand-brandp_413","7":"product_cat-coiffure","8":"product_cat-lisseurs-pour-cheveux","9":"product_cat-sante-beaute","10":"product_tag-tag_923","11":"product_tag-tag_1304","12":"product_tag-tag_930","14":"first","15":"instock","16":"taxable","17":"shipping-taxable","18":"purchasable","19":"product-type-simple"},"_links":{"self":[{"href":"https:\/\/bigbuy.tupique.com\/en\/wp-json\/wp\/v2\/product\/25413","targetHints":{"allow":["GET"]}}],"collection":[{"href":"https:\/\/bigbuy.tupique.com\/en\/wp-json\/wp\/v2\/product"}],"about":[{"href":"https:\/\/bigbuy.tupique.com\/en\/wp-json\/wp\/v2\/types\/product"}],"replies":[{"embeddable":true,"href":"https:\/\/bigbuy.tupique.com\/en\/wp-json\/wp\/v2\/comments?post=25413"}],"wp:featuredmedia":[{"embeddable":true,"href":"https:\/\/bigbuy.tupique.com\/en\/wp-json\/wp\/v2\/media\/25409"}],"wp:attachment":[{"href":"https:\/\/bigbuy.tupique.com\/en\/wp-json\/wp\/v2\/media?parent=25413"}],"wp:term":[{"taxonomy":"product_brand","embeddable":true,"href":"https:\/\/bigbuy.tupique.com\/en\/wp-json\/wp\/v2\/product_brand?post=25413"},{"taxonomy":"product_cat","embeddable":true,"href":"https:\/\/bigbuy.tupique.com\/en\/wp-json\/wp\/v2\/product_cat?post=25413"},{"taxonomy":"product_tag","embeddable":true,"href":"https:\/\/bigbuy.tupique.com\/en\/wp-json\/wp\/v2\/product_tag?post=25413"}],"curies":[{"name":"wp","href":"https:\/\/api.w.org\/{rel}","templated":true}]}}