{"id":25389,"date":"2026-03-29T21:26:20","date_gmt":"2026-03-29T20:26:20","guid":{"rendered":"https:\/\/bigbuy.tupique.com\/produto\/induction-hot-plate-elica-nikolatesla-fit-bl-a-60\/"},"modified":"2026-04-16T17:40:09","modified_gmt":"2026-04-16T16:40:09","slug":"induction-hot-plate-elica-nikolatesla-fit-bl-a-60","status":"publish","type":"product","link":"https:\/\/bigbuy.tupique.com\/en\/produto\/induction-hot-plate-elica-nikolatesla-fit-bl-a-60\/","title":{"rendered":"Plaque \u00e0 Induction Elica NikolaTesla Fit BL\/A\/60"},"content":{"rendered":"<p>Si vous pensez r\u00e9nover votre cuisine, achetez <b>Plaque \u00e0 Induction Elica NikolaTesla Fit BL\/A\/60<\/b> et d\u00b4autres <b>produits Elica<\/b> !<\/p>\n<p>La <b>table de cuisson \u00e0 induction NikolaTesla Fit BL\/A\/60<\/b> de la marque reconnue <b>Elica<\/b> est un \u00e9quipement de cuisine moderne et performant con\u00e7u pour les utilisateurs recherchant un contr\u00f4le pr\u00e9cis et une grande rapidit\u00e9 de cuisson. Ce mod\u00e8le pr\u00e9sente une surface <b>noire<\/b> offrant une finition \u00e9l\u00e9gante et facile \u00e0 nettoyer, adapt\u00e9e aux cuisines contemporaines. Elle dispose de <b>4 foyers<\/b>, permettant de cuisiner plusieurs plats simultan\u00e9ment avec un large \u00e9ventail de diam\u00e8tres compatibles pour diff\u00e9rentes tailles de casseroles et po\u00eales. Son installation est pr\u00e9vue pour une connexion par <b>c\u00e2ble \u00e9lectrique<\/b>, fonctionnant sous une tension standard de <b>240 V<\/b>, garantissant une puissance adapt\u00e9e \u00e0 un usage domestique intensif. La technologie \u00e0 induction assure un chauffage rapide et uniforme, augmentant l\u2019efficacit\u00e9 \u00e9nerg\u00e9tique et la s\u00e9curit\u00e9 en maintenant la surface froide compar\u00e9e \u00e0 d\u2019autres modes de cuisson. De plus, son design compact de <b>60 x 51,5 cm<\/b> facilite son int\u00e9gration dans des meubles standards sans perdre en fonctionnalit\u00e9 ni confort. Le contr\u00f4le tactile int\u00e9gr\u00e9, propre \u00e0 la s\u00e9rie NikolaTesla Fit, permet une gestion simple et pr\u00e9cise de la temp\u00e9rature et de la puissance, offrant une grande polyvalence pour la pr\u00e9paration des recettes. Gr\u00e2ce \u00e0 des mat\u00e9riaux de haute qualit\u00e9 et une construction robuste, cette table garantit durabilit\u00e9 et r\u00e9sistance \u00e0 l\u2019usage quotidien. En r\u00e9sum\u00e9, la <b>table de cuisson \u00e0 induction NikolaTesla Fit BL\/A\/60<\/b> d\u2019Elica repr\u00e9sente une solution pratique et avanc\u00e9e pour ceux qui appr\u00e9cient une technologie efficace avec un design discret et fonctionnel, id\u00e9ale pour \u00e9quiper des cuisines modernes avec un produit fiable et polyvalent.<\/p>\n<ul>\n<li>Type: Plaque \u00e0 Induction<\/li>\n<li>Produit \u00e0 brancher: Oui<\/li>\n<li>Type de prise: Prise EU<\/li>\n<li>Bloc d\u2019Alimentation:\n<ul>\n<li>r\u00e9seau \u00e9lectrique<\/li>\n<li>C\u00e2ble \u00e9lectrique<\/li>\n<\/ul>\n<\/li>\n<li>Couleur: Noir<\/li>\n<li>Classification \u00e9nerg\u00e9tique: A<\/li>\n<li>Langue: Anglais<\/li>\n<li>Tension: 240 V<\/li>\n<li>Mati\u00e8re: Vitroc\u00e9ramique<\/li>\n<\/ul>","protected":false},"excerpt":{"rendered":"<p>Si vous pensez r\u00e9nover votre cuisine, achetez Plaque \u00e0 Induction Elica NikolaTesla Fit BL\/A\/60 et d\u00b4autres produits Elica ! La table de cuisson \u00e0 induction NikolaTesla Fit BL\/A\/60 de la marque reconnue Elica est un \u00e9quipement de cuisine moderne et performant con\u00e7u pour les utilisateurs recherchant un contr\u00f4le pr\u00e9cis et une grande rapidit\u00e9 de cuisson. [&hellip;]<\/p>\n","protected":false},"featured_media":25384,"comment_status":"open","ping_status":"closed","template":"","meta":[],"product_brand":[1176],"product_cat":[60,77,78],"product_tag":[55,59,56],"class_list":{"0":"post-25389","1":"product","2":"type-product","3":"status-publish","4":"has-post-thumbnail","6":"product_brand-brandp_7630","7":"product_cat-cuisine-gourmet","8":"product_cat-petit-electromenager","9":"product_cat-plaques-de-cuisson","10":"product_tag-tag_926","11":"product_tag-tag_1304","12":"product_tag-tag_930","14":"first","15":"instock","16":"taxable","17":"shipping-taxable","18":"purchasable","19":"product-type-simple"},"_links":{"self":[{"href":"https:\/\/bigbuy.tupique.com\/en\/wp-json\/wp\/v2\/product\/25389","targetHints":{"allow":["GET"]}}],"collection":[{"href":"https:\/\/bigbuy.tupique.com\/en\/wp-json\/wp\/v2\/product"}],"about":[{"href":"https:\/\/bigbuy.tupique.com\/en\/wp-json\/wp\/v2\/types\/product"}],"replies":[{"embeddable":true,"href":"https:\/\/bigbuy.tupique.com\/en\/wp-json\/wp\/v2\/comments?post=25389"}],"wp:featuredmedia":[{"embeddable":true,"href":"https:\/\/bigbuy.tupique.com\/en\/wp-json\/wp\/v2\/media\/25384"}],"wp:attachment":[{"href":"https:\/\/bigbuy.tupique.com\/en\/wp-json\/wp\/v2\/media?parent=25389"}],"wp:term":[{"taxonomy":"product_brand","embeddable":true,"href":"https:\/\/bigbuy.tupique.com\/en\/wp-json\/wp\/v2\/product_brand?post=25389"},{"taxonomy":"product_cat","embeddable":true,"href":"https:\/\/bigbuy.tupique.com\/en\/wp-json\/wp\/v2\/product_cat?post=25389"},{"taxonomy":"product_tag","embeddable":true,"href":"https:\/\/bigbuy.tupique.com\/en\/wp-json\/wp\/v2\/product_tag?post=25389"}],"curies":[{"name":"wp","href":"https:\/\/api.w.org\/{rel}","templated":true}]}}