{"id":25298,"date":"2026-03-29T21:24:01","date_gmt":"2026-03-29T20:24:01","guid":{"rendered":"https:\/\/bigbuy.tupique.com\/produto\/stick-vacuum-cleaner-medion\/"},"modified":"2026-05-11T20:01:14","modified_gmt":"2026-05-11T18:01:14","slug":"stick-vacuum-cleaner-medion","status":"publish","type":"product","link":"https:\/\/bigbuy.tupique.com\/en\/produto\/stick-vacuum-cleaner-medion\/","title":{"rendered":"Aspirateur balai Medion"},"content":{"rendered":"<p>Si vous \u00eates \u00e0 la recherche de nouvelles tendances sur le march\u00e9, nous vous pr\u00e9sentons <b>Aspirateur balai Medion<\/b> !<\/p>\n<p>Le <b>aspirateur balai Medion<\/b> se pr\u00e9sente comme une solution pratique et efficace pour le nettoyage quotidien, alliant une puissance d\u2019aspiration adapt\u00e9e \u00e0 un design ergonomique et l\u00e9ger. \u00c9quip\u00e9 d\u2019un <b>moteur de 400 W<\/b>, il garantit un nettoyage optimal sur diverses surfaces, capable de traiter salet\u00e9s l\u00e9g\u00e8res et r\u00e9sidus plus tenaces. Son format sans fil \u00e9limine les contraintes des c\u00e2bles, offrant une mobilit\u00e9 totale dans la maison sans interruption. Il dispose d\u2019une batterie de <b>2 500 mAh<\/b> offrant une autonomie prolong\u00e9e jusqu\u2019\u00e0 <b>55 minutes<\/b>, suffisante pour un nettoyage complet sans recharge imm\u00e9diate. L\u2019appareil se distingue par sa praticit\u00e9 et sa facilit\u00e9 d\u2019utilisation, avec une largeur de 27,5 cm facilitant l\u2019acc\u00e8s aux espaces \u00e9troits et aux coins difficiles. Sa finition en couleur <b>blanche<\/b> avec des d\u00e9tails gris apporte un style discret et moderne, s\u2019int\u00e9grant ais\u00e9ment \u00e0 tout int\u00e9rieur domestique. Con\u00e7u pour fonctionner avec une prise europ\u00e9enne, il assure une compatibilit\u00e9 sur le march\u00e9 local. L\u2019aspirateur Medion MD11860 se positionne comme un \u00e9quipement fonctionnel, pens\u00e9 pour ceux qui recherchent une combinaison de puissance, autonomie et confort dans un aspirateur balai d\u2019usage quotidien.<\/p>\n<ul>\n<li>Produit \u00e0 brancher: Oui<\/li>\n<li>Type: Aspirateur balai<\/li>\n<li>Type de prise: Prise EU<\/li>\n<li>Bloc d\u2019Alimentation: r\u00e9seau \u00e9lectrique<\/li>\n<li>Couleur: Blanc<\/li>\n<li>puissance: 400 W<\/li>\n<\/ul>","protected":false},"excerpt":{"rendered":"<p>Si vous \u00eates \u00e0 la recherche de nouvelles tendances sur le march\u00e9, nous vous pr\u00e9sentons Aspirateur balai Medion ! Le aspirateur balai Medion se pr\u00e9sente comme une solution pratique et efficace pour le nettoyage quotidien, alliant une puissance d\u2019aspiration adapt\u00e9e \u00e0 un design ergonomique et l\u00e9ger. \u00c9quip\u00e9 d\u2019un moteur de 400 W, il garantit un [&hellip;]<\/p>\n","protected":false},"featured_media":25292,"comment_status":"open","ping_status":"closed","template":"","meta":[],"product_brand":[454],"product_cat":[762,239,240],"product_tag":[59,56,210],"class_list":{"0":"post-25298","1":"product","2":"type-product","3":"status-publish","4":"has-post-thumbnail","6":"product_brand-brandp_3439","7":"product_cat-aspirateurs-et-robots","8":"product_cat-maison-jardin","9":"product_cat-nettoyage-aspirateur-et-repassage","10":"product_tag-tag_1304","11":"product_tag-tag_930","12":"product_tag-tag_25","14":"first","15":"instock","16":"taxable","17":"shipping-taxable","18":"purchasable","19":"product-type-simple"},"_links":{"self":[{"href":"https:\/\/bigbuy.tupique.com\/en\/wp-json\/wp\/v2\/product\/25298","targetHints":{"allow":["GET"]}}],"collection":[{"href":"https:\/\/bigbuy.tupique.com\/en\/wp-json\/wp\/v2\/product"}],"about":[{"href":"https:\/\/bigbuy.tupique.com\/en\/wp-json\/wp\/v2\/types\/product"}],"replies":[{"embeddable":true,"href":"https:\/\/bigbuy.tupique.com\/en\/wp-json\/wp\/v2\/comments?post=25298"}],"wp:featuredmedia":[{"embeddable":true,"href":"https:\/\/bigbuy.tupique.com\/en\/wp-json\/wp\/v2\/media\/25292"}],"wp:attachment":[{"href":"https:\/\/bigbuy.tupique.com\/en\/wp-json\/wp\/v2\/media?parent=25298"}],"wp:term":[{"taxonomy":"product_brand","embeddable":true,"href":"https:\/\/bigbuy.tupique.com\/en\/wp-json\/wp\/v2\/product_brand?post=25298"},{"taxonomy":"product_cat","embeddable":true,"href":"https:\/\/bigbuy.tupique.com\/en\/wp-json\/wp\/v2\/product_cat?post=25298"},{"taxonomy":"product_tag","embeddable":true,"href":"https:\/\/bigbuy.tupique.com\/en\/wp-json\/wp\/v2\/product_tag?post=25298"}],"curies":[{"name":"wp","href":"https:\/\/api.w.org\/{rel}","templated":true}]}}