{"id":25246,"date":"2026-03-29T21:22:34","date_gmt":"2026-03-29T20:22:34","guid":{"rendered":"https:\/\/bigbuy.tupique.com\/produto\/laser-printer-brother-dcp-l3520cdwere1\/"},"modified":"2026-04-15T03:33:26","modified_gmt":"2026-04-15T02:33:26","slug":"laser-printer-brother-dcp-l3520cdwere1","status":"publish","type":"product","link":"https:\/\/bigbuy.tupique.com\/en\/produto\/laser-printer-brother-dcp-l3520cdwere1\/","title":{"rendered":"Imprimante laser Brother DCP-L3520CDWERE1"},"content":{"rendered":"<p>Si vous \u00eates passionn\u00e9 d&#8217;<b>informatique et d&#8217;\u00e9lectronique<\/b>, si vous \u00eates \u00e0 la pointe de la technologie et qu&#8217;aucun d\u00e9tail ne vous \u00e9chappe, achetez <b>Imprimante laser Brother DCP-L3520CDWERE1<\/b> au meilleur prix.<\/p>\n<p>La <b>Brother DCPL3520CDWE<\/b> est une <b>imprimante multifonction<\/b> con\u00e7ue pour les environnements domestiques et les petits bureaux n\u00e9cessitant des solutions fiables d\u2019impression, de copie et de num\u00e9risation dans un seul appareil. Ce mod\u00e8le se distingue par sa <b>technologie laser LED couleur<\/b>, garantissant des r\u00e9sultats professionnels pour les documents couleur et noir et blanc, avec une <b>vitesse d\u2019impression jusqu\u2019\u00e0 18 ppm<\/b> (pages par minute) pour optimiser la productivit\u00e9. Son \u00e9l\u00e9gant design en <b>blanc<\/b> et sa construction robuste apportent une touche moderne et professionnelle \u00e0 tout espace de travail. La <b>connectivit\u00e9 sans fil Wi-Fi<\/b> int\u00e9gr\u00e9e, compatible avec la norme <b>Wi-Fi 4 (802.11n)<\/b>, permet d\u2019imprimer depuis plusieurs appareils mobiles ou ordinateurs portables sans c\u00e2ble, facilitant la gestion documentaire en r\u00e9seau. Elle dispose d\u2019un <b>\u00e9cran LCD<\/b> intuitif offrant un contr\u00f4le total des fonctions de base, simplifiant la configuration et le suivi des t\u00e2ches. L\u2019appareil est \u00e9galement \u00e9quip\u00e9 d\u2019un <b>bac d\u2019alimentation de 250 feuilles<\/b>, r\u00e9duisant la fr\u00e9quence des recharges et soutenant un flux de travail efficace. Parmi ses autres atouts figurent la connexion <b>USB<\/b> pour des op\u00e9rations directes et s\u00e9curis\u00e9es, ainsi que des fonctions de num\u00e9risation et de copie performantes, id\u00e9ales pour la digitalisation de documents et les travaux de reproduction rapide. L\u2019imprimante est compatible avec des cartouches de toner haute capacit\u00e9, optimisant le co\u00fbt par page et augmentant l\u2019autonomie. En r\u00e9sum\u00e9, la Brother DCPL3520CDWE est une solution polyvalente et efficace pour ceux qui recherchent qualit\u00e9 d\u2019impression, connectivit\u00e9 avanc\u00e9e et simplicit\u00e9 d\u2019utilisation dans un seul appareil multifonction.<\/p>\n<ul>\n<li>Caract\u00e9ristiques:\n<ul>\n<li>\u00c9cran integr\u00e9<\/li>\n<li>\u00c9cran LCD<\/li>\n<li>Impression recto verso<\/li>\n<\/ul>\n<\/li>\n<li>Produit \u00e0 brancher: Oui<\/li>\n<li>Technologie:\n<ul>\n<li>LCD<\/li>\n<li>LED<\/li>\n<\/ul>\n<\/li>\n<li>Ethernet: Non<\/li>\n<li>Capacit\u00e9:\n<ul>\n<li>250 Volets<\/li>\n<li>1 Volet<\/li>\n<\/ul>\n<\/li>\n<li>vitesse: 18 ppm<\/li>\n<li>Connexions:\n<ul>\n<li>USB 2.0<\/li>\n<li>USB<\/li>\n<\/ul>\n<\/li>\n<li>M\u00e9moire interne: 256 MB<\/li>\n<li>Connectivit\u00e9:\n<ul>\n<li>Wi-Fi<\/li>\n<li>Wi-Fi 4 (802.11n)<\/li>\n<\/ul>\n<\/li>\n<li>R\u00e9solution: 600 x 2400 dpi<\/li>\n<li>Type de prise: Prise EU<\/li>\n<li>Type:\n<ul>\n<li>Imprimante laser<\/li>\n<li>Couleur<\/li>\n<\/ul>\n<\/li>\n<li>Bloc d\u2019Alimentation:\n<ul>\n<li>r\u00e9seau \u00e9lectrique<\/li>\n<li>Cordon d&#8217;alimentation CA<\/li>\n<\/ul>\n<\/li>\n<li>Couleur: Blanc<\/li>\n<li>R\u00e9solution d&#8217;image maximale:\n<ul>\n<li>1200 x 1200 dpi<\/li>\n<li>600 x 600 dpi<\/li>\n<li>2400 x 600 dpi<\/li>\n<\/ul>\n<\/li>\n<li>Impression couleur: Oui<\/li>\n<li>Scanner: 1200 x 1200 dpi<\/li>\n<li>Papier:\n<ul>\n<li>A4<\/li>\n<li>B5<\/li>\n<\/ul>\n<\/li>\n<li>Impression recto verso: Automatique<\/li>\n<li>Fr\u00e9quence d&#8217;entr\u00e9e AC: 50-60 Hz<\/li>\n<li>Plateau: 1<\/li>\n<li>Tension: 220-240 V<\/li>\n<li>Largeur: 41 cm<\/li>\n<li>Utilisation recommand\u00e9e: Maison<\/li>\n<li>Fonctions: Imprimer<\/li>\n<li>Inclut:\n<ul>\n<li>Manuel de l&#8217;utilisateur<\/li>\n<li>Cartouche<\/li>\n<\/ul>\n<\/li>\n<li>M\u00e9t\u00e9o: 15 s<\/li>\n<li>Compatible avec: Papier<\/li>\n<\/ul>","protected":false},"excerpt":{"rendered":"<p>Si vous \u00eates passionn\u00e9 d&#8217;informatique et d&#8217;\u00e9lectronique, si vous \u00eates \u00e0 la pointe de la technologie et qu&#8217;aucun d\u00e9tail ne vous \u00e9chappe, achetez Imprimante laser Brother DCP-L3520CDWERE1 au meilleur prix. La Brother DCPL3520CDWE est une imprimante multifonction con\u00e7ue pour les environnements domestiques et les petits bureaux n\u00e9cessitant des solutions fiables d\u2019impression, de copie et de [&hellip;]<\/p>\n","protected":false},"featured_media":25242,"comment_status":"open","ping_status":"closed","template":"","meta":[],"product_brand":[669],"product_cat":[592,65,581],"product_tag":[213,106],"class_list":{"0":"post-25246","1":"product","2":"type-product","3":"status-publish","4":"has-post-thumbnail","6":"product_brand-brandp_538","7":"product_cat-imprimantes","8":"product_cat-informatique-electronique","9":"product_cat-informatique-peripheriques-et-consommables","10":"product_tag-tag_933","11":"product_tag-tag_1295","13":"first","14":"instock","15":"taxable","16":"shipping-taxable","17":"purchasable","18":"product-type-simple"},"_links":{"self":[{"href":"https:\/\/bigbuy.tupique.com\/en\/wp-json\/wp\/v2\/product\/25246","targetHints":{"allow":["GET"]}}],"collection":[{"href":"https:\/\/bigbuy.tupique.com\/en\/wp-json\/wp\/v2\/product"}],"about":[{"href":"https:\/\/bigbuy.tupique.com\/en\/wp-json\/wp\/v2\/types\/product"}],"replies":[{"embeddable":true,"href":"https:\/\/bigbuy.tupique.com\/en\/wp-json\/wp\/v2\/comments?post=25246"}],"wp:featuredmedia":[{"embeddable":true,"href":"https:\/\/bigbuy.tupique.com\/en\/wp-json\/wp\/v2\/media\/25242"}],"wp:attachment":[{"href":"https:\/\/bigbuy.tupique.com\/en\/wp-json\/wp\/v2\/media?parent=25246"}],"wp:term":[{"taxonomy":"product_brand","embeddable":true,"href":"https:\/\/bigbuy.tupique.com\/en\/wp-json\/wp\/v2\/product_brand?post=25246"},{"taxonomy":"product_cat","embeddable":true,"href":"https:\/\/bigbuy.tupique.com\/en\/wp-json\/wp\/v2\/product_cat?post=25246"},{"taxonomy":"product_tag","embeddable":true,"href":"https:\/\/bigbuy.tupique.com\/en\/wp-json\/wp\/v2\/product_tag?post=25246"}],"curies":[{"name":"wp","href":"https:\/\/api.w.org\/{rel}","templated":true}]}}