{"id":25218,"date":"2026-03-29T21:12:04","date_gmt":"2026-03-29T20:12:04","guid":{"rendered":"https:\/\/bigbuy.tupique.com\/produto\/photogrpahic-printer-canon-6856c006\/"},"modified":"2026-05-11T19:59:53","modified_gmt":"2026-05-11T17:59:53","slug":"photogrpahic-printer-canon-6856c006","status":"publish","type":"product","link":"https:\/\/bigbuy.tupique.com\/en\/produto\/photogrpahic-printer-canon-6856c006\/","title":{"rendered":"Imprimante photo Canon 6856C006"},"content":{"rendered":"<p>Si vous \u00eates passionn\u00e9 d&#8217;<b>informatique et d&#8217;\u00e9lectronique<\/b>, si vous \u00eates \u00e0 la pointe de la technologie et qu&#8217;aucun d\u00e9tail ne vous \u00e9chappe, achetez <b>Imprimante photo Canon 6856C006<\/b> au meilleur prix.<\/p>\n<p>Le <b>Canon imagePROGRAF PRO-1100<\/b> est un <b>traceur<\/b> professionnel haute pr\u00e9cision con\u00e7u pour l\u2019impression artistique et photographique, int\u00e9grant une technologie avanc\u00e9e de <b>jet d\u2019encre<\/b> permettant d\u2019obtenir des r\u00e9sultats avec une r\u00e9solution maximale de <b>2400 x 1200 DPI<\/b>, garantissant des d\u00e9tails nets et des couleurs vives. Cet appareil est fabriqu\u00e9 en couleur <b>noir<\/b> et \u00e9quip\u00e9 d\u2019un <b>\u00e9cran LCD<\/b> int\u00e9gr\u00e9 facilitant le contr\u00f4le des processus d\u2019impression via des boutons, offrant une gestion directe et simple. Il dispose de multiples options de connectivit\u00e9 incluant <b>USB<\/b>, <b>USB 2.0<\/b>, <b>USB B<\/b> et <b>Ethernet LAN<\/b>, permettant une int\u00e9gration flexible dans divers environnements de travail, ainsi que l\u2019impression directe et l\u2019acc\u00e8s sans fil par <b>WiFi<\/b>. Son design supporte les impressions sans bordure, id\u00e9al pour des productions n\u00e9cessitant des finitions professionnelles et esth\u00e9tiques, telles que photographies, cr\u00e9ations graphiques ou illustrations de haute qualit\u00e9. Les capacit\u00e9s techniques de ce traceur facilitent une reproduction fid\u00e8le des couleurs et une pr\u00e9cision \u00e0 chaque trait, contribuant \u00e0 des r\u00e9sultats constants et \u00e0 fort impact visuel. En r\u00e9sum\u00e9, le <b>Canon imagePROGRAF PRO-1100<\/b> est un outil avanc\u00e9 et polyvalent, une solution fiable pour les professionnels et amateurs exigeants cherchant \u00e0 imprimer avec excellence et fid\u00e9lit\u00e9 des couleurs.<\/p>\n<ul>\n<li>Type:\n<ul>\n<li>Imprimante<\/li>\n<li>Imprimante Multifonction<\/li>\n<li>Imprimante photo<\/li>\n<\/ul>\n<\/li>\n<li>Produit \u00e0 brancher: Oui<\/li>\n<li>Type de prise: Prise EU<\/li>\n<li>Bloc d\u2019Alimentation: r\u00e9seau \u00e9lectrique<\/li>\n<li>Couleur: Noir<\/li>\n<li>Caract\u00e9ristiques:\n<ul>\n<li>\u00c9cran integr\u00e9<\/li>\n<li>\u00c9cran LCD<\/li>\n<li>Commande par boutons<\/li>\n<\/ul>\n<\/li>\n<li>Connexions:\n<ul>\n<li>USB 2.0<\/li>\n<li>Ethernet LAN<\/li>\n<li>USB B<\/li>\n<li>USB<\/li>\n<li>USB B x 1<\/li>\n<\/ul>\n<\/li>\n<li>Connectivit\u00e9:\n<ul>\n<li>Wi-Fi<\/li>\n<li>Ethernet LAN<\/li>\n<li>Wi-Fi 5 GHz<\/li>\n<\/ul>\n<\/li>\n<li>R\u00e9solution d&#8217;image maximale: 2400 x 1200 dpi<\/li>\n<li>Technologie:\n<ul>\n<li>Injection d&#8217;encre<\/li>\n<li>LCD<\/li>\n<\/ul>\n<\/li>\n<li>Compatible: Android, iOS<\/li>\n<li>Tension: 100 &#8211; 240 V<\/li>\n<li>Fr\u00e9quence d&#8217;entr\u00e9e AC: 50-60 Hz<\/li>\n<li>Plage d&#8217;humidit\u00e9 de travail: 10 % &#8211; 90 %<\/li>\n<li>Non Inclus: Bluetooth<\/li>\n<\/ul>","protected":false},"excerpt":{"rendered":"<p>Si vous \u00eates passionn\u00e9 d&#8217;informatique et d&#8217;\u00e9lectronique, si vous \u00eates \u00e0 la pointe de la technologie et qu&#8217;aucun d\u00e9tail ne vous \u00e9chappe, achetez Imprimante photo Canon 6856C006 au meilleur prix. Le Canon imagePROGRAF PRO-1100 est un traceur professionnel haute pr\u00e9cision con\u00e7u pour l\u2019impression artistique et photographique, int\u00e9grant une technologie avanc\u00e9e de jet d\u2019encre permettant d\u2019obtenir [&hellip;]<\/p>\n","protected":false},"featured_media":52535,"comment_status":"open","ping_status":"closed","template":"","meta":[],"product_brand":[637],"product_cat":[592,65,581],"product_tag":[213,106],"class_list":{"0":"post-25218","1":"product","2":"type-product","3":"status-publish","4":"has-post-thumbnail","6":"product_brand-brandp_539","7":"product_cat-imprimantes","8":"product_cat-informatique-electronique","9":"product_cat-informatique-peripheriques-et-consommables","10":"product_tag-tag_933","11":"product_tag-tag_1295","13":"first","14":"instock","15":"taxable","16":"shipping-taxable","17":"purchasable","18":"product-type-simple"},"_links":{"self":[{"href":"https:\/\/bigbuy.tupique.com\/en\/wp-json\/wp\/v2\/product\/25218","targetHints":{"allow":["GET"]}}],"collection":[{"href":"https:\/\/bigbuy.tupique.com\/en\/wp-json\/wp\/v2\/product"}],"about":[{"href":"https:\/\/bigbuy.tupique.com\/en\/wp-json\/wp\/v2\/types\/product"}],"replies":[{"embeddable":true,"href":"https:\/\/bigbuy.tupique.com\/en\/wp-json\/wp\/v2\/comments?post=25218"}],"wp:featuredmedia":[{"embeddable":true,"href":"https:\/\/bigbuy.tupique.com\/en\/wp-json\/wp\/v2\/media\/52535"}],"wp:attachment":[{"href":"https:\/\/bigbuy.tupique.com\/en\/wp-json\/wp\/v2\/media?parent=25218"}],"wp:term":[{"taxonomy":"product_brand","embeddable":true,"href":"https:\/\/bigbuy.tupique.com\/en\/wp-json\/wp\/v2\/product_brand?post=25218"},{"taxonomy":"product_cat","embeddable":true,"href":"https:\/\/bigbuy.tupique.com\/en\/wp-json\/wp\/v2\/product_cat?post=25218"},{"taxonomy":"product_tag","embeddable":true,"href":"https:\/\/bigbuy.tupique.com\/en\/wp-json\/wp\/v2\/product_tag?post=25218"}],"curies":[{"name":"wp","href":"https:\/\/api.w.org\/{rel}","templated":true}]}}