{"id":25210,"date":"2026-03-29T21:11:53","date_gmt":"2026-03-29T20:11:53","guid":{"rendered":"https:\/\/bigbuy.tupique.com\/produto\/multifunction-printer-epson-c11cj88407\/"},"modified":"2026-04-15T03:33:22","modified_gmt":"2026-04-15T02:33:22","slug":"multifunction-printer-epson-c11cj88407","status":"publish","type":"product","link":"https:\/\/bigbuy.tupique.com\/en\/produto\/multifunction-printer-epson-c11cj88407\/","title":{"rendered":"Imprimante Multifonction Epson C11CJ88407"},"content":{"rendered":"<p>Si vous \u00eates \u00e0 la recherche de nouvelles tendances sur le march\u00e9, nous vous pr\u00e9sentons <b>Imprimante Multifonction Epson C11CJ88407<\/b> !<\/p>\n<ul>\n<li>Type: Imprimante Multifonction<\/li>\n<li>Produit \u00e0 brancher: Oui<\/li>\n<li>Type de prise: Prise EU<\/li>\n<li>Caract\u00e9ristiques: \u00c9cran integr\u00e9<\/li>\n<li>R\u00e9solution d&#8217;image maximale: 4800 x 1200 dpi<\/li>\n<li>Fr\u00e9quence: 50-60 Hz<\/li>\n<li>Technologie: Injection d&#8217;encre<\/li>\n<\/ul>","protected":false},"excerpt":{"rendered":"<p>Si vous \u00eates \u00e0 la recherche de nouvelles tendances sur le march\u00e9, nous vous pr\u00e9sentons Imprimante Multifonction Epson C11CJ88407 ! Type: Imprimante Multifonction Produit \u00e0 brancher: Oui Type de prise: Prise EU Caract\u00e9ristiques: \u00c9cran integr\u00e9 R\u00e9solution d&#8217;image maximale: 4800 x 1200 dpi Fr\u00e9quence: 50-60 Hz Technologie: Injection d&#8217;encre<\/p>","protected":false},"featured_media":25208,"comment_status":"open","ping_status":"closed","template":"","meta":[],"product_brand":[632],"product_cat":[592,65,581],"product_tag":[213,106],"class_list":{"0":"post-25210","1":"product","2":"type-product","3":"status-publish","4":"has-post-thumbnail","6":"product_brand-brandp_547","7":"product_cat-imprimantes","8":"product_cat-informatique-electronique","9":"product_cat-informatique-peripheriques-et-consommables","10":"product_tag-tag_933","11":"product_tag-tag_1295","13":"first","14":"instock","15":"taxable","16":"shipping-taxable","17":"purchasable","18":"product-type-simple"},"_links":{"self":[{"href":"https:\/\/bigbuy.tupique.com\/en\/wp-json\/wp\/v2\/product\/25210","targetHints":{"allow":["GET"]}}],"collection":[{"href":"https:\/\/bigbuy.tupique.com\/en\/wp-json\/wp\/v2\/product"}],"about":[{"href":"https:\/\/bigbuy.tupique.com\/en\/wp-json\/wp\/v2\/types\/product"}],"replies":[{"embeddable":true,"href":"https:\/\/bigbuy.tupique.com\/en\/wp-json\/wp\/v2\/comments?post=25210"}],"wp:featuredmedia":[{"embeddable":true,"href":"https:\/\/bigbuy.tupique.com\/en\/wp-json\/wp\/v2\/media\/25208"}],"wp:attachment":[{"href":"https:\/\/bigbuy.tupique.com\/en\/wp-json\/wp\/v2\/media?parent=25210"}],"wp:term":[{"taxonomy":"product_brand","embeddable":true,"href":"https:\/\/bigbuy.tupique.com\/en\/wp-json\/wp\/v2\/product_brand?post=25210"},{"taxonomy":"product_cat","embeddable":true,"href":"https:\/\/bigbuy.tupique.com\/en\/wp-json\/wp\/v2\/product_cat?post=25210"},{"taxonomy":"product_tag","embeddable":true,"href":"https:\/\/bigbuy.tupique.com\/en\/wp-json\/wp\/v2\/product_tag?post=25210"}],"curies":[{"name":"wp","href":"https:\/\/api.w.org\/{rel}","templated":true}]}}