{"id":25207,"date":"2026-03-29T21:11:49","date_gmt":"2026-03-29T20:11:49","guid":{"rendered":"https:\/\/bigbuy.tupique.com\/produto\/printer-labels-zebra-800264-405-white-o-25-mm-12-units\/"},"modified":"2026-04-15T03:33:22","modified_gmt":"2026-04-15T02:33:22","slug":"printer-labels-zebra-800264-405-white-o-25-mm-12-units","status":"publish","type":"product","link":"https:\/\/bigbuy.tupique.com\/en\/produto\/printer-labels-zebra-800264-405-white-o-25-mm-12-units\/","title":{"rendered":"Etiquettes pour Imprimante Zebra 800264-405 Blanc \u00d8 25 mm (12 Unit\u00e9s)"},"content":{"rendered":"<p>Si vous \u00eates passionn\u00e9 d&#8217;<b>informatique et d&#8217;\u00e9lectronique<\/b>, si vous \u00eates \u00e0 la pointe de la technologie et qu&#8217;aucun d\u00e9tail ne vous \u00e9chappe, achetez <b>Etiquettes pour Imprimante Zebra 800264-405 Blanc \u00d8 25 mm (12 Unit\u00e9s)<\/b> au meilleur prix.<\/p>\n<ul>\n<li>Type: \u00c9tiquettes adh\u00e9sives<\/li>\n<li>Couleur: Blanc<\/li>\n<li>Mat\u00e9riel: Papier<\/li>\n<li>Technologie: Thermique<\/li>\n<li>Unit\u00e9s: 12 Unit\u00e9s<\/li>\n<li>diam\u00e8tre approx.: \u00d8 25 mm<\/li>\n<\/ul>","protected":false},"excerpt":{"rendered":"<p><span class=\"unit-info\">24.7492 &euro; \/ 1 unit<\/span><\/p>","protected":false},"featured_media":25206,"comment_status":"open","ping_status":"closed","template":"","meta":[],"product_brand":[812],"product_cat":[65,581,757],"product_tag":[213,106],"class_list":{"0":"post-25207","1":"product","2":"type-product","3":"status-publish","4":"has-post-thumbnail","6":"product_brand-brandp_590","7":"product_cat-informatique-electronique","8":"product_cat-informatique-peripheriques-et-consommables","9":"product_cat-papier-pour-imprimantes","10":"product_tag-tag_933","11":"product_tag-tag_1295","13":"first","14":"instock","15":"taxable","16":"shipping-taxable","17":"purchasable","18":"product-type-simple"},"_links":{"self":[{"href":"https:\/\/bigbuy.tupique.com\/en\/wp-json\/wp\/v2\/product\/25207","targetHints":{"allow":["GET"]}}],"collection":[{"href":"https:\/\/bigbuy.tupique.com\/en\/wp-json\/wp\/v2\/product"}],"about":[{"href":"https:\/\/bigbuy.tupique.com\/en\/wp-json\/wp\/v2\/types\/product"}],"replies":[{"embeddable":true,"href":"https:\/\/bigbuy.tupique.com\/en\/wp-json\/wp\/v2\/comments?post=25207"}],"wp:featuredmedia":[{"embeddable":true,"href":"https:\/\/bigbuy.tupique.com\/en\/wp-json\/wp\/v2\/media\/25206"}],"wp:attachment":[{"href":"https:\/\/bigbuy.tupique.com\/en\/wp-json\/wp\/v2\/media?parent=25207"}],"wp:term":[{"taxonomy":"product_brand","embeddable":true,"href":"https:\/\/bigbuy.tupique.com\/en\/wp-json\/wp\/v2\/product_brand?post=25207"},{"taxonomy":"product_cat","embeddable":true,"href":"https:\/\/bigbuy.tupique.com\/en\/wp-json\/wp\/v2\/product_cat?post=25207"},{"taxonomy":"product_tag","embeddable":true,"href":"https:\/\/bigbuy.tupique.com\/en\/wp-json\/wp\/v2\/product_tag?post=25207"}],"curies":[{"name":"wp","href":"https:\/\/api.w.org\/{rel}","templated":true}]}}