{"id":25160,"date":"2026-03-29T21:10:39","date_gmt":"2026-03-29T20:10:39","guid":{"rendered":"https:\/\/bigbuy.tupique.com\/produto\/processor-intel-bx80768265f\/"},"modified":"2026-04-16T10:15:02","modified_gmt":"2026-04-16T09:15:02","slug":"processor-intel-bx80768265f","status":"publish","type":"product","link":"https:\/\/bigbuy.tupique.com\/en\/produto\/processor-intel-bx80768265f\/","title":{"rendered":"Processeur Intel BX80768265F"},"content":{"rendered":"<p>Si vous \u00eates \u00e0 la recherche de nouvelles tendances sur le march\u00e9, nous vous pr\u00e9sentons <b>Processeur Intel BX80768265F<\/b> !<\/p>\n<p>Le <b>processeur Intel<\/b> en question appartient \u00e0 la famille <b>Intel Core Ultra 7<\/b>, une \u00e9volution de la gamme <b>Intel Core i7<\/b> qui repr\u00e9sente une avanc\u00e9e notable en termes de performances et d\u2019architecture. Ce processeur se distingue par une configuration allant de <b>8 \u00e0 20 c\u0153urs<\/b>, offrant une capacit\u00e9 importante pour g\u00e9rer des charges de travail complexes et le multit\u00e2che avanc\u00e9, id\u00e9al pour les utilisateurs exigeants et les environnements professionnels. La pr\u00e9sence de jusqu\u2019\u00e0 <b>20 c\u0153urs<\/b> permet d\u2019optimiser les processus parall\u00e8les, d\u2019acc\u00e9l\u00e9rer des t\u00e2ches telles que le montage vid\u00e9o, le rendu 3D ou le d\u00e9veloppement logiciel, tandis que la version \u00e0 <b>8 c\u0153urs<\/b> propose un \u00e9quilibre efficace pour des applications plus g\u00e9n\u00e9rales et les jeux. Faisant partie de la c\u00e9l\u00e8bre <b>famille Intel Core<\/b>, cette s\u00e9rie vise \u00e0 fournir un haut niveau d\u2019efficacit\u00e9 \u00e9nerg\u00e9tique tout en assurant des performances solides, gr\u00e2ce aux technologies de pointe propres \u00e0 Intel qui am\u00e9liorent la r\u00e9activit\u00e9 et la vitesse op\u00e9rationnelle du syst\u00e8me. De plus, l\u2019Intel Core Ultra 7 int\u00e8gre des innovations facilitant l\u2019int\u00e9gration dans les syst\u00e8mes modernes, optimisant l\u2019exp\u00e9rience sur plateformes Windows et applications professionnelles. Ce processeur convient aussi bien aux stations de travail avanc\u00e9es qu\u2019aux machines haute performance destin\u00e9es aux utilisateurs professionnels, offrant un excellent compromis entre puissance de calcul et excellence technologique. En r\u00e9sum\u00e9, ce mod\u00e8le de <b>processeur Intel Core Ultra 7<\/b> se positionne comme une solution polyvalente et puissante pour ceux qui n\u00e9cessitent un mat\u00e9riel fiable et performant pour des t\u00e2ches exigeant une grande capacit\u00e9 de traitement.<\/p>\n<ul>\n<li>Compatible: Intel\u00ae Turbo Boost Technology 2.0<\/li>\n<li>Exigences: 64 bits<\/li>\n<li>Technologie:\n<ul>\n<li>VT-d<\/li>\n<li>VT-x<\/li>\n<\/ul>\n<\/li>\n<li>Non inclut: Adaptateur graphique discret<\/li>\n<li>Cache: 30 MB<\/li>\n<li>Noyaux:\n<ul>\n<li>8 Noyaux<\/li>\n<li>20 Noyaux<\/li>\n<\/ul>\n<\/li>\n<li>Famille de processeurs: Intel<\/li>\n<\/ul>","protected":false},"excerpt":{"rendered":"<p>Si vous \u00eates \u00e0 la recherche de nouvelles tendances sur le march\u00e9, nous vous pr\u00e9sentons Processeur Intel BX80768265F ! Le processeur Intel en question appartient \u00e0 la famille Intel Core Ultra 7, une \u00e9volution de la gamme Intel Core i7 qui repr\u00e9sente une avanc\u00e9e notable en termes de performances et d\u2019architecture. Ce processeur se distingue [&hellip;]<\/p>\n","protected":false},"featured_media":25159,"comment_status":"open","ping_status":"closed","template":"","meta":[],"product_brand":[982],"product_cat":[65,584,743],"product_tag":[106],"class_list":{"0":"post-25160","1":"product","2":"type-product","3":"status-publish","4":"has-post-thumbnail","6":"product_brand-brandp_555","7":"product_cat-informatique-electronique","8":"product_cat-informatique-reseaux-et-composants","9":"product_cat-processeurs","10":"product_tag-tag_1295","12":"first","13":"instock","14":"taxable","15":"shipping-taxable","16":"purchasable","17":"product-type-simple"},"_links":{"self":[{"href":"https:\/\/bigbuy.tupique.com\/en\/wp-json\/wp\/v2\/product\/25160","targetHints":{"allow":["GET"]}}],"collection":[{"href":"https:\/\/bigbuy.tupique.com\/en\/wp-json\/wp\/v2\/product"}],"about":[{"href":"https:\/\/bigbuy.tupique.com\/en\/wp-json\/wp\/v2\/types\/product"}],"replies":[{"embeddable":true,"href":"https:\/\/bigbuy.tupique.com\/en\/wp-json\/wp\/v2\/comments?post=25160"}],"wp:featuredmedia":[{"embeddable":true,"href":"https:\/\/bigbuy.tupique.com\/en\/wp-json\/wp\/v2\/media\/25159"}],"wp:attachment":[{"href":"https:\/\/bigbuy.tupique.com\/en\/wp-json\/wp\/v2\/media?parent=25160"}],"wp:term":[{"taxonomy":"product_brand","embeddable":true,"href":"https:\/\/bigbuy.tupique.com\/en\/wp-json\/wp\/v2\/product_brand?post=25160"},{"taxonomy":"product_cat","embeddable":true,"href":"https:\/\/bigbuy.tupique.com\/en\/wp-json\/wp\/v2\/product_cat?post=25160"},{"taxonomy":"product_tag","embeddable":true,"href":"https:\/\/bigbuy.tupique.com\/en\/wp-json\/wp\/v2\/product_tag?post=25160"}],"curies":[{"name":"wp","href":"https:\/\/api.w.org\/{rel}","templated":true}]}}