{"id":24999,"date":"2026-03-29T21:06:21","date_gmt":"2026-03-29T20:06:21","guid":{"rendered":"https:\/\/bigbuy.tupique.com\/produto\/laser-printer-xerox-c620v_dn\/"},"modified":"2026-04-15T13:38:21","modified_gmt":"2026-04-15T12:38:21","slug":"laser-printer-xerox-c620v_dn","status":"publish","type":"product","link":"https:\/\/bigbuy.tupique.com\/en\/produto\/laser-printer-xerox-c620v_dn\/","title":{"rendered":"Imprimante laser Xerox C620V_DN"},"content":{"rendered":"<p>Si vous \u00eates passionn\u00e9 d&#8217;<b>informatique et d&#8217;\u00e9lectronique<\/b>, si vous \u00eates \u00e0 la pointe de la technologie et qu&#8217;aucun d\u00e9tail ne vous \u00e9chappe, achetez <b>Imprimante laser Xerox C620V_DN<\/b> au meilleur prix.<\/p>\n<ul>\n<li>Type: Imprimante laser<\/li>\n<li>Produit \u00e0 brancher: Oui<\/li>\n<li>Type de prise: Prise EU<\/li>\n<li>Couleur:\n<ul>\n<li>Gris<\/li>\n<li>Blanc<\/li>\n<\/ul>\n<\/li>\n<li>Bloc d\u2019Alimentation: r\u00e9seau \u00e9lectrique<\/li>\n<li>Caract\u00e9ristiques:\n<ul>\n<li>\u00c9cran integr\u00e9<\/li>\n<li>\u00c9cran couleur<\/li>\n<li>Impression recto verso<\/li>\n<li>Commande tactile<\/li>\n<\/ul>\n<\/li>\n<li>Connexions:\n<ul>\n<li>USB<\/li>\n<li>USB 2.0<\/li>\n<li>Ethernet LAN<\/li>\n<\/ul>\n<\/li>\n<li>R\u00e9solution d&#8217;image maximale: 1200 x 1200 dpi<\/li>\n<li>Ecran:\n<ul>\n<li>5&#8221;<\/li>\n<li>5&#8243;<\/li>\n<\/ul>\n<\/li>\n<li>Technologie: Laser<\/li>\n<li>Impression couleur: Oui<\/li>\n<li>Imprimante: 1200 x 1200 dpi<\/li>\n<li>Capacit\u00e9: 650 Volets<\/li>\n<li>Compatible:\n<ul>\n<li>Windows<\/li>\n<li>Linux<\/li>\n<\/ul>\n<\/li>\n<li>Papier: A4<\/li>\n<li>Processeur: Quad Core<\/li>\n<li>Connectivit\u00e9:\n<ul>\n<li>Ethernet LAN<\/li>\n<li>NFC<\/li>\n<\/ul>\n<\/li>\n<li>Impression recto verso: Automatique<\/li>\n<li>Fr\u00e9quence d&#8217;entr\u00e9e AC: 50-60 Hz<\/li>\n<li>Fr\u00e9quence: 1200 Hz<\/li>\n<li>vitesse: 10\/100\/1000 Mbps<\/li>\n<li>Non Inclus: Wi-Fi<\/li>\n<li>Tension: 220-240 V<\/li>\n<li>Taille maximale d&#8217;impression: 216 x 356 mm<\/li>\n<li>Utilisation recommand\u00e9e: Maison<\/li>\n<li>Plateau: 2<\/li>\n<li>Inclut: Cartouche<\/li>\n<li>M\u00e9moire RAM: 2 GB<\/li>\n<\/ul>","protected":false},"excerpt":{"rendered":"<p>Si vous \u00eates passionn\u00e9 d&#8217;informatique et d&#8217;\u00e9lectronique, si vous \u00eates \u00e0 la pointe de la technologie et qu&#8217;aucun d\u00e9tail ne vous \u00e9chappe, achetez Imprimante laser Xerox C620V_DN au meilleur prix. Type: Imprimante laser Produit \u00e0 brancher: Oui Type de prise: Prise EU Couleur: Gris Blanc Bloc d\u2019Alimentation: r\u00e9seau \u00e9lectrique Caract\u00e9ristiques: \u00c9cran integr\u00e9 \u00c9cran couleur Impression [&hellip;]<\/p>\n","protected":false},"featured_media":24979,"comment_status":"open","ping_status":"closed","template":"","meta":[],"product_brand":[631],"product_cat":[592,65,581],"product_tag":[213,106],"class_list":{"0":"post-24999","1":"product","2":"type-product","3":"status-publish","4":"has-post-thumbnail","6":"product_brand-brandp_922","7":"product_cat-imprimantes","8":"product_cat-informatique-electronique","9":"product_cat-informatique-peripheriques-et-consommables","10":"product_tag-tag_933","11":"product_tag-tag_1295","13":"first","14":"instock","15":"taxable","16":"shipping-taxable","17":"purchasable","18":"product-type-simple"},"_links":{"self":[{"href":"https:\/\/bigbuy.tupique.com\/en\/wp-json\/wp\/v2\/product\/24999","targetHints":{"allow":["GET"]}}],"collection":[{"href":"https:\/\/bigbuy.tupique.com\/en\/wp-json\/wp\/v2\/product"}],"about":[{"href":"https:\/\/bigbuy.tupique.com\/en\/wp-json\/wp\/v2\/types\/product"}],"replies":[{"embeddable":true,"href":"https:\/\/bigbuy.tupique.com\/en\/wp-json\/wp\/v2\/comments?post=24999"}],"wp:featuredmedia":[{"embeddable":true,"href":"https:\/\/bigbuy.tupique.com\/en\/wp-json\/wp\/v2\/media\/24979"}],"wp:attachment":[{"href":"https:\/\/bigbuy.tupique.com\/en\/wp-json\/wp\/v2\/media?parent=24999"}],"wp:term":[{"taxonomy":"product_brand","embeddable":true,"href":"https:\/\/bigbuy.tupique.com\/en\/wp-json\/wp\/v2\/product_brand?post=24999"},{"taxonomy":"product_cat","embeddable":true,"href":"https:\/\/bigbuy.tupique.com\/en\/wp-json\/wp\/v2\/product_cat?post=24999"},{"taxonomy":"product_tag","embeddable":true,"href":"https:\/\/bigbuy.tupique.com\/en\/wp-json\/wp\/v2\/product_tag?post=24999"}],"curies":[{"name":"wp","href":"https:\/\/api.w.org\/{rel}","templated":true}]}}