{"id":24966,"date":"2026-03-29T21:05:26","date_gmt":"2026-03-29T20:05:26","guid":{"rendered":"https:\/\/bigbuy.tupique.com\/produto\/keyboard-case-startech-132ue-tb4usb4dock\/"},"modified":"2026-04-15T03:33:07","modified_gmt":"2026-04-15T02:33:07","slug":"keyboard-case-startech-132ue-tb4usb4dock","status":"publish","type":"product","link":"https:\/\/bigbuy.tupique.com\/en\/produto\/keyboard-case-startech-132ue-tb4usb4dock\/","title":{"rendered":"Housse pour clavier Startech 132UE-TB4USB4DOCK"},"content":{"rendered":"<p>Si vous \u00eates passionn\u00e9 d&#8217;<b>informatique et d&#8217;\u00e9lectronique<\/b>, si vous \u00eates \u00e0 la pointe de la technologie et qu&#8217;aucun d\u00e9tail ne vous \u00e9chappe, achetez <b>Housse pour clavier Startech 132UE-TB4USB4DOCK<\/b> au meilleur prix.<\/p>\n<ul>\n<li>Type:\n<ul>\n<li>Housse pour clavier<\/li>\n<li>Avec fil<\/li>\n<\/ul>\n<\/li>\n<li>Couleur: Gris<\/li>\n<li>Connexions:\n<ul>\n<li>USB-C<\/li>\n<li>USB 2.0<\/li>\n<li>RJ45<\/li>\n<li>USB x 2<\/li>\n<li>DisplayPort<\/li>\n<li>Thunderbolt 4 x 1<\/li>\n<li>HDMI x 2<\/li>\n<li>USB 3.2 x 3<\/li>\n<li>USB<\/li>\n<li>DisplayPort x 2<\/li>\n<li>Jack 3.5 mm<\/li>\n<li>Ethernet LAN<\/li>\n<li>2 x HDMI<\/li>\n<li>USB x 7<\/li>\n<li>HDMI 2.1 x 1<\/li>\n<li>USB-C 3.2 Gen 2 (3.1 Gen 2)<\/li>\n<li>DisplayPort 1.4<\/li>\n<li>USB-A 3.2<\/li>\n<li>C\u00e2ble jack 3,3 mm<\/li>\n<\/ul>\n<\/li>\n<li>Mati\u00e8re: Aluminium<\/li>\n<li>Caract\u00e9ristiques:\n<ul>\n<li>Interrupteur marche\/arr\u00eat<\/li>\n<li>Guide d&#8217;installation inclus<\/li>\n<li>Carte de lecture int\u00e9gr\u00e9e<\/li>\n<\/ul>\n<\/li>\n<li>Bloc d\u2019Alimentation:\n<ul>\n<li>DC<\/li>\n<li>Avec fil<\/li>\n<li>CC<\/li>\n<\/ul>\n<\/li>\n<li>Tension: 20 V<\/li>\n<li>Ports: 7<\/li>\n<li>Poids: 200 g<\/li>\n<li>Non inclut: Adaptateur AC<\/li>\n<li>Tension d&#8217;entr\u00e9e AC: 110 &#8211; 240 V<\/li>\n<li>Temp\u00e9rature approximative: &#8211; 20\u00baC \/ 70\u00b0C<\/li>\n<li>Amp\u00e9rage: 2,5 A<\/li>\n<li>vitesse: 10\/100\/1000\/2500 Mbps<\/li>\n<li>Inclut: Thunderbolt<\/li>\n<\/ul>","protected":false},"excerpt":{"rendered":"<p>Si vous \u00eates passionn\u00e9 d&#8217;informatique et d&#8217;\u00e9lectronique, si vous \u00eates \u00e0 la pointe de la technologie et qu&#8217;aucun d\u00e9tail ne vous \u00e9chappe, achetez Housse pour clavier Startech 132UE-TB4USB4DOCK au meilleur prix. Type: Housse pour clavier Avec fil Couleur: Gris Connexions: USB-C USB 2.0 RJ45 USB x 2 DisplayPort Thunderbolt 4 x 1 HDMI x 2 [&hellip;]<\/p>\n","protected":false},"featured_media":24958,"comment_status":"open","ping_status":"closed","template":"","meta":[],"product_brand":[634],"product_cat":[729,65,581],"product_tag":[106],"class_list":{"0":"post-24966","1":"product","2":"type-product","3":"status-publish","4":"has-post-thumbnail","6":"product_brand-brandp_4771","7":"product_cat-claviers","8":"product_cat-informatique-electronique","9":"product_cat-informatique-peripheriques-et-consommables","10":"product_tag-tag_1295","12":"first","13":"instock","14":"taxable","15":"shipping-taxable","16":"purchasable","17":"product-type-simple"},"_links":{"self":[{"href":"https:\/\/bigbuy.tupique.com\/en\/wp-json\/wp\/v2\/product\/24966","targetHints":{"allow":["GET"]}}],"collection":[{"href":"https:\/\/bigbuy.tupique.com\/en\/wp-json\/wp\/v2\/product"}],"about":[{"href":"https:\/\/bigbuy.tupique.com\/en\/wp-json\/wp\/v2\/types\/product"}],"replies":[{"embeddable":true,"href":"https:\/\/bigbuy.tupique.com\/en\/wp-json\/wp\/v2\/comments?post=24966"}],"wp:featuredmedia":[{"embeddable":true,"href":"https:\/\/bigbuy.tupique.com\/en\/wp-json\/wp\/v2\/media\/24958"}],"wp:attachment":[{"href":"https:\/\/bigbuy.tupique.com\/en\/wp-json\/wp\/v2\/media?parent=24966"}],"wp:term":[{"taxonomy":"product_brand","embeddable":true,"href":"https:\/\/bigbuy.tupique.com\/en\/wp-json\/wp\/v2\/product_brand?post=24966"},{"taxonomy":"product_cat","embeddable":true,"href":"https:\/\/bigbuy.tupique.com\/en\/wp-json\/wp\/v2\/product_cat?post=24966"},{"taxonomy":"product_tag","embeddable":true,"href":"https:\/\/bigbuy.tupique.com\/en\/wp-json\/wp\/v2\/product_tag?post=24966"}],"curies":[{"name":"wp","href":"https:\/\/api.w.org\/{rel}","templated":true}]}}