{"id":24872,"date":"2026-03-29T20:52:58","date_gmt":"2026-03-29T19:52:58","guid":{"rendered":"https:\/\/bigbuy.tupique.com\/produto\/motherboard-asus-tuf-gaming-x870-plus-wifi-amd-am5-amd\/"},"modified":"2026-04-16T16:17:14","modified_gmt":"2026-04-16T15:17:14","slug":"motherboard-asus-tuf-gaming-x870-plus-wifi-amd-am5-amd","status":"publish","type":"product","link":"https:\/\/bigbuy.tupique.com\/en\/produto\/motherboard-asus-tuf-gaming-x870-plus-wifi-amd-am5-amd\/","title":{"rendered":"Carte M\u00e8re Asus TUF GAMING X870-PLUS WIFI AMD AM5 AMD"},"content":{"rendered":"<p>Si vous \u00eates passionn\u00e9 d&#8217;<b>informatique et d&#8217;\u00e9lectronique<\/b>, si vous \u00eates \u00e0 la pointe de la technologie et qu&#8217;aucun d\u00e9tail ne vous \u00e9chappe, achetez <b>Carte M\u00e8re Asus TUF GAMING X870-PLUS WIFI AMD AM5 AMD<\/b> au meilleur prix.<\/p>\n<p>La <b>carte m\u00e8re Asus TUF GAMING X870-PLUS WIFI<\/b> est une <b>carte m\u00e8re<\/b> au format <b>ATX<\/b> con\u00e7ue pour optimiser les performances des PC de bureau compatibles avec les processeurs <b>AMD AM5<\/b>, gr\u00e2ce \u00e0 son chipset <b>AMD X870<\/b> qui offre une plateforme avanc\u00e9e pour le gaming et les t\u00e2ches exigeantes. Cette carte se distingue par sa connectivit\u00e9 sans fil int\u00e9gr\u00e9e avec <b>Wi-Fi<\/b> et <b>Bluetooth<\/b>, assurant une connexion stable et rapide sans c\u00e2bles suppl\u00e9mentaires, ainsi qu\u2019une sortie <b>HDMI<\/b> pour la connexion directe \u00e0 des moniteurs ou t\u00e9l\u00e9viseurs compatibles. Avec un design robuste noir typique de la s\u00e9rie TUF, elle int\u00e8gre une m\u00e9moire graphique d\u00e9di\u00e9e de <b>256 Mo<\/b> optimis\u00e9e pour supporter des fonctions compl\u00e9mentaires et am\u00e9liorer la stabilit\u00e9 des applications graphiques. Son architecture ATX garantit une large compatibilit\u00e9 et un espace suffisant pour \u00e9tendre les composants du PC, id\u00e9ale pour les joueurs comme pour les utilisateurs recherchant une base solide pour des configurations avanc\u00e9es. Dans l\u2019ensemble, cette carte offre une solution moderne et \u00e9quilibr\u00e9e pour ceux qui veulent une plateforme fiable et performante avec toutes les fonctionnalit\u00e9s actuelles, tirant pleinement parti de la puissance des processeurs AMD derni\u00e8re g\u00e9n\u00e9ration et de la connectivit\u00e9 sans fil int\u00e9gr\u00e9e. C\u2019est un composant cl\u00e9 qui assure stabilit\u00e9, performance et polyvalence dans la configuration de syst\u00e8mes hautes performances.<\/p>\n<ul>\n<li>Chipset:\n<ul>\n<li>AMD AM5<\/li>\n<li>AMD<\/li>\n<\/ul>\n<\/li>\n<li>Type:\n<ul>\n<li>Carte M\u00e8re<\/li>\n<li>ATX<\/li>\n<li>UEFI<\/li>\n<\/ul>\n<\/li>\n<li>Couleur: Noir<\/li>\n<li>Connectivit\u00e9:\n<ul>\n<li>Bluetooth<\/li>\n<li>Wi-Fi<\/li>\n<\/ul>\n<\/li>\n<li>Facteur de forme: ATX<\/li>\n<li>M\u00e9moire: 256 MB<\/li>\n<li>Nombre d&#8217;emplacements m\u00e9moire: 4<\/li>\n<li>Haut-parleurs: 7.1<\/li>\n<li>Connexions:\n<ul>\n<li>HDMI x 1<\/li>\n<li>2 x USB 2.0<\/li>\n<li>Microphone<\/li>\n<li>Ethernet LAN<\/li>\n<li>DIMM<\/li>\n<li>4 x USB 3.2 Gen 1 (3.1 Gen 1)<\/li>\n<li>USB-A &#8211; USB-C<\/li>\n<li>RJ45 x 1<\/li>\n<\/ul>\n<\/li>\n<li>Compatible:\n<ul>\n<li>HDD\/SSD<\/li>\n<li>PC<\/li>\n<\/ul>\n<\/li>\n<li>Poids approx.: 1,6 kg<\/li>\n<li>Largeur: 30,5 cm<\/li>\n<li>Socket: AMD AM5<\/li>\n<li>Type de m\u00e9moire: DDR5<\/li>\n<li>Famille de processeurs: AMD<\/li>\n<\/ul>","protected":false},"excerpt":{"rendered":"<p>Si vous \u00eates passionn\u00e9 d&#8217;informatique et d&#8217;\u00e9lectronique, si vous \u00eates \u00e0 la pointe de la technologie et qu&#8217;aucun d\u00e9tail ne vous \u00e9chappe, achetez Carte M\u00e8re Asus TUF GAMING X870-PLUS WIFI AMD AM5 AMD au meilleur prix. La carte m\u00e8re Asus TUF GAMING X870-PLUS WIFI est une carte m\u00e8re au format ATX con\u00e7ue pour optimiser les [&hellip;]<\/p>\n","protected":false},"featured_media":156055,"comment_status":"open","ping_status":"closed","template":"","meta":[],"product_brand":[798],"product_cat":[736,65,584],"product_tag":[59,106],"class_list":{"0":"post-24872","1":"product","2":"type-product","3":"status-publish","4":"has-post-thumbnail","6":"product_brand-brandp_536","7":"product_cat-cartes-meres","8":"product_cat-informatique-electronique","9":"product_cat-informatique-reseaux-et-composants","10":"product_tag-tag_1304","11":"product_tag-tag_1295","13":"first","14":"instock","15":"taxable","16":"shipping-taxable","17":"purchasable","18":"product-type-simple"},"_links":{"self":[{"href":"https:\/\/bigbuy.tupique.com\/en\/wp-json\/wp\/v2\/product\/24872","targetHints":{"allow":["GET"]}}],"collection":[{"href":"https:\/\/bigbuy.tupique.com\/en\/wp-json\/wp\/v2\/product"}],"about":[{"href":"https:\/\/bigbuy.tupique.com\/en\/wp-json\/wp\/v2\/types\/product"}],"replies":[{"embeddable":true,"href":"https:\/\/bigbuy.tupique.com\/en\/wp-json\/wp\/v2\/comments?post=24872"}],"wp:featuredmedia":[{"embeddable":true,"href":"https:\/\/bigbuy.tupique.com\/en\/wp-json\/wp\/v2\/media\/156055"}],"wp:attachment":[{"href":"https:\/\/bigbuy.tupique.com\/en\/wp-json\/wp\/v2\/media?parent=24872"}],"wp:term":[{"taxonomy":"product_brand","embeddable":true,"href":"https:\/\/bigbuy.tupique.com\/en\/wp-json\/wp\/v2\/product_brand?post=24872"},{"taxonomy":"product_cat","embeddable":true,"href":"https:\/\/bigbuy.tupique.com\/en\/wp-json\/wp\/v2\/product_cat?post=24872"},{"taxonomy":"product_tag","embeddable":true,"href":"https:\/\/bigbuy.tupique.com\/en\/wp-json\/wp\/v2\/product_tag?post=24872"}],"curies":[{"name":"wp","href":"https:\/\/api.w.org\/{rel}","templated":true}]}}