{"id":24658,"date":"2026-03-29T20:47:17","date_gmt":"2026-03-29T19:47:17","guid":{"rendered":"https:\/\/bigbuy.tupique.com\/produto\/server-hpe-p71671-425\/"},"modified":"2026-04-15T03:32:46","modified_gmt":"2026-04-15T02:32:46","slug":"server-hpe-p71671-425","status":"publish","type":"product","link":"https:\/\/bigbuy.tupique.com\/en\/produto\/server-hpe-p71671-425\/","title":{"rendered":"Serveur HPE P71671-425"},"content":{"rendered":"<p>Si vous \u00eates passionn\u00e9 d&#8217;<b>informatique et d&#8217;\u00e9lectronique<\/b>, si vous \u00eates \u00e0 la pointe de la technologie et qu&#8217;aucun d\u00e9tail ne vous \u00e9chappe, achetez <b>Serveur HPE P71671-425<\/b> au meilleur prix.<\/p>\n<p>Le <b>serveur HPE ProLiant ML350 Gen11<\/b> est un <b>serveur<\/b> robuste et polyvalent con\u00e7u pour les PME et bureaux distants n\u00e9cessitant performance et fiabilit\u00e9 \u00e0 grande \u00e9chelle. \u00c9quip\u00e9 d\u2019un <b>processeur Intel Xeon Silver 4510 12 c\u0153urs \u00e0 2,4 GHz<\/b>, ce syst\u00e8me supporte des charges de travail exigeantes et offre un traitement rapide et efficace. Il dispose de <b>64 Go de m\u00e9moire interne DDR5<\/b> r\u00e9partis en deux modules de 32 Go, assurant une large bande passante et une capacit\u00e9 suffisante pour g\u00e9rer des applications critiques, avec une vitesse allant jusqu\u2019\u00e0 5600 MT\/s. Sa capacit\u00e9 de stockage atteint <b>1,92 To<\/b> gr\u00e2ce \u00e0 deux SSD de 960 Go chacun, install\u00e9s en format <b>8SFF<\/b>, garantissant des temps d\u2019acc\u00e8s rapides et une haute disponibilit\u00e9. Il int\u00e8gre une alimentation redondante avec deux blocs de <b>1000 W<\/b> pour assurer la continuit\u00e9 en cas de panne \u00e9lectrique. Son ch\u00e2ssis tour 4U permet une installation flexible dans divers environnements, tandis que la connectivit\u00e9 est assur\u00e9e par des interfaces <b>Ethernet LAN<\/b> avec prise EU, id\u00e9ale pour les r\u00e9seaux d\u2019entreprise. Ce serveur est compatible avec les derni\u00e8res technologies, incluant le support des dispositifs NVMe EDSFF E3.S pour un stockage haute densit\u00e9 et PCIe Gen5 avec jusqu\u2019\u00e0 10 emplacements standards, offrant une bande passante \u00e9lev\u00e9e pour cartes d\u2019extension et acc\u00e9l\u00e9rateurs graphiques. Il int\u00e8gre \u00e9galement la gestion \u00e0 distance <b>HPE Integrated Lights-Out 6 (iLO 6)<\/b>, permettant de surveiller et administrer le syst\u00e8me en toute s\u00e9curit\u00e9 depuis n\u2019importe o\u00f9. Le syst\u00e8me supporte le d\u00e9marrage s\u00e9curis\u00e9 via RAID1 sur M.2 NVMe et est compatible avec les acc\u00e9l\u00e9rateurs graphiques derni\u00e8re g\u00e9n\u00e9ration, tels que NVIDIA RTX 4000 Ada, L40 48 Go, A16 64 Go et L4 24 Go, facilitant les t\u00e2ches n\u00e9cessitant un traitement graphique intensif. Il comprend une racine de confiance silicium prot\u00e9geant le firmware et garantissant la s\u00e9curit\u00e9 d\u00e8s le d\u00e9marrage. Le HPE ProLiant ML350 Gen11 offre une \u00e9volutivit\u00e9 jusqu\u2019\u00e0 128 c\u0153urs par serveur et une capacit\u00e9 m\u00e9moire DDR5 pouvant atteindre 8 To, s\u2019adaptant \u00e0 la croissance et \u00e0 la complexit\u00e9 des infrastructures IT. En r\u00e9sum\u00e9, cet \u00e9quipement repr\u00e9sente une solution solide, s\u00e9curis\u00e9e et flexible pour les infrastructures IT, la gestion des donn\u00e9es, les environnements VDI ou les applications ERP\/CRM, se positionnant comme une option fiable pour les organisations recherchant performance et \u00e9volutivit\u00e9 dans un serveur tour professionnel.<\/p>\n<ul>\n<li>Processeur: Intel Xeon Silver<\/li>\n<li>Produit \u00e0 brancher: Oui<\/li>\n<li>Type de prise: Prise EU<\/li>\n<li>Type: Serveur<\/li>\n<li>Bloc d\u2019Alimentation:\n<ul>\n<li>r\u00e9seau \u00e9lectrique<\/li>\n<li>1000 W<\/li>\n<\/ul>\n<\/li>\n<li>Connexions:\n<ul>\n<li>Ethernet LAN<\/li>\n<li>VGA D-sub<\/li>\n<\/ul>\n<\/li>\n<li>Chipset: Intel C741<\/li>\n<\/ul>","protected":false},"excerpt":{"rendered":"<p>Si vous \u00eates passionn\u00e9 d&#8217;informatique et d&#8217;\u00e9lectronique, si vous \u00eates \u00e0 la pointe de la technologie et qu&#8217;aucun d\u00e9tail ne vous \u00e9chappe, achetez Serveur HPE P71671-425 au meilleur prix. Le serveur HPE ProLiant ML350 Gen11 est un serveur robuste et polyvalent con\u00e7u pour les PME et bureaux distants n\u00e9cessitant performance et fiabilit\u00e9 \u00e0 grande \u00e9chelle. [&hellip;]<\/p>\n","protected":false},"featured_media":24653,"comment_status":"open","ping_status":"closed","template":"","meta":[],"product_brand":[644],"product_cat":[65,958,959],"product_tag":[106],"class_list":{"0":"post-24658","1":"product","2":"type-product","3":"status-publish","4":"has-post-thumbnail","6":"product_brand-brandp_662","7":"product_cat-informatique-electronique","8":"product_cat-informatique-ordinateurs","9":"product_cat-serveurs","10":"product_tag-tag_1295","12":"first","13":"instock","14":"taxable","15":"shipping-taxable","16":"purchasable","17":"product-type-simple"},"_links":{"self":[{"href":"https:\/\/bigbuy.tupique.com\/en\/wp-json\/wp\/v2\/product\/24658","targetHints":{"allow":["GET"]}}],"collection":[{"href":"https:\/\/bigbuy.tupique.com\/en\/wp-json\/wp\/v2\/product"}],"about":[{"href":"https:\/\/bigbuy.tupique.com\/en\/wp-json\/wp\/v2\/types\/product"}],"replies":[{"embeddable":true,"href":"https:\/\/bigbuy.tupique.com\/en\/wp-json\/wp\/v2\/comments?post=24658"}],"wp:featuredmedia":[{"embeddable":true,"href":"https:\/\/bigbuy.tupique.com\/en\/wp-json\/wp\/v2\/media\/24653"}],"wp:attachment":[{"href":"https:\/\/bigbuy.tupique.com\/en\/wp-json\/wp\/v2\/media?parent=24658"}],"wp:term":[{"taxonomy":"product_brand","embeddable":true,"href":"https:\/\/bigbuy.tupique.com\/en\/wp-json\/wp\/v2\/product_brand?post=24658"},{"taxonomy":"product_cat","embeddable":true,"href":"https:\/\/bigbuy.tupique.com\/en\/wp-json\/wp\/v2\/product_cat?post=24658"},{"taxonomy":"product_tag","embeddable":true,"href":"https:\/\/bigbuy.tupique.com\/en\/wp-json\/wp\/v2\/product_tag?post=24658"}],"curies":[{"name":"wp","href":"https:\/\/api.w.org\/{rel}","templated":true}]}}