{"id":24640,"date":"2026-03-29T20:46:49","date_gmt":"2026-03-29T19:46:49","guid":{"rendered":"https:\/\/bigbuy.tupique.com\/produto\/lawn-mower-bosch-36v-40-650-3\/"},"modified":"2026-04-16T16:32:23","modified_gmt":"2026-04-16T15:32:23","slug":"lawn-mower-bosch-36v-40-650-3","status":"publish","type":"product","link":"https:\/\/bigbuy.tupique.com\/en\/produto\/lawn-mower-bosch-36v-40-650-3\/","title":{"rendered":"Tondeuse \u00e0 gazon BOSCH 36V-40-650"},"content":{"rendered":"<p>Si vous aimez prendre soin de chaque d\u00e9tail de votre maison et d&#8217;\u00eatre \u00e0 la derni\u00e8re mode en mati\u00e8re de produits qui vous rendront la vie plus facile, achetez <b>Tondeuse \u00e0 gazon BOSCH 36V-40-650<\/b> au meilleur prix.<\/p>\n<p>La <b>tondeuse sans fil BOSCH mod\u00e8le 36V-40-650<\/b> est un outil efficace et polyvalent con\u00e7u pour l\u2019entretien du jardin avec le confort offert par l\u2019absence de c\u00e2bles. Sa finition en <b>couleur verte<\/b> permet une int\u00e9gration discr\u00e8te dans les espaces ext\u00e9rieurs, tandis que son syst\u00e8me d\u2019<b>alimentation par batterie lithium rechargeable<\/b>, pr\u00e9cis\u00e9ment avec <b>deux batteries lithium-ion<\/b>, offre une autonomie caract\u00e9ris\u00e9e par une puissance stable et durable, sans \u00e9missions directes ni restrictions de mouvement. Cette tondeuse se distingue par son <b>indice de r\u00e9parabilit\u00e9 \u00e9lev\u00e9 de 9,3<\/b>, refl\u00e9tant une structure modulaire et accessible pour les maintenances ou r\u00e9parations, prolongeant ainsi la dur\u00e9e de vie du produit et facilitant la conservation de ses performances dans le temps. L\u2019utilisation de batteries lithium garantit un d\u00e9marrage rapide et efficace, sans besoin d\u2019adaptateurs \u00e9lectriques ni de r\u00e9servoirs de carburant, s\u2019adaptant particuli\u00e8rement aux utilisateurs qui privil\u00e9gient la praticit\u00e9 et la r\u00e9duction du bruit pendant la tonte. La combinaison de la tension de <b>36V<\/b> avec le syst\u00e8me double batterie offre un \u00e9quilibre optimal entre performance et autonomie, adapt\u00e9 aux surfaces de taille moyenne et \u00e0 ceux qui recherchent une solution flexible et l\u00e9g\u00e8re sans sacrifier la puissance n\u00e9cessaire pour des coupes pr\u00e9cises et uniformes. En r\u00e9sum\u00e9, cette tondeuse repr\u00e9sente une alternative moderne et durable dans le catalogue BOSCH, id\u00e9ale pour les utilisateurs soucieux du confort d\u2019utilisation et de la qualit\u00e9 de l\u2019entretien du jardin.<\/p>\n<ul>\n<li>Couleur: Vert<\/li>\n<li>Bloc d\u2019Alimentation: Batterie<\/li>\n<li>Fonctionne \u00e0 piles: Oui<\/li>\n<li>Inclut:\n<ul>\n<li>Batterie<\/li>\n<li>Batterie au lithium rechargeable x 2<\/li>\n<\/ul>\n<\/li>\n<li>Piles incluses: Oui<\/li>\n<li>Type de batterie: Litio Ion<\/li>\n<\/ul>","protected":false},"excerpt":{"rendered":"<p>Si vous aimez prendre soin de chaque d\u00e9tail de votre maison et d&#8217;\u00eatre \u00e0 la derni\u00e8re mode en mati\u00e8re de produits qui vous rendront la vie plus facile, achetez Tondeuse \u00e0 gazon BOSCH 36V-40-650 au meilleur prix. La tondeuse sans fil BOSCH mod\u00e8le 36V-40-650 est un outil efficace et polyvalent con\u00e7u pour l\u2019entretien du jardin [&hellip;]<\/p>\n","protected":false},"featured_media":24632,"comment_status":"open","ping_status":"closed","template":"","meta":[],"product_brand":[162],"product_cat":[613,239],"product_tag":[59,210],"class_list":{"0":"post-24640","1":"product","2":"type-product","3":"status-publish","4":"has-post-thumbnail","6":"product_brand-brandp_959","7":"product_cat-bricolage-et-materiel","8":"product_cat-maison-jardin","9":"product_tag-tag_1304","10":"product_tag-tag_25","12":"first","13":"instock","14":"taxable","15":"shipping-taxable","16":"purchasable","17":"product-type-simple"},"_links":{"self":[{"href":"https:\/\/bigbuy.tupique.com\/en\/wp-json\/wp\/v2\/product\/24640","targetHints":{"allow":["GET"]}}],"collection":[{"href":"https:\/\/bigbuy.tupique.com\/en\/wp-json\/wp\/v2\/product"}],"about":[{"href":"https:\/\/bigbuy.tupique.com\/en\/wp-json\/wp\/v2\/types\/product"}],"replies":[{"embeddable":true,"href":"https:\/\/bigbuy.tupique.com\/en\/wp-json\/wp\/v2\/comments?post=24640"}],"wp:featuredmedia":[{"embeddable":true,"href":"https:\/\/bigbuy.tupique.com\/en\/wp-json\/wp\/v2\/media\/24632"}],"wp:attachment":[{"href":"https:\/\/bigbuy.tupique.com\/en\/wp-json\/wp\/v2\/media?parent=24640"}],"wp:term":[{"taxonomy":"product_brand","embeddable":true,"href":"https:\/\/bigbuy.tupique.com\/en\/wp-json\/wp\/v2\/product_brand?post=24640"},{"taxonomy":"product_cat","embeddable":true,"href":"https:\/\/bigbuy.tupique.com\/en\/wp-json\/wp\/v2\/product_cat?post=24640"},{"taxonomy":"product_tag","embeddable":true,"href":"https:\/\/bigbuy.tupique.com\/en\/wp-json\/wp\/v2\/product_tag?post=24640"}],"curies":[{"name":"wp","href":"https:\/\/api.w.org\/{rel}","templated":true}]}}