{"id":24600,"date":"2026-03-29T20:45:51","date_gmt":"2026-03-29T19:45:51","guid":{"rendered":"https:\/\/bigbuy.tupique.com\/produto\/hard-drive-lexar-lns100-2trb-2-tb-ssd\/"},"modified":"2026-05-11T19:59:58","modified_gmt":"2026-05-11T17:59:58","slug":"hard-drive-lexar-lns100-2trb-2-tb-ssd","status":"publish","type":"product","link":"https:\/\/bigbuy.tupique.com\/en\/produto\/hard-drive-lexar-lns100-2trb-2-tb-ssd\/","title":{"rendered":"Disque dur Lexar LNS100-2TRB 2 TB SSD"},"content":{"rendered":"<p>Si vous \u00eates passionn\u00e9 d&#8217;<b>informatique et d&#8217;\u00e9lectronique<\/b>, si vous \u00eates \u00e0 la pointe de la technologie et qu&#8217;aucun d\u00e9tail ne vous \u00e9chappe, achetez <b>Disque dur Lexar LNS100-2TRB 2 TB SSD<\/b> au meilleur prix.<\/p>\n<ul>\n<li>Taille: 2,5&#8243;<\/li>\n<li>Connexions:\n<ul>\n<li>SATA<\/li>\n<li>Sata III<\/li>\n<\/ul>\n<\/li>\n<li>vitesse: 550 MB\/s<\/li>\n<li>Disque dur:\n<ul>\n<li>2 TB SSD<\/li>\n<li>2 TB<\/li>\n<\/ul>\n<\/li>\n<li>Utilisation recommand\u00e9e: Ordinateur Portable<\/li>\n<li>Couleur: Noir<\/li>\n<li>Caract\u00e9ristiques: R\u00e9sistance aux chocs<\/li>\n<li>Connectivit\u00e9: Bluetooth<\/li>\n<li>Plage de temp\u00e9ratures de travail: 0\u00ba \/ 70\u00ba<\/li>\n<li>Compatible: PC\/Notebook<\/li>\n<\/ul>","protected":false},"excerpt":{"rendered":"<p>Si vous \u00eates passionn\u00e9 d&#8217;informatique et d&#8217;\u00e9lectronique, si vous \u00eates \u00e0 la pointe de la technologie et qu&#8217;aucun d\u00e9tail ne vous \u00e9chappe, achetez Disque dur Lexar LNS100-2TRB 2 TB SSD au meilleur prix. Taille: 2,5&#8243; Connexions: SATA Sata III vitesse: 550 MB\/s Disque dur: 2 TB SSD 2 TB Utilisation recommand\u00e9e: Ordinateur Portable Couleur: Noir [&hellip;]<\/p>\n","protected":false},"featured_media":178825,"comment_status":"open","ping_status":"closed","template":"","meta":[],"product_brand":[1166],"product_cat":[588,65,584],"product_tag":[106],"class_list":{"0":"post-24600","1":"product","2":"type-product","3":"status-publish","4":"has-post-thumbnail","6":"product_brand-brandp_2133","7":"product_cat-disques-durs","8":"product_cat-informatique-electronique","9":"product_cat-informatique-reseaux-et-composants","10":"product_tag-tag_1295","12":"first","13":"instock","14":"taxable","15":"shipping-taxable","16":"purchasable","17":"product-type-simple"},"_links":{"self":[{"href":"https:\/\/bigbuy.tupique.com\/en\/wp-json\/wp\/v2\/product\/24600","targetHints":{"allow":["GET"]}}],"collection":[{"href":"https:\/\/bigbuy.tupique.com\/en\/wp-json\/wp\/v2\/product"}],"about":[{"href":"https:\/\/bigbuy.tupique.com\/en\/wp-json\/wp\/v2\/types\/product"}],"replies":[{"embeddable":true,"href":"https:\/\/bigbuy.tupique.com\/en\/wp-json\/wp\/v2\/comments?post=24600"}],"wp:featuredmedia":[{"embeddable":true,"href":"https:\/\/bigbuy.tupique.com\/en\/wp-json\/wp\/v2\/media\/178825"}],"wp:attachment":[{"href":"https:\/\/bigbuy.tupique.com\/en\/wp-json\/wp\/v2\/media?parent=24600"}],"wp:term":[{"taxonomy":"product_brand","embeddable":true,"href":"https:\/\/bigbuy.tupique.com\/en\/wp-json\/wp\/v2\/product_brand?post=24600"},{"taxonomy":"product_cat","embeddable":true,"href":"https:\/\/bigbuy.tupique.com\/en\/wp-json\/wp\/v2\/product_cat?post=24600"},{"taxonomy":"product_tag","embeddable":true,"href":"https:\/\/bigbuy.tupique.com\/en\/wp-json\/wp\/v2\/product_tag?post=24600"}],"curies":[{"name":"wp","href":"https:\/\/api.w.org\/{rel}","templated":true}]}}