{"id":24537,"date":"2026-03-29T20:34:45","date_gmt":"2026-03-29T19:34:45","guid":{"rendered":"https:\/\/bigbuy.tupique.com\/produto\/uninterruptible-power-supply-system-interactive-ups-apc-srv3krirk-e-2700-w\/"},"modified":"2026-04-16T09:05:59","modified_gmt":"2026-04-16T08:05:59","slug":"uninterruptible-power-supply-system-interactive-ups-apc-srv3krirk-e-2700-w","status":"publish","type":"product","link":"https:\/\/bigbuy.tupique.com\/en\/produto\/uninterruptible-power-supply-system-interactive-ups-apc-srv3krirk-e-2700-w\/","title":{"rendered":"Syst\u00e8me d&#8217;Alimentation Sans Interruption Interactif APC SRV3KRIRK-E 2700 W"},"content":{"rendered":"<p>Si vous \u00eates passionn\u00e9 d&#8217;<b>informatique et d&#8217;\u00e9lectronique<\/b>, si vous \u00eates \u00e0 la pointe de la technologie et qu&#8217;aucun d\u00e9tail ne vous \u00e9chappe, achetez <b>Syst\u00e8me d&#8217;Alimentation Sans Interruption Interactif APC SRV3KRIRK-E 2700 W<\/b> au meilleur prix.<\/p>\n<p>Le <b>SAI interactif APC SRV3KRIRK-E<\/b> est un syst\u00e8me d\u2019alimentation sans coupure con\u00e7u pour offrir une protection fiable et continue aux \u00e9quipements \u00e9lectroniques et serveurs en environnements professionnels. Ce mod\u00e8le dispose d\u2019une <b>puissance de sortie de 2700 W<\/b> et d\u2019une capacit\u00e9 de <b>3 kVA<\/b>, lui permettant de supporter des charges importantes et d\u2019assurer une alimentation stable en cas de coupures ou fluctuations. Il utilise une technologie de batterie <b>VRLA (Sealed Lead Acid)<\/b> avec une tension de <b>72 V<\/b>, offrant une autonomie moyenne pour maintenir l\u2019activit\u00e9 pendant environ <b>4 heures<\/b> avec une recharge rapide. La sortie en <b>onde sinuso\u00efdale<\/b> garantit la compatibilit\u00e9 et le bon fonctionnement des appareils sensibles, tandis que le connecteur IEC 60320 et le coupleur C20 facilitent l\u2019int\u00e9gration dans les infrastructures existantes. Cet \u00e9quipement est con\u00e7u pour un montage en rack de <b>2U<\/b> de hauteur, adapt\u00e9 aux centres de donn\u00e9es et salles techniques, et respecte le degr\u00e9 de protection <b>IP20<\/b>, adapt\u00e9 aux environnements avec protection basique contre la poussi\u00e8re. Avec des dimensions de <b>438 mm de large, 632 mm de profondeur et 86 mm de hauteur<\/b>, son design compact et de couleur <b>noir<\/b> allie fonctionnalit\u00e9 et sobri\u00e9t\u00e9. Il int\u00e8gre \u00e9galement une connexion <b>USB<\/b> pour la surveillance et la gestion, et fonctionne sous une tension d\u2019entr\u00e9e de <b>110 V<\/b>. En r\u00e9sum\u00e9, le <b>APC SRV3KRIRK-E<\/b> se distingue comme une solution robuste et polyvalente pour assurer la continuit\u00e9 d\u2019activit\u00e9 dans des infrastructures critiques n\u00e9cessitant stabilit\u00e9 et s\u00e9curit\u00e9 \u00e9lectrique constantes.<\/p>\n<ul>\n<li>Type: Syst\u00e8me d&#8217;Alimentation Sans Interruption Interactif<\/li>\n<li>Produit \u00e0 brancher: Oui<\/li>\n<li>Type de prise: Prise EU<\/li>\n<li>Bloc d\u2019Alimentation: r\u00e9seau \u00e9lectrique<\/li>\n<li>Couleur: Noir<\/li>\n<li>Largeur: 438 mm<\/li>\n<li>Connexions:\n<ul>\n<li>C20 coupler<\/li>\n<li>USB<\/li>\n<\/ul>\n<\/li>\n<li>puissance: 2700 W<\/li>\n<li>Technologie: VRLA<\/li>\n<li>Puissance nominale: 3 kVA<\/li>\n<li>Niveau sonore: 50 dB<\/li>\n<li>Tension: 110 V<\/li>\n<li>Classification IP: IP20<\/li>\n<li>Temps de charge approx.: 4 heures<\/li>\n<li>Fr\u00e9quence: 50\/60 Hz<\/li>\n<li>Temp\u00e9rature approximative: -20\u00ba \/ 50\u00ba<\/li>\n<li>Tension de sortie: 230 V<\/li>\n<\/ul>","protected":false},"excerpt":{"rendered":"<p><span class=\"unit-info\">639.4950 &euro; \/ 1 unit<\/span><\/p>","protected":false},"featured_media":24532,"comment_status":"open","ping_status":"closed","template":"","meta":[],"product_brand":[649],"product_cat":[65,581,603],"product_tag":[106],"class_list":{"0":"post-24537","1":"product","2":"type-product","3":"status-publish","4":"has-post-thumbnail","6":"product_brand-brandp_532","7":"product_cat-informatique-electronique","8":"product_cat-informatique-peripheriques-et-consommables","9":"product_cat-ups","10":"product_tag-tag_1295","12":"first","13":"instock","14":"taxable","15":"shipping-taxable","16":"purchasable","17":"product-type-simple"},"_links":{"self":[{"href":"https:\/\/bigbuy.tupique.com\/en\/wp-json\/wp\/v2\/product\/24537","targetHints":{"allow":["GET"]}}],"collection":[{"href":"https:\/\/bigbuy.tupique.com\/en\/wp-json\/wp\/v2\/product"}],"about":[{"href":"https:\/\/bigbuy.tupique.com\/en\/wp-json\/wp\/v2\/types\/product"}],"replies":[{"embeddable":true,"href":"https:\/\/bigbuy.tupique.com\/en\/wp-json\/wp\/v2\/comments?post=24537"}],"wp:featuredmedia":[{"embeddable":true,"href":"https:\/\/bigbuy.tupique.com\/en\/wp-json\/wp\/v2\/media\/24532"}],"wp:attachment":[{"href":"https:\/\/bigbuy.tupique.com\/en\/wp-json\/wp\/v2\/media?parent=24537"}],"wp:term":[{"taxonomy":"product_brand","embeddable":true,"href":"https:\/\/bigbuy.tupique.com\/en\/wp-json\/wp\/v2\/product_brand?post=24537"},{"taxonomy":"product_cat","embeddable":true,"href":"https:\/\/bigbuy.tupique.com\/en\/wp-json\/wp\/v2\/product_cat?post=24537"},{"taxonomy":"product_tag","embeddable":true,"href":"https:\/\/bigbuy.tupique.com\/en\/wp-json\/wp\/v2\/product_tag?post=24537"}],"curies":[{"name":"wp","href":"https:\/\/api.w.org\/{rel}","templated":true}]}}