{"id":24507,"date":"2026-03-29T20:33:56","date_gmt":"2026-03-29T19:33:56","guid":{"rendered":"https:\/\/bigbuy.tupique.com\/produto\/router-zyxel-usgflex500h-eu0102f-usb-2-0\/"},"modified":"2026-05-11T19:59:28","modified_gmt":"2026-05-11T17:59:28","slug":"router-zyxel-usgflex500h-eu0102f-usb-2-0","status":"publish","type":"product","link":"https:\/\/bigbuy.tupique.com\/en\/produto\/router-zyxel-usgflex500h-eu0102f-usb-2-0\/","title":{"rendered":"Router ZyXEL USGFLEX500H-EU0102F USB 2.0"},"content":{"rendered":"<p>Si vous \u00eates passionn\u00e9 d&#8217;<b>informatique et d&#8217;\u00e9lectronique<\/b>, si vous \u00eates \u00e0 la pointe de la technologie et qu&#8217;aucun d\u00e9tail ne vous \u00e9chappe, achetez <b>Router ZyXEL USGFLEX500H-EU0102F USB 2.0<\/b> au meilleur prix.<\/p>\n<p>Le <b>Zyxel USGFLEX500H-EU0102F<\/b> est un <b>routeur<\/b> haute performance con\u00e7u pour des environnements n\u00e9cessitant une connexion <b>filaire<\/b> fiable et efficace. Cet appareil offre un d\u00e9bit de transfert de donn\u00e9es par c\u00e2ble allant jusqu\u2019\u00e0 <b>10\/100\/1000 Mbit\/s<\/b> gr\u00e2ce \u00e0 ses ports <b>RJ45<\/b>, id\u00e9al pour garantir une connectivit\u00e9 stable et optimale sur les r\u00e9seaux locaux. Il prend \u00e9galement en charge les connexions <b>USB 2.0<\/b>, facilitant l\u2019int\u00e9gration de p\u00e9riph\u00e9riques externes comme des supports de stockage ou des imprimantes au sein du r\u00e9seau. Son architecture de pare-feu assure une performance remarquable avec un d\u00e9bit jusqu\u2019\u00e0 <b>10 Gbit\/s<\/b>, garantissant une protection efficace contre les menaces gr\u00e2ce \u00e0 des algorithmes de s\u00e9curit\u00e9 avanc\u00e9s, notamment <b>SSL\/TLS<\/b>, essentiels pour s\u00e9curiser la transmission des donn\u00e9es. La gestion de l\u2019appareil se fait via la plateforme <b>uOS<\/b>, qui simplifie l\u2019administration et la configuration avanc\u00e9e du routeur, fonctionnalit\u00e9 particuli\u00e8rement utile en milieu professionnel ou pour les utilisateurs aux besoins techniques sp\u00e9cifiques. Le pack inclut une prise conforme \u00e0 la norme <b>EU<\/b>, assurant une utilisation directe sur les r\u00e9seaux \u00e9lectriques europ\u00e9ens sans adaptateur suppl\u00e9mentaire. En r\u00e9sum\u00e9, le Zyxel USGFLEX500H-EU0102F propose une solution robuste et s\u00e9curis\u00e9e pour les connexions r\u00e9seau filaires, adapt\u00e9e aux utilisateurs exigeant performance et protection \u00e9lev\u00e9es dans leurs installations.<\/p>\n<ul>\n<li>Produit \u00e0 brancher: Oui<\/li>\n<li>Type de prise: Prise EU<\/li>\n<li>Type:\n<ul>\n<li>Router<\/li>\n<li>Avec fil<\/li>\n<\/ul>\n<\/li>\n<li>Bloc d\u2019Alimentation:\n<ul>\n<li>r\u00e9seau \u00e9lectrique<\/li>\n<li>Avec fil<\/li>\n<\/ul>\n<\/li>\n<li>Connexions:\n<ul>\n<li>USB 2.0<\/li>\n<li>RJ45<\/li>\n<\/ul>\n<\/li>\n<li>Non Inclus: Wi-Fi<\/li>\n<\/ul>","protected":false},"excerpt":{"rendered":"<p>Si vous \u00eates passionn\u00e9 d&#8217;informatique et d&#8217;\u00e9lectronique, si vous \u00eates \u00e0 la pointe de la technologie et qu&#8217;aucun d\u00e9tail ne vous \u00e9chappe, achetez Router ZyXEL USGFLEX500H-EU0102F USB 2.0 au meilleur prix. Le Zyxel USGFLEX500H-EU0102F est un routeur haute performance con\u00e7u pour des environnements n\u00e9cessitant une connexion filaire fiable et efficace. Cet appareil offre un d\u00e9bit [&hellip;]<\/p>\n","protected":false},"featured_media":24506,"comment_status":"open","ping_status":"closed","template":"","meta":[],"product_brand":[648],"product_cat":[65,584,612],"product_tag":[106],"class_list":{"0":"post-24507","1":"product","2":"type-product","3":"status-publish","4":"has-post-thumbnail","6":"product_brand-brandp_669","7":"product_cat-informatique-electronique","8":"product_cat-informatique-reseaux-et-composants","9":"product_cat-routeurs-et-modems","10":"product_tag-tag_1295","12":"first","13":"instock","14":"taxable","15":"shipping-taxable","16":"purchasable","17":"product-type-simple"},"_links":{"self":[{"href":"https:\/\/bigbuy.tupique.com\/en\/wp-json\/wp\/v2\/product\/24507","targetHints":{"allow":["GET"]}}],"collection":[{"href":"https:\/\/bigbuy.tupique.com\/en\/wp-json\/wp\/v2\/product"}],"about":[{"href":"https:\/\/bigbuy.tupique.com\/en\/wp-json\/wp\/v2\/types\/product"}],"replies":[{"embeddable":true,"href":"https:\/\/bigbuy.tupique.com\/en\/wp-json\/wp\/v2\/comments?post=24507"}],"wp:featuredmedia":[{"embeddable":true,"href":"https:\/\/bigbuy.tupique.com\/en\/wp-json\/wp\/v2\/media\/24506"}],"wp:attachment":[{"href":"https:\/\/bigbuy.tupique.com\/en\/wp-json\/wp\/v2\/media?parent=24507"}],"wp:term":[{"taxonomy":"product_brand","embeddable":true,"href":"https:\/\/bigbuy.tupique.com\/en\/wp-json\/wp\/v2\/product_brand?post=24507"},{"taxonomy":"product_cat","embeddable":true,"href":"https:\/\/bigbuy.tupique.com\/en\/wp-json\/wp\/v2\/product_cat?post=24507"},{"taxonomy":"product_tag","embeddable":true,"href":"https:\/\/bigbuy.tupique.com\/en\/wp-json\/wp\/v2\/product_tag?post=24507"}],"curies":[{"name":"wp","href":"https:\/\/api.w.org\/{rel}","templated":true}]}}