{"id":24470,"date":"2026-03-29T20:33:00","date_gmt":"2026-03-29T19:33:00","guid":{"rendered":"https:\/\/bigbuy.tupique.com\/produto\/videocamera-logitech-960-001681\/"},"modified":"2026-04-16T06:39:49","modified_gmt":"2026-04-16T05:39:49","slug":"videocamera-logitech-960-001681","status":"publish","type":"product","link":"https:\/\/bigbuy.tupique.com\/en\/produto\/videocamera-logitech-960-001681\/","title":{"rendered":"Cam\u00e9scope Logitech 960-001681"},"content":{"rendered":"<p>Si vous \u00eates passionn\u00e9 d&#8217;<b>informatique et d&#8217;\u00e9lectronique<\/b>, si vous \u00eates \u00e0 la pointe de la technologie et qu&#8217;aucun d\u00e9tail ne vous \u00e9chappe, achetez <b>Cam\u00e9scope Logitech 960-001681<\/b> au meilleur prix.<\/p>\n<p>La <b>Logitech 960-001681<\/b> est une <b>cam\u00e9ra vid\u00e9o<\/b> professionnelle sp\u00e9cialement con\u00e7ue pour les syst\u00e8mes de visioconf\u00e9rence, offrant une <b>r\u00e9solution 4K Ultra HD<\/b> qui garantit des images nettes et un niveau de d\u00e9tail exceptionnel pour les r\u00e9unions \u00e0 distance, les pr\u00e9sentations d&#8217;entreprise ou les environnements de collaboration hybride. Ce mod\u00e8le int\u00e8gre des <b>casques<\/b> et des <b>haut-parleurs int\u00e9gr\u00e9s<\/b> ainsi qu\u2019un <b>microphone int\u00e9gr\u00e9<\/b>, fournissant une solution audio et vid\u00e9o compl\u00e8te qui assure une communication claire et sans interf\u00e9rences, sans n\u00e9cessiter d\u2019appareils suppl\u00e9mentaires. Les options de connectivit\u00e9 sont larges et polyvalentes, incluant <b>USB<\/b>, <b>RJ45<\/b> pour les r\u00e9seaux filaires et <b>HDMI x2<\/b> pour des connexions directes \u00e0 des \u00e9crans haute d\u00e9finition, permettant une installation flexible aussi bien dans de petites salles de r\u00e9union que dans de grands espaces professionnels. De plus, sa compatibilit\u00e9 avec <b>Bluetooth<\/b> et <b>Wi-Fi<\/b> permet l\u2019appairage sans fil de dispositifs et une int\u00e9gration facile dans les r\u00e9seaux existants, facilitant l\u2019acc\u00e8s et l\u2019utilisation pour tous les utilisateurs. Son design regroupe la fonctionnalit\u00e9 d\u2019un <b>syst\u00e8me de visioconf\u00e9rence<\/b> complet dans un seul appareil, simplifiant l\u2019exp\u00e9rience et garantissant des r\u00e9sultats professionnels \u00e0 chaque session. La Logitech 960-001681 constitue une solution avanc\u00e9e et robuste pour les entreprises exigeant qualit\u00e9, fiabilit\u00e9 et flexibilit\u00e9 dans leurs communications audiovisuelles.<\/p>\n<ul>\n<li>Type: Casque<\/li>\n<li>Caract\u00e9ristiques:\n<ul>\n<li>Haut-parleurs int\u00e9gr\u00e9s<\/li>\n<li>Microphone int\u00e9gr\u00e9<\/li>\n<\/ul>\n<\/li>\n<li>Connexions:\n<ul>\n<li>USB-C<\/li>\n<li>RJ45<\/li>\n<li>2<\/li>\n<li>USB-C 3.2 Gen 1 (3.1 Gen 1)<\/li>\n<li>HDMI x 2<\/li>\n<\/ul>\n<\/li>\n<li>Connectivit\u00e9:\n<ul>\n<li>Bluetooth<\/li>\n<li>Wi-Fi<\/li>\n<\/ul>\n<\/li>\n<li>R\u00e9solution: 4K Ultra HD<\/li>\n<li>Longueur du c\u00e2ble: 3 m<\/li>\n<li>R\u00e9solution (px): 3840 x 2160 px<\/li>\n<li>Bloc d\u2019Alimentation: DC<\/li>\n<li>Tension:\n<ul>\n<li>19 V<\/li>\n<li>100 &#8211; 240 V<\/li>\n<\/ul>\n<\/li>\n<li>Couleur: Acier<\/li>\n<li>Compatible: Windows 10<\/li>\n<li>Inclut: Bloc d\u2019Alimentation<\/li>\n<li>vitesse: 10\/100\/1000 Mbps<\/li>\n<li>Angle: 120\u00ba<\/li>\n<li>Plage d&#8217;humidit\u00e9 de travail: 10 % &#8211; 90 %<\/li>\n<li>Fr\u00e9quence: 100 &#8211; 240 Hz<\/li>\n<\/ul>","protected":false},"excerpt":{"rendered":"<p>Si vous \u00eates passionn\u00e9 d&#8217;informatique et d&#8217;\u00e9lectronique, si vous \u00eates \u00e0 la pointe de la technologie et qu&#8217;aucun d\u00e9tail ne vous \u00e9chappe, achetez Cam\u00e9scope Logitech 960-001681 au meilleur prix. La Logitech 960-001681 est une cam\u00e9ra vid\u00e9o professionnelle sp\u00e9cialement con\u00e7ue pour les syst\u00e8mes de visioconf\u00e9rence, offrant une r\u00e9solution 4K Ultra HD qui garantit des images nettes [&hellip;]<\/p>\n","protected":false},"featured_media":24469,"comment_status":"open","ping_status":"closed","template":"","meta":[],"product_brand":[647],"product_cat":[606,600,65],"product_tag":[571],"class_list":{"0":"post-24470","1":"product","2":"type-product","3":"status-publish","4":"has-post-thumbnail","6":"product_brand-brandp_561","7":"product_cat-camescopes","8":"product_cat-electronique-photo-et-video","9":"product_cat-informatique-electronique","10":"product_tag-tag_27","12":"first","13":"instock","14":"taxable","15":"shipping-taxable","16":"purchasable","17":"product-type-simple"},"_links":{"self":[{"href":"https:\/\/bigbuy.tupique.com\/en\/wp-json\/wp\/v2\/product\/24470","targetHints":{"allow":["GET"]}}],"collection":[{"href":"https:\/\/bigbuy.tupique.com\/en\/wp-json\/wp\/v2\/product"}],"about":[{"href":"https:\/\/bigbuy.tupique.com\/en\/wp-json\/wp\/v2\/types\/product"}],"replies":[{"embeddable":true,"href":"https:\/\/bigbuy.tupique.com\/en\/wp-json\/wp\/v2\/comments?post=24470"}],"wp:featuredmedia":[{"embeddable":true,"href":"https:\/\/bigbuy.tupique.com\/en\/wp-json\/wp\/v2\/media\/24469"}],"wp:attachment":[{"href":"https:\/\/bigbuy.tupique.com\/en\/wp-json\/wp\/v2\/media?parent=24470"}],"wp:term":[{"taxonomy":"product_brand","embeddable":true,"href":"https:\/\/bigbuy.tupique.com\/en\/wp-json\/wp\/v2\/product_brand?post=24470"},{"taxonomy":"product_cat","embeddable":true,"href":"https:\/\/bigbuy.tupique.com\/en\/wp-json\/wp\/v2\/product_cat?post=24470"},{"taxonomy":"product_tag","embeddable":true,"href":"https:\/\/bigbuy.tupique.com\/en\/wp-json\/wp\/v2\/product_tag?post=24470"}],"curies":[{"name":"wp","href":"https:\/\/api.w.org\/{rel}","templated":true}]}}