{"id":24381,"date":"2026-03-29T20:30:42","date_gmt":"2026-03-29T19:30:42","guid":{"rendered":"https:\/\/bigbuy.tupique.com\/produto\/cabinet-switch-d-link-dxs-1210-12tc-e-8x10-g\/"},"modified":"2026-04-15T03:32:24","modified_gmt":"2026-04-15T02:32:24","slug":"cabinet-switch-d-link-dxs-1210-12tc-e-8x10-g","status":"publish","type":"product","link":"https:\/\/bigbuy.tupique.com\/en\/produto\/cabinet-switch-d-link-dxs-1210-12tc-e-8x10-g\/","title":{"rendered":"Commutateur R\u00e9seau Armoire D-Link DXS-1210-12TC\/E 8&#215;10 G"},"content":{"rendered":"<p>Si vous \u00eates passionn\u00e9 d&#8217;<b>informatique et d&#8217;\u00e9lectronique<\/b>, si vous \u00eates \u00e0 la pointe de la technologie et qu&#8217;aucun d\u00e9tail ne vous \u00e9chappe, achetez <b>Commutateur R\u00e9seau Armoire D-Link DXS-1210-12TC\/E 8&#215;10 G<\/b> au meilleur prix.<\/p>\n<p>Le <b>switch d\u2019armoire D-Link DXS-1210-12TC\/E<\/b> est un appareil <b>manageable<\/b> de <b>couche 2<\/b> con\u00e7u pour les environnements professionnels n\u00e9cessitant une grande capacit\u00e9 de commutation et une connectivit\u00e9 flexible. Il dispose de <b>10 ports RJ-45 10G Ethernet<\/b> supportant des vitesses de <b>100\/1000\/10000 Mbps<\/b>, compl\u00e9t\u00e9s par des connexions <b>SFP+<\/b> pour des liaisons fibre optique ou des connexions r\u00e9seau haut d\u00e9bit, facilitant ainsi une int\u00e9gration efficace dans des infrastructures cuivre et fibre. Ce mod\u00e8le offre une capacit\u00e9 de commutation \u00e9lev\u00e9e de <b>240 Gbit\/s<\/b> et une table d\u2019adresses MAC pouvant contenir <b>16 000 entr\u00e9es<\/b>, garantissant une gestion adapt\u00e9e du trafic et des multi-connections dans des r\u00e9seaux d\u2019entreprise exigeants. Il est compatible avec des normes r\u00e9seau largement utilis\u00e9es telles que <b>IEEE 802.3ab<\/b>, <b>802.3ae<\/b>, <b>802.3an<\/b>, <b>802.3az<\/b>, <b>802.3u<\/b> et <b>802.3z<\/b>, assurant interop\u00e9rabilit\u00e9 et efficacit\u00e9 \u00e9nerg\u00e9tique. Son format est un <b>1U pour montage en rack<\/b>, permettant une installation simple dans des armoires r\u00e9seau standards, et son design associe des finitions <b>noir et argent\u00e9<\/b>, alliant robustesse et esth\u00e9tique professionnelle. Aliment\u00e9 par une <b>entr\u00e9e courant continu<\/b>, l\u2019appareil consomme environ <b>90,81 W<\/b>, \u00e9quilibrant performance et efficacit\u00e9. Gr\u00e2ce \u00e0 sa structure et ses caract\u00e9ristiques, il s\u2019adapte parfaitement aux infrastructures IT modernes qui exigent performance, fiabilit\u00e9 et \u00e9volutivit\u00e9 dans la gestion du trafic de donn\u00e9es. Ce switch repr\u00e9sente une solution polyvalente et solide pour les r\u00e9seaux d\u2019entreprise n\u00e9cessitant une haute capacit\u00e9 de transfert et une connectivit\u00e9 avanc\u00e9e.<\/p>\n<ul>\n<li>SFP+: 4<\/li>\n<li>consommation d&#8217;\u00e9nergie: 90,81 W<\/li>\n<li>Connectivit\u00e9: Spf<\/li>\n<li>Tension:\n<ul>\n<li>100-240 V<\/li>\n<li>100 &#8211; 240 V<\/li>\n<\/ul>\n<\/li>\n<li>Produit \u00e0 brancher: Oui<\/li>\n<li>Type de prise: Prise EU<\/li>\n<li>Bloc d\u2019Alimentation: r\u00e9seau \u00e9lectrique<\/li>\n<li>Couleur:\n<ul>\n<li>Noir<\/li>\n<li>Argent\u00e9<\/li>\n<\/ul>\n<\/li>\n<li>Connexions:\n<ul>\n<li>RJ45<\/li>\n<li>SFP+<\/li>\n<\/ul>\n<\/li>\n<li>N\u00b0 de rainures: 2<\/li>\n<li>Ecran: 6,5&#8243;<\/li>\n<li>Caract\u00e9ristiques: T\u00e9moin de fonctionnement LED<\/li>\n<li>Facteur de forme: 1U<\/li>\n<li>Temp\u00e9rature approximative: -40\u00ba \/ 70\u00ba<\/li>\n<li>Certificat: Certification ENERGY STAR<\/li>\n<li>S\u00e9curit\u00e9: IGMP<\/li>\n<\/ul>","protected":false},"excerpt":{"rendered":"<p>Si vous \u00eates passionn\u00e9 d&#8217;informatique et d&#8217;\u00e9lectronique, si vous \u00eates \u00e0 la pointe de la technologie et qu&#8217;aucun d\u00e9tail ne vous \u00e9chappe, achetez Commutateur R\u00e9seau Armoire D-Link DXS-1210-12TC\/E 8&#215;10 G au meilleur prix. Le switch d\u2019armoire D-Link DXS-1210-12TC\/E est un appareil manageable de couche 2 con\u00e7u pour les environnements professionnels n\u00e9cessitant une grande capacit\u00e9 de [&hellip;]<\/p>\n","protected":false},"featured_media":24378,"comment_status":"open","ping_status":"closed","template":"","meta":[],"product_brand":[640],"product_cat":[65,584,585],"product_tag":[106],"class_list":{"0":"post-24381","1":"product","2":"type-product","3":"status-publish","4":"has-post-thumbnail","6":"product_brand-brandp_543","7":"product_cat-informatique-electronique","8":"product_cat-informatique-reseaux-et-composants","9":"product_cat-switch","10":"product_tag-tag_1295","12":"first","13":"instock","14":"taxable","15":"shipping-taxable","16":"purchasable","17":"product-type-simple"},"_links":{"self":[{"href":"https:\/\/bigbuy.tupique.com\/en\/wp-json\/wp\/v2\/product\/24381","targetHints":{"allow":["GET"]}}],"collection":[{"href":"https:\/\/bigbuy.tupique.com\/en\/wp-json\/wp\/v2\/product"}],"about":[{"href":"https:\/\/bigbuy.tupique.com\/en\/wp-json\/wp\/v2\/types\/product"}],"replies":[{"embeddable":true,"href":"https:\/\/bigbuy.tupique.com\/en\/wp-json\/wp\/v2\/comments?post=24381"}],"wp:featuredmedia":[{"embeddable":true,"href":"https:\/\/bigbuy.tupique.com\/en\/wp-json\/wp\/v2\/media\/24378"}],"wp:attachment":[{"href":"https:\/\/bigbuy.tupique.com\/en\/wp-json\/wp\/v2\/media?parent=24381"}],"wp:term":[{"taxonomy":"product_brand","embeddable":true,"href":"https:\/\/bigbuy.tupique.com\/en\/wp-json\/wp\/v2\/product_brand?post=24381"},{"taxonomy":"product_cat","embeddable":true,"href":"https:\/\/bigbuy.tupique.com\/en\/wp-json\/wp\/v2\/product_cat?post=24381"},{"taxonomy":"product_tag","embeddable":true,"href":"https:\/\/bigbuy.tupique.com\/en\/wp-json\/wp\/v2\/product_tag?post=24381"}],"curies":[{"name":"wp","href":"https:\/\/api.w.org\/{rel}","templated":true}]}}