{"id":24309,"date":"2026-03-29T20:28:53","date_gmt":"2026-03-29T19:28:53","guid":{"rendered":"https:\/\/bigbuy.tupique.com\/produto\/tablet-cover-logitech-920-012614-grey-spanish-qwerty\/"},"modified":"2026-05-11T20:00:00","modified_gmt":"2026-05-11T18:00:00","slug":"tablet-cover-logitech-920-012614-grey-spanish-qwerty","status":"publish","type":"product","link":"https:\/\/bigbuy.tupique.com\/en\/produto\/tablet-cover-logitech-920-012614-grey-spanish-qwerty\/","title":{"rendered":"Housse pour Tablette Logitech 920-012614 Gris Espagnol Qwerty"},"content":{"rendered":"<p>Si vous \u00eates passionn\u00e9 d&#8217;<b>informatique et d&#8217;\u00e9lectronique<\/b>, si vous \u00eates \u00e0 la pointe de la technologie et qu&#8217;aucun d\u00e9tail ne vous \u00e9chappe, achetez <b>Housse pour Tablette Logitech 920-012614 Gris Espagnol Qwerty<\/b> au meilleur prix.<\/p>\n<ul>\n<li>Type: Housse pour Tablette<\/li>\n<li>Couleur: Gris<\/li>\n<li>Connexions:\n<ul>\n<li>Couplage<\/li>\n<li>Dock<\/li>\n<\/ul>\n<\/li>\n<li>Langue: Espagnol<\/li>\n<li>Clavier:\n<ul>\n<li>QWERTY<\/li>\n<li>Espagnol Qwerty<\/li>\n<\/ul>\n<\/li>\n<li>Caract\u00e9ristiques:\n<ul>\n<li>R\u00e9tro-\u00e9clair\u00e9<\/li>\n<li>Touches multim\u00e9dia<\/li>\n<\/ul>\n<\/li>\n<li>Ecran: 13&#8243;<\/li>\n<li>Non inclut: Clavier num\u00e9rique<\/li>\n<li>Inclut: Manuel de l&#8217;utilisateur<\/li>\n<li>Compatible: iPadOS<\/li>\n<\/ul>","protected":false},"excerpt":{"rendered":"<p>Si vous \u00eates passionn\u00e9 d&#8217;informatique et d&#8217;\u00e9lectronique, si vous \u00eates \u00e0 la pointe de la technologie et qu&#8217;aucun d\u00e9tail ne vous \u00e9chappe, achetez Housse pour Tablette Logitech 920-012614 Gris Espagnol Qwerty au meilleur prix. Type: Housse pour Tablette Couleur: Gris Connexions: Couplage Dock Langue: Espagnol Clavier: QWERTY Espagnol Qwerty Caract\u00e9ristiques: R\u00e9tro-\u00e9clair\u00e9 Touches multim\u00e9dia Ecran: 13&#8243; [&hellip;]<\/p>\n","protected":false},"featured_media":24301,"comment_status":"open","ping_status":"closed","template":"","meta":[],"product_brand":[647],"product_cat":[729,65,581],"product_tag":[213,106],"class_list":{"0":"post-24309","1":"product","2":"type-product","3":"status-publish","4":"has-post-thumbnail","6":"product_brand-brandp_561","7":"product_cat-claviers","8":"product_cat-informatique-electronique","9":"product_cat-informatique-peripheriques-et-consommables","10":"product_tag-tag_933","11":"product_tag-tag_1295","13":"first","14":"instock","15":"taxable","16":"shipping-taxable","17":"purchasable","18":"product-type-simple"},"_links":{"self":[{"href":"https:\/\/bigbuy.tupique.com\/en\/wp-json\/wp\/v2\/product\/24309","targetHints":{"allow":["GET"]}}],"collection":[{"href":"https:\/\/bigbuy.tupique.com\/en\/wp-json\/wp\/v2\/product"}],"about":[{"href":"https:\/\/bigbuy.tupique.com\/en\/wp-json\/wp\/v2\/types\/product"}],"replies":[{"embeddable":true,"href":"https:\/\/bigbuy.tupique.com\/en\/wp-json\/wp\/v2\/comments?post=24309"}],"wp:featuredmedia":[{"embeddable":true,"href":"https:\/\/bigbuy.tupique.com\/en\/wp-json\/wp\/v2\/media\/24301"}],"wp:attachment":[{"href":"https:\/\/bigbuy.tupique.com\/en\/wp-json\/wp\/v2\/media?parent=24309"}],"wp:term":[{"taxonomy":"product_brand","embeddable":true,"href":"https:\/\/bigbuy.tupique.com\/en\/wp-json\/wp\/v2\/product_brand?post=24309"},{"taxonomy":"product_cat","embeddable":true,"href":"https:\/\/bigbuy.tupique.com\/en\/wp-json\/wp\/v2\/product_cat?post=24309"},{"taxonomy":"product_tag","embeddable":true,"href":"https:\/\/bigbuy.tupique.com\/en\/wp-json\/wp\/v2\/product_tag?post=24309"}],"curies":[{"name":"wp","href":"https:\/\/api.w.org\/{rel}","templated":true}]}}