{"id":24271,"date":"2026-03-29T20:17:19","date_gmt":"2026-03-29T19:17:19","guid":{"rendered":"https:\/\/bigbuy.tupique.com\/produto\/headphones-poly-8d3f7aaabb\/"},"modified":"2026-04-16T09:11:53","modified_gmt":"2026-04-16T08:11:53","slug":"headphones-poly-8d3f7aaabb","status":"publish","type":"product","link":"https:\/\/bigbuy.tupique.com\/en\/produto\/headphones-poly-8d3f7aaabb\/","title":{"rendered":"Casque Poly 8D3F7AA#ABB"},"content":{"rendered":"<p>Si vous \u00eates passionn\u00e9 d&#8217;<b>informatique et d&#8217;\u00e9lectronique<\/b>, si vous \u00eates \u00e0 la pointe de la technologie et qu&#8217;aucun d\u00e9tail ne vous \u00e9chappe, achetez <b>Casque Poly 8D3F7AA#ABB<\/b> au meilleur prix.<\/p>\n<p>Le <b>Poly Savi 7320 Office<\/b> est un <b>casque sans fil<\/b> avanc\u00e9 con\u00e7u pour les environnements professionnels n\u00e9cessitant des communications s\u00e9curis\u00e9es et de haute qualit\u00e9. Cet appareil utilise la technologie DECT\u00ae sur la bande 1880-1900 MHz pour offrir une connexion stable et une large <b>port\u00e9e sans fil allant jusqu\u2019\u00e0 180 m\u00e8tres<\/b>, facilitant la mobilit\u00e9 sans perte de qualit\u00e9 sonore. Son <b>design noir<\/b> est compl\u00e9t\u00e9 par des \u00e9l\u00e9ments confortables pour un usage prolong\u00e9, avec un poids l\u00e9ger de <b>160 grammes<\/b>. \u00c9quip\u00e9 d\u2019une connexion USB-C, il assure une compatibilit\u00e9 moderne et une charge efficace. De plus, il int\u00e8gre une technologie efficace de <b>r\u00e9duction du bruit<\/b> qui diminue les bruits ambiants pour des conversations claires et priv\u00e9es, id\u00e9al pour les secteurs sensibles tels que la finance, la sant\u00e9, le gouvernement ou les centres d\u2019appels. Sa r\u00e9ponse en fr\u00e9quence du casque, comprise entre <b>20 et 20 000 Hz<\/b>, garantit un son st\u00e9r\u00e9o net pour les appels comme pour la musique. En r\u00e9sum\u00e9, le Poly Savi 7320 Office repr\u00e9sente une solution technologique robuste, pens\u00e9e pour les professionnels qui valorisent la <b>confidentialit\u00e9 et la qualit\u00e9 sonore<\/b> dans leurs communications quotidiennes.<\/p>","protected":false},"excerpt":{"rendered":"<p>Si vous \u00eates passionn\u00e9 d&#8217;informatique et d&#8217;\u00e9lectronique, si vous \u00eates \u00e0 la pointe de la technologie et qu&#8217;aucun d\u00e9tail ne vous \u00e9chappe, achetez Casque Poly 8D3F7AA#ABB au meilleur prix. Le Poly Savi 7320 Office est un casque sans fil avanc\u00e9 con\u00e7u pour les environnements professionnels n\u00e9cessitant des communications s\u00e9curis\u00e9es et de haute qualit\u00e9. Cet appareil [&hellip;]<\/p>\n","protected":false},"featured_media":24270,"comment_status":"open","ping_status":"closed","template":"","meta":[],"product_brand":[1002],"product_cat":[65,581,594],"product_tag":[213,566,106],"class_list":{"0":"post-24271","1":"product","2":"type-product","3":"status-publish","4":"has-post-thumbnail","6":"product_brand-brandp_4768","7":"product_cat-informatique-electronique","8":"product_cat-informatique-peripheriques-et-consommables","9":"product_cat-micros-et-ecouteurs","10":"product_tag-tag_933","11":"product_tag-tag_547","12":"product_tag-tag_1295","14":"first","15":"instock","16":"taxable","17":"shipping-taxable","18":"purchasable","19":"product-type-simple"},"_links":{"self":[{"href":"https:\/\/bigbuy.tupique.com\/en\/wp-json\/wp\/v2\/product\/24271","targetHints":{"allow":["GET"]}}],"collection":[{"href":"https:\/\/bigbuy.tupique.com\/en\/wp-json\/wp\/v2\/product"}],"about":[{"href":"https:\/\/bigbuy.tupique.com\/en\/wp-json\/wp\/v2\/types\/product"}],"replies":[{"embeddable":true,"href":"https:\/\/bigbuy.tupique.com\/en\/wp-json\/wp\/v2\/comments?post=24271"}],"wp:featuredmedia":[{"embeddable":true,"href":"https:\/\/bigbuy.tupique.com\/en\/wp-json\/wp\/v2\/media\/24270"}],"wp:attachment":[{"href":"https:\/\/bigbuy.tupique.com\/en\/wp-json\/wp\/v2\/media?parent=24271"}],"wp:term":[{"taxonomy":"product_brand","embeddable":true,"href":"https:\/\/bigbuy.tupique.com\/en\/wp-json\/wp\/v2\/product_brand?post=24271"},{"taxonomy":"product_cat","embeddable":true,"href":"https:\/\/bigbuy.tupique.com\/en\/wp-json\/wp\/v2\/product_cat?post=24271"},{"taxonomy":"product_tag","embeddable":true,"href":"https:\/\/bigbuy.tupique.com\/en\/wp-json\/wp\/v2\/product_tag?post=24271"}],"curies":[{"name":"wp","href":"https:\/\/api.w.org\/{rel}","templated":true}]}}