{"id":24180,"date":"2026-03-29T20:15:08","date_gmt":"2026-03-29T19:15:08","guid":{"rendered":"https:\/\/bigbuy.tupique.com\/produto\/switch-netgear-xs516tm-100eus\/"},"modified":"2026-04-15T03:32:00","modified_gmt":"2026-04-15T02:32:00","slug":"switch-netgear-xs516tm-100eus","status":"publish","type":"product","link":"https:\/\/bigbuy.tupique.com\/en\/produto\/switch-netgear-xs516tm-100eus\/","title":{"rendered":"Switch Netgear XS516TM-100EUS"},"content":{"rendered":"<p>Si vous \u00eates passionn\u00e9 d&#8217;<b>informatique et d&#8217;\u00e9lectronique<\/b>, si vous \u00eates \u00e0 la pointe de la technologie et qu&#8217;aucun d\u00e9tail ne vous \u00e9chappe, achetez <b>Switch Netgear XS516TM-100EUS<\/b> au meilleur prix.<\/p>\n<p>Le <b>switch XS516TM-100EUS<\/b> de <b>Netgear<\/b> est un \u00e9quipement r\u00e9seau professionnel con\u00e7u pour les environnements d\u2019entreprise n\u00e9cessitant une gestion avanc\u00e9e et des performances robustes. Ce <b>switch manageable<\/b> fonctionne aux couches <b>L2, L3 et L4<\/b>, permettant non seulement la commutation de base mais aussi des fonctions avanc\u00e9es de routage et de filtrage du trafic, id\u00e9ales pour optimiser des r\u00e9seaux complexes. Il dispose d\u2019une <b>table d\u2019adresses MAC pouvant contenir 16 000 entr\u00e9es<\/b>, favorisant une gestion efficace des appareils connect\u00e9s et facilitant la segmentation du trafic pour am\u00e9liorer la s\u00e9curit\u00e9 et les performances. Son design compact de <b>330 mm<\/b> de largeur et sa finition <b>gris<\/b> assurent une int\u00e9gration harmonieuse dans des racks ou des environnements de bureau, tandis que son alimentation par <b>prise europ\u00e9enne<\/b> garantit la compatibilit\u00e9 sur les march\u00e9s locaux. Ce switch est con\u00e7u pour offrir une connectivit\u00e9 stable et fiable, capable de supporter des r\u00e9seaux exigeant haute vitesse et gestion d\u00e9taill\u00e9e, \u00e9l\u00e9ments essentiels pour les infrastructures informatiques modernes n\u00e9cessitant un contr\u00f4le granulaire du trafic et de la configuration. L\u2019association de caract\u00e9ristiques techniques avanc\u00e9es et de sa construction solide en fait une option adapt\u00e9e aux entreprises souhaitant optimiser leur infrastructure r\u00e9seau avec un appareil durable et polyvalent.<\/p>\n<ul>\n<li>Produit \u00e0 brancher: Oui<\/li>\n<li>Type de prise: Prise EU<\/li>\n<li>Type: Switch<\/li>\n<li>Bloc d\u2019Alimentation: r\u00e9seau \u00e9lectrique<\/li>\n<li>Couleur: Gris<\/li>\n<\/ul>","protected":false},"excerpt":{"rendered":"<p>Si vous \u00eates passionn\u00e9 d&#8217;informatique et d&#8217;\u00e9lectronique, si vous \u00eates \u00e0 la pointe de la technologie et qu&#8217;aucun d\u00e9tail ne vous \u00e9chappe, achetez Switch Netgear XS516TM-100EUS au meilleur prix. Le switch XS516TM-100EUS de Netgear est un \u00e9quipement r\u00e9seau professionnel con\u00e7u pour les environnements d\u2019entreprise n\u00e9cessitant une gestion avanc\u00e9e et des performances robustes. Ce switch manageable [&hellip;]<\/p>\n","protected":false},"featured_media":24175,"comment_status":"open","ping_status":"closed","template":"","meta":[],"product_brand":[633],"product_cat":[65,584,585],"product_tag":[106],"class_list":{"0":"post-24180","1":"product","2":"type-product","3":"status-publish","4":"has-post-thumbnail","6":"product_brand-brandp_567","7":"product_cat-informatique-electronique","8":"product_cat-informatique-reseaux-et-composants","9":"product_cat-switch","10":"product_tag-tag_1295","12":"first","13":"instock","14":"taxable","15":"shipping-taxable","16":"purchasable","17":"product-type-simple"},"_links":{"self":[{"href":"https:\/\/bigbuy.tupique.com\/en\/wp-json\/wp\/v2\/product\/24180","targetHints":{"allow":["GET"]}}],"collection":[{"href":"https:\/\/bigbuy.tupique.com\/en\/wp-json\/wp\/v2\/product"}],"about":[{"href":"https:\/\/bigbuy.tupique.com\/en\/wp-json\/wp\/v2\/types\/product"}],"replies":[{"embeddable":true,"href":"https:\/\/bigbuy.tupique.com\/en\/wp-json\/wp\/v2\/comments?post=24180"}],"wp:featuredmedia":[{"embeddable":true,"href":"https:\/\/bigbuy.tupique.com\/en\/wp-json\/wp\/v2\/media\/24175"}],"wp:attachment":[{"href":"https:\/\/bigbuy.tupique.com\/en\/wp-json\/wp\/v2\/media?parent=24180"}],"wp:term":[{"taxonomy":"product_brand","embeddable":true,"href":"https:\/\/bigbuy.tupique.com\/en\/wp-json\/wp\/v2\/product_brand?post=24180"},{"taxonomy":"product_cat","embeddable":true,"href":"https:\/\/bigbuy.tupique.com\/en\/wp-json\/wp\/v2\/product_cat?post=24180"},{"taxonomy":"product_tag","embeddable":true,"href":"https:\/\/bigbuy.tupique.com\/en\/wp-json\/wp\/v2\/product_tag?post=24180"}],"curies":[{"name":"wp","href":"https:\/\/api.w.org\/{rel}","templated":true}]}}